{"id":14352,"date":"2024-08-07T09:39:00","date_gmt":"2024-08-07T07:39:00","guid":{"rendered":"https:\/\/sunelements.de\/?post_type=product&#038;p=14352"},"modified":"2024-08-19T09:55:56","modified_gmt":"2024-08-19T07:55:56","slug":"pv-pakket-kopie","status":"publish","type":"product","link":"https:\/\/sunelements.de\/nl\/shop\/pv-pakket-kopie\/","title":{"rendered":"Muurpliss\u00e9gordijn"},"content":{"rendered":"<h2><strong>Wandpliss\u00e9gordijn &#8211; Ontdek het nieuwe hoogwaardige pliss\u00e9gordijn voor uw SunGarden<\/strong><\/h2>\n<p>  De speciale zonwering en privacybescherming voor je woonkamer in de tuin. Perfecte harmonie van functie en stijl.  &nbsp;<\/p>\n<ul>\n<li>Hoogwaardig materiaal: Eersteklas geplooide stof in elegant lichtgrijs.<\/li>\n<li>Robuuste constructie: Speciaal vervaardigde roestvrijstalen beugels voor wandmontage in uw SunGarden.<\/li>\n<li>Onderhoudsvriendelijk: Wasbaar op 30\u00b0 voor ongecompliceerde reiniging.<\/li>\n<li>Vochtbestendig: Ideaal voor gebruik in vochtige omgevingen.<\/li>\n<li>Breedte x hoogte: 95 x 199 cm<\/li>\n<\/ul>\n<p>&nbsp;  Ervaar de ultieme zon- en privacybescherming Onze nieuwe pliss\u00e9gordijnen zorgen niet alleen voor een aangename sfeer in uw SunGarden, maar beschermen ook uw privacy en vormen een stijlvolle aanvulling op uw woonkamer in de tuin. Kwaliteit en functionaliteit worden gecombineerd in een product dat precies is afgestemd op jouw behoeften.  &nbsp;<\/p>\n<p><strong>Ontdek het nu en verfraai uw SunGarden<\/strong><\/p>\n","protected":false},"excerpt":{"rendered":"<p>Ervaar de ultieme bescherming tegen zon en privacy<\/p>\n","protected":false},"featured_media":14405,"template":"","meta":{"site-sidebar-layout":"default","site-content-layout":"default","ast-site-content-layout":"default","site-content-style":"default","site-sidebar-style":"default","ast-global-header-display":"","ast-banner-title-visibility":"","ast-main-header-display":"","ast-hfb-above-header-display":"","ast-hfb-below-header-display":"","ast-hfb-mobile-header-display":"","site-post-title":"","ast-breadcrumbs-content":"","ast-featured-img":"","footer-sml-layout":"","ast-disable-related-posts":"","theme-transparent-header-meta":"default","adv-header-id-meta":"","stick-header-meta":"default","header-above-stick-meta":"","header-main-stick-meta":"","header-below-stick-meta":"","astra-migrate-meta-layouts":"set","ast-page-background-enabled":"default","ast-page-background-meta":{"desktop":{"background-color":"var(--ast-global-color-4)","background-image":"","background-repeat":"repeat","background-position":"center center","background-size":"auto","background-attachment":"scroll","background-type":"","background-media":"","overlay-type":"","overlay-color":"","overlay-opacity":"","overlay-gradient":""},"tablet":{"background-color":"","background-image":"","background-repeat":"repeat","background-position":"center center","background-size":"auto","background-attachment":"scroll","background-type":"","background-media":"","overlay-type":"","overlay-color":"","overlay-opacity":"","overlay-gradient":""},"mobile":{"background-color":"","background-image":"","background-repeat":"repeat","background-position":"center center","background-size":"auto","background-attachment":"scroll","background-type":"","background-media":"","overlay-type":"","overlay-color":"","overlay-opacity":"","overlay-gradient":""}},"ast-content-background-meta":{"desktop":{"background-color":"var(--ast-global-color-5)","background-image":"","background-repeat":"repeat","background-position":"center center","background-size":"auto","background-attachment":"scroll","background-type":"","background-media":"","overlay-type":"","overlay-color":"","overlay-opacity":"","overlay-gradient":""},"tablet":{"background-color":"var(--ast-global-color-5)","background-image":"","background-repeat":"repeat","background-position":"center center","background-size":"auto","background-attachment":"scroll","background-type":"","background-media":"","overlay-type":"","overlay-color":"","overlay-opacity":"","overlay-gradient":""},"mobile":{"background-color":"var(--ast-global-color-5)","background-image":"","background-repeat":"repeat","background-position":"center center","background-size":"auto","background-attachment":"scroll","background-type":"","background-media":"","overlay-type":"","overlay-color":"","overlay-opacity":"","overlay-gradient":""}},"_themeisle_gutenberg_block_has_review":false},"product_brand":[],"product_cat":[91],"product_tag":[],"class_list":{"0":"post-14352","1":"product","2":"type-product","3":"status-publish","4":"has-post-thumbnail","6":"product_cat-accessoires","7":"desktop-align-center","8":"tablet-align-left","9":"mobile-align-left","10":"ast-product-gallery-layout-horizontal-slider","11":"ast-product-tabs-layout-accordion","12":"tm-has-options","14":"first","15":"instock","16":"taxable","17":"shipping-taxable","18":"purchasable","19":"product-type-simple"},"_links":{"self":[{"href":"https:\/\/sunelements.de\/nl\/wp-json\/wp\/v2\/product\/14352","targetHints":{"allow":["GET"]}}],"collection":[{"href":"https:\/\/sunelements.de\/nl\/wp-json\/wp\/v2\/product"}],"about":[{"href":"https:\/\/sunelements.de\/nl\/wp-json\/wp\/v2\/types\/product"}],"wp:featuredmedia":[{"embeddable":true,"href":"https:\/\/sunelements.de\/nl\/wp-json\/wp\/v2\/media\/14405"}],"wp:attachment":[{"href":"https:\/\/sunelements.de\/nl\/wp-json\/wp\/v2\/media?parent=14352"}],"wp:term":[{"taxonomy":"product_brand","embeddable":true,"href":"https:\/\/sunelements.de\/nl\/wp-json\/wp\/v2\/product_brand?post=14352"},{"taxonomy":"product_cat","embeddable":true,"href":"https:\/\/sunelements.de\/nl\/wp-json\/wp\/v2\/product_cat?post=14352"},{"taxonomy":"product_tag","embeddable":true,"href":"https:\/\/sunelements.de\/nl\/wp-json\/wp\/v2\/product_tag?post=14352"}],"curies":[{"name":"wp","href":"https:\/\/api.w.org\/{rel}","templated":true}]}}