{"id":13525,"date":"2024-02-21T12:05:52","date_gmt":"2024-02-21T11:05:52","guid":{"rendered":"https:\/\/sunelements.de\/shop\/sungarden-vermogen\/"},"modified":"2025-10-20T17:40:15","modified_gmt":"2025-10-20T15:40:15","slug":"sungarden-vermogen","status":"publish","type":"product","link":"https:\/\/sunelements.de\/nl\/shop\/sungarden-vermogen\/","title":{"rendered":"SunGarden <b>Power<\/b> zonne-energie kas"},"content":{"rendered":"<div class=\"elementor-widget-container\"><img decoding=\"async\" class=\"alignright\" title=\"PV400Wp zomertuin\" src=\"https:\/\/sunelements.de\/wp-content\/uploads\/2024\/03\/PV400Wp-Sommergarten.png\" alt=\"Fotovolta\u00efsche module van dubbel glas 400Wp zomertuin\"><\/div>\n<p>De <strong>SunGarden Power<\/strong> combineert ultramoderne <strong>fotovolta\u00efsche technologie<\/strong> met een stijlvol ontwerp. Met <strong>400 Wp fotovolta\u00efsche modules<\/strong> op het dak biedt het een bijzonder hoge energieopwekking en tegelijkertijd een aangename schaduw binnenin. <\/p>\n<p> <strong><img decoding=\"async\" class=\"size-full wp-image-8569\" src=\"https:\/\/sunelements.de\/wp-content\/uploads\/2023\/11\/SunElements-at-Logo-Icon-orange.png\" alt=\"SunElements-at-Logo-Icon-oranje\" width=\"40\" height=\"34\"> Duurzame stroomopwekking en comfort<br \/>\n<\/strong>De getinte acrylglaswanden en de ge\u00efntegreerde 400 Wp fotovolta\u00efsche modules op het dak cre\u00ebren een aangename sfeer en bieden bescherming tegen oververhitting. Tegelijkertijd wekt de SunGarden Power duurzame elektriciteit op die u kunt gebruiken voor uw eigen behoeften. Deze <strong>zonnekas<\/strong> combineert stijl, functionaliteit en duurzaamheid op een unieke manier.  <\/p>\n<table style=\"width: 35.8731%; border-collapse: collapse; height: 505px;\" cellspacing=\"0\" cellpadding=\"0\">\n<tbody>\n<tr style=\"background-color: #ff8400;\">\n<td style=\"width: 29.6774%; height: 97px; text-align: center;\"><strong>Grootte van het huis<\/strong><\/td>\n<td style=\"width: 35.2688%; height: 97px; text-align: center;\"><strong>Aantal PV-modules op het dak<\/strong><\/td>\n<td style=\"width: 26.5745%; height: 97px; text-align: center;\"><strong>Totaal vermogen<br \/>\n<\/strong><\/td>\n<\/tr>\n<tr style=\"height: 27px;\">\n<td style=\"width: 29.6774%; height: 27px; text-align: center;\">2.1<\/td>\n<td style=\"width: 35.2688%; height: 27px; text-align: center;\">1<\/td>\n<td style=\"width: 26.5745%; height: 27px; text-align: center;\">0,4 kw\/h<\/td>\n<\/tr>\n<tr style=\"height: 53px;\">\n<td style=\"width: 29.6774%; height: 53px; text-align: center;\">2.2<\/td>\n<td style=\"width: 35.2688%; height: 53px; text-align: center;\">2<\/td>\n<td style=\"width: 26.5745%; height: 53px; text-align: center;\">0,8 kw\/h<\/td>\n<\/tr>\n<tr style=\"height: 53px;\">\n<td style=\"width: 29.6774%; height: 53px; text-align: center;\">3.2<\/td>\n<td style=\"width: 35.2688%; height: 53px; text-align: center;\">3<\/td>\n<td style=\"width: 26.5745%; height: 53px; text-align: center;\">1,2 kw\/h<\/td>\n<\/tr>\n<tr style=\"height: 53px;\">\n<td style=\"width: 29.6774%; height: 53px; text-align: center;\">4.1<\/td>\n<td style=\"width: 35.2688%; height: 53px; text-align: center;\">2<\/td>\n<td style=\"width: 26.5745%; height: 53px; text-align: center;\">0,8 kw\/h<\/td>\n<\/tr>\n<tr style=\"height: 53px;\">\n<td style=\"width: 29.6774%; height: 53px; text-align: center;\">4.2<\/td>\n<td style=\"width: 35.2688%; height: 53px; text-align: center;\">4<\/td>\n<td style=\"width: 26.5745%; height: 53px; text-align: center;\">1,6 kw\/h<\/td>\n<\/tr>\n<tr style=\"height: 53px;\">\n<td style=\"width: 29.6774%; height: 53px; text-align: center;\">4.3<\/td>\n<td style=\"width: 35.2688%; height: 53px; text-align: center;\">6<\/td>\n<td style=\"width: 26.5745%; height: 53px; text-align: center;\">2,4 kw\/h<\/td>\n<\/tr>\n<tr style=\"height: 53px;\">\n<td style=\"width: 29.6774%; height: 53px; text-align: center;\">4.4<\/td>\n<td style=\"width: 35.2688%; height: 53px; text-align: center;\">8<\/td>\n<td style=\"width: 26.5745%; height: 53px; text-align: center;\">3,2 kw\/h<\/td>\n<\/tr>\n<tr style=\"height: 53px;\">\n<td style=\"width: 29.6774%; height: 53px; text-align: center;\">5.2<\/td>\n<td style=\"width: 35.2688%; height: 53px; text-align: center;\">5<\/td>\n<td style=\"width: 26.5745%; height: 53px; text-align: center;\">2,0 kw\/h<\/td>\n<\/tr>\n<tr style=\"height: 10px;\">\n<td style=\"width: 29.6774%; height: 10px; text-align: center;\">5.4<\/td>\n<td style=\"width: 35.2688%; height: 10px; text-align: center;\">10<\/td>\n<td style=\"width: 26.5745%; height: 10px; text-align: center;\">4,0 kw\/h<\/td>\n<\/tr>\n<\/tbody>\n<\/table>\n<p> <strong><img decoding=\"async\" class=\"size-full wp-image-8569\" src=\"https:\/\/sunelements.de\/wp-content\/uploads\/2023\/11\/SunElements-at-Logo-Icon-orange.png\" alt=\"SunElements-at-Logo-Icon-oranje\" width=\"40\" height=\"34\"> Onbeperkt comfort<br \/>\n<\/strong>De flexibiliteit van de deurpositie, de verschillende maatopties en het hoogwaardige ontwerp maken van de SunGarden Power een veelzijdige oplossing die perfect integreert in elke tuin. De constructie is bestand tegen extreme weersomstandigheden, of het nu gaat om zware sneeuwbelasting of harde wind. Het unieke <strong>kliksysteem<\/strong> maakt eenvoudige montage en latere aanpassingen mogelijk, zodat ook latere wijzigingen zoals het vervangen van muur- of dakelementen probleemloos mogelijk zijn.  <\/p>\n<p>&nbsp;<\/p>\n<p><strong><img decoding=\"async\" class=\"size-full wp-image-8569\" src=\"https:\/\/sunelements.de\/wp-content\/uploads\/2023\/11\/SunElements-at-Logo-Icon-orange.png\" alt=\"SunElements-at-Logo-Icon-oranje\" width=\"40\" height=\"34\">  Uitgebreid assortiment accessoires  <\/strong><\/p>\n<p>Naast de verschillende modellen biedt SunElements ook een uitgebreid assortiment accessoires die perfect zijn afgestemd op uw <strong>kas<\/strong>.<\/p>\n<ul>\n<li><strong>Irrigatiesystemen<\/strong> voor optimale plantenverzorging<\/li>\n<li><strong>Plantenlampen<\/strong> voor het kweken en overwinteren van je planten<\/li>\n<li><strong>Ramen en extra deuren<\/strong> om je tuinpaden aan te passen<\/li>\n<li><strong>Drainagesystemen<\/strong> voor gecontroleerd waterafvoerbeheer<\/li>\n<li><strong>Grondschroeven<\/strong> voor een stabiele verankering zonder veel moeite.<\/li>\n<\/ul>\n<div class=\"elementor-widget-container\">\n<p>&nbsp;<\/p>\n<p><strong><img decoding=\"async\" class=\"size-full wp-image-8569\" src=\"https:\/\/sunelements.de\/wp-content\/uploads\/2023\/11\/SunElements-at-Logo-Icon-orange.png\" alt=\"SunElements-at-Logo-Icon-oranje\" width=\"40\" height=\"34\"> Kies uit 9 formaten van 3 m\u00b2 tot 24 m\u00b2.<br \/>\n<\/strong><span style=\"font-style: inherit; font-weight: inherit; background-color: var(--ast-global-color-5); color: var(--ast-global-color-2);\">De deur (900 x 1970 mm) kan aan beide kanten worden ge\u00efnstalleerd, tussen 2 staanders. <\/span><span style=\"font-style: inherit; font-weight: inherit; background-color: var(--ast-global-color-5); color: var(--ast-global-color-2);\">Het deurscharnier kan vrij links of rechts worden gekozen tijdens de montage.<br \/>\n<\/span><span style=\"font-style: inherit; font-weight: inherit; background-color: var(--ast-global-color-5); color: var(--ast-global-color-2);\">De lichtblauwe lijn symboliseert de goot. Waterafvoer is optioneel mogelijk aan beide uiteinden.<\/span><\/p>\n<\/div>\n<div class=\"elementor-element elementor-element-e4faa6b elementor-widget elementor-widget-image\" data-id=\"e4faa6b\" data-element_type=\"widget\" data-widget_type=\"image.default\">\n<div class=\"elementor-widget-container\"><img fetchpriority=\"high\" decoding=\"async\" class=\"attachment-full wp-image-8639 aligncenter\" src=\"https:\/\/sunelements.de\/wp-content\/uploads\/2023\/11\/SunElements-at-SunGarden-Gewaechshaus-Groessen-frei-waehlen.jpg\" sizes=\"(max-width: 1200px) 100vw, 1200px\" srcset=\"https:\/\/sunelements.de\/wp-content\/uploads\/2023\/11\/SunElements-at-SunGarden-Gewaechshaus-Groessen-frei-waehlen.jpg 1200w, https:\/\/sunelements.de\/wp-content\/uploads\/2023\/11\/SunElements-at-SunGarden-Gewaechshaus-Groessen-frei-waehlen-300x146.jpg 300w, https:\/\/sunelements.de\/wp-content\/uploads\/2023\/11\/SunElements-at-SunGarden-Gewaechshaus-Groessen-frei-waehlen-1024x500.jpg 1024w, https:\/\/sunelements.de\/wp-content\/uploads\/2023\/11\/SunElements-at-SunGarden-Gewaechshaus-Groessen-frei-waehlen-768x375.jpg 768w, https:\/\/sunelements.de\/wp-content\/uploads\/2023\/11\/SunElements-at-SunGarden-Gewaechshaus-Groessen-frei-waehlen-600x293.jpg 600w\" alt=\"SunElements-bij-Zonnetuin-kasmaten-vrije-keuze\" width=\"854\" height=\"407\"><\/div>\n<\/div>\n<p>&nbsp;<\/p>\n","protected":false},"excerpt":{"rendered":"<p>Onze energiecentrale met <strong>400 watt PV-modules op het dak<\/strong> en getinte acrylglazen muren<\/p>\n","protected":false},"featured_media":13526,"template":"","meta":{"site-sidebar-layout":"default","site-content-layout":"default","ast-site-content-layout":"default","site-content-style":"default","site-sidebar-style":"default","ast-global-header-display":"","ast-banner-title-visibility":"","ast-main-header-display":"","ast-hfb-above-header-display":"","ast-hfb-below-header-display":"","ast-hfb-mobile-header-display":"","site-post-title":"","ast-breadcrumbs-content":"","ast-featured-img":"","footer-sml-layout":"","ast-disable-related-posts":"","theme-transparent-header-meta":"default","adv-header-id-meta":"","stick-header-meta":"default","header-above-stick-meta":"","header-main-stick-meta":"","header-below-stick-meta":"","astra-migrate-meta-layouts":"default","ast-page-background-enabled":"default","ast-page-background-meta":{"desktop":{"background-color":"var(--ast-global-color-4)","background-image":"","background-repeat":"repeat","background-position":"center center","background-size":"auto","background-attachment":"scroll","background-type":"","background-media":"","overlay-type":"","overlay-color":"","overlay-opacity":"","overlay-gradient":""},"tablet":{"background-color":"","background-image":"","background-repeat":"repeat","background-position":"center center","background-size":"auto","background-attachment":"scroll","background-type":"","background-media":"","overlay-type":"","overlay-color":"","overlay-opacity":"","overlay-gradient":""},"mobile":{"background-color":"","background-image":"","background-repeat":"repeat","background-position":"center center","background-size":"auto","background-attachment":"scroll","background-type":"","background-media":"","overlay-type":"","overlay-color":"","overlay-opacity":"","overlay-gradient":""}},"ast-content-background-meta":{"desktop":{"background-color":"var(--ast-global-color-5)","background-image":"","background-repeat":"repeat","background-position":"center center","background-size":"auto","background-attachment":"scroll","background-type":"","background-media":"","overlay-type":"","overlay-color":"","overlay-opacity":"","overlay-gradient":""},"tablet":{"background-color":"var(--ast-global-color-5)","background-image":"","background-repeat":"repeat","background-position":"center center","background-size":"auto","background-attachment":"scroll","background-type":"","background-media":"","overlay-type":"","overlay-color":"","overlay-opacity":"","overlay-gradient":""},"mobile":{"background-color":"var(--ast-global-color-5)","background-image":"","background-repeat":"repeat","background-position":"center center","background-size":"auto","background-attachment":"scroll","background-type":"","background-media":"","overlay-type":"","overlay-color":"","overlay-opacity":"","overlay-gradient":""}},"_themeisle_gutenberg_block_has_review":false},"product_brand":[],"product_cat":[95],"product_tag":[],"class_list":{"0":"post-13525","1":"product","2":"type-product","3":"status-publish","4":"has-post-thumbnail","6":"product_cat-sungarden-kas-sunelements-de-volgende-generatie","7":"desktop-align-center","8":"tablet-align-left","9":"mobile-align-left","10":"ast-product-gallery-layout-horizontal-slider","11":"ast-product-tabs-layout-accordion","12":"tm-has-options","14":"first","15":"instock","16":"taxable","17":"shipping-taxable","18":"purchasable","19":"product-type-simple"},"_links":{"self":[{"href":"https:\/\/sunelements.de\/nl\/wp-json\/wp\/v2\/product\/13525","targetHints":{"allow":["GET"]}}],"collection":[{"href":"https:\/\/sunelements.de\/nl\/wp-json\/wp\/v2\/product"}],"about":[{"href":"https:\/\/sunelements.de\/nl\/wp-json\/wp\/v2\/types\/product"}],"wp:featuredmedia":[{"embeddable":true,"href":"https:\/\/sunelements.de\/nl\/wp-json\/wp\/v2\/media\/13526"}],"wp:attachment":[{"href":"https:\/\/sunelements.de\/nl\/wp-json\/wp\/v2\/media?parent=13525"}],"wp:term":[{"taxonomy":"product_brand","embeddable":true,"href":"https:\/\/sunelements.de\/nl\/wp-json\/wp\/v2\/product_brand?post=13525"},{"taxonomy":"product_cat","embeddable":true,"href":"https:\/\/sunelements.de\/nl\/wp-json\/wp\/v2\/product_cat?post=13525"},{"taxonomy":"product_tag","embeddable":true,"href":"https:\/\/sunelements.de\/nl\/wp-json\/wp\/v2\/product_tag?post=13525"}],"curies":[{"name":"wp","href":"https:\/\/api.w.org\/{rel}","templated":true}]}}