{"id":13571,"date":"2024-01-28T11:27:41","date_gmt":"2024-01-28T10:27:41","guid":{"rendered":"https:\/\/sunelements.de\/shop\/lampada-per-piante-led\/"},"modified":"2024-08-19T09:13:06","modified_gmt":"2024-08-19T07:13:06","slug":"lampada-per-piante-led","status":"publish","type":"product","link":"https:\/\/sunelements.de\/it\/shop\/lampada-per-piante-led\/","title":{"rendered":"Lampada per piante LED"},"content":{"rendered":"<h3>Crescita efficiente delle piante garantita:<\/h3>\n<p>  Usa il tuo SunGarden come alloggio invernale o per far crescere le tue piante. Lampada a spettro completo da 450 a 750 nm: il chip a spettro completo della lampada \u00e8 stato sviluppato per le piante che richiedono un&#8217;alta percentuale di luce blu (fotosintesi) e rossa per la fioritura e la formazione dei frutti. Tecnologia: La lampada per piante a LED ha un angolo di emissione di 120\u00b0, per cui \u00e8 possibile ottenere un cono di luce molto ampio. L&#8217;economica tecnologia LED da 50 watt, l&#8217;elettronica di alta qualit\u00e0 (certificata CE) e l&#8217;involucro di classe IP65 (resistente alla polvere e ai getti d&#8217;acqua) garantiscono un utilizzo prolungato e senza manutenzione.  <\/p>\n<h3>Consigli pratici per coltivare le piante con le lampade per piante a LED:<\/h3>\n<p>  L&#8217;orario di coltivazione \u00e8 molto flessibile quando si utilizzano i nostri faretti per piante a spettro completo. Se illuminata con luce artificiale, la semina pu\u00f2 essere avviata in anticipo in ambienti caldi. Le piante hanno cos\u00ec pi\u00f9 tempo per sviluppare un sistema di foglie e radici sano. Le piante in fase di propagazione crescono pi\u00f9 forti e compatte con la giusta luce LED a spettro completo. Dopo il periodo di gelo, le piantine possono continuare a crescere nell&#8217;orto, ad esempio, e il primo raccolto \u00e8 possibile molto prima. Segui le istruzioni per i rispettivi tipi di piante. Controlla se stai usando semi per germogliatori chiari o per germogliatori scuri. Mentre i germogliatori chiari hanno assolutamente bisogno di luce solare sufficiente per germogliare, i germogliatori scuri non possono formare piantine se entrano in contatto con la luce. Non appena le piantine sono visibili, per\u00f2, hanno bisogno di luce per crescere.  <\/p>\n<table style=\"width: 100%; border-collapse: collapse; border-style: none;\" border=\"0\">\n<tbody>\n<tr>\n<td style=\"width: 100%;\" data-wp-editing=\"1\"><img decoding=\"async\" class=\"wp-image-12133 alignleft\" src=\"https:\/\/sunelements.de\/wp-content\/uploads\/2024\/03\/SUE73B1-173x300.jpg\" alt=\"SunElements.com-SunGarden-Greenhouse-Flat-Roof-Greenhouse-Summer-Garden-LED-Plant-Lamp-Full-Spectrum-Cultivation-Plants-Light-Distance\" width=\"135\" height=\"234\" srcset=\"https:\/\/sunelements.de\/wp-content\/uploads\/2024\/03\/SUE73B1-173x300.jpg 173w, https:\/\/sunelements.de\/wp-content\/uploads\/2024\/03\/SUE73B1.jpg 404w\" sizes=\"(max-width: 135px) 100vw, 135px\" \/>La luce pu\u00f2 essere montata su uno stativo o su un treppiede. Nota la distanza tra la sorgente luminosa e il substrato. I substrati a basso contenuto di nutrienti, come il terriccio o il substrato di cocco, sono particolarmente adatti alla coltivazione. Questo permette alle piante di sviluppare pi\u00f9 radici. Posiziona i semi singolarmente sul substrato.<\/td>\n<\/tr>\n<tr>\n<td style=\"width: 100%;\"><img decoding=\"async\" class=\"wp-image-12134 size-medium alignleft\" src=\"https:\/\/sunelements.de\/wp-content\/uploads\/2024\/03\/SunElements.de-SunGarden-Gewaechshaus-Flachdachgewaechshaus-Sommergarten-Pflanzenlampe-Bewaesserung-300x160.png\" alt=\"SunElements.com-SunGarden-Greenhouse-Flat-Roof-Greenhouse-Summer-Garden-Plant-Lamp-Watering\" width=\"300\" height=\"160\" srcset=\"https:\/\/sunelements.de\/wp-content\/uploads\/2024\/03\/SunElements.de-SunGarden-Gewaechshaus-Flachdachgewaechshaus-Sommergarten-Pflanzenlampe-Bewaesserung-300x160.png 300w, https:\/\/sunelements.de\/wp-content\/uploads\/2024\/03\/SunElements.de-SunGarden-Gewaechshaus-Flachdachgewaechshaus-Sommergarten-Pflanzenlampe-Bewaesserung-768x410.png 768w, https:\/\/sunelements.de\/wp-content\/uploads\/2024\/03\/SunElements.de-SunGarden-Gewaechshaus-Flachdachgewaechshaus-Sommergarten-Pflanzenlampe-Bewaesserung-600x320.png 600w, https:\/\/sunelements.de\/wp-content\/uploads\/2024\/03\/SunElements.de-SunGarden-Gewaechshaus-Flachdachgewaechshaus-Sommergarten-Pflanzenlampe-Bewaesserung.png 880w\" sizes=\"(max-width: 300px) 100vw, 300px\" \/>Esistono molti tipi di vasi e diversi design (dimensioni e forme) che puoi utilizzare per la coltivazione. Quando annaffi, assicurati che i semi non vengano lavati via. Il substrato e i semi possono essere inumiditi in modo uniforme utilizzando un raccordo a goccia per l&#8217;annaffiatoio o un nebulizzatore.<\/td>\n<\/tr>\n<tr>\n<td style=\"width: 100%;\"><img decoding=\"async\" class=\"wp-image-12132 size-medium alignleft\" src=\"https:\/\/sunelements.de\/wp-content\/uploads\/2024\/03\/SunElements.de-SunGarden-Gewaechshaus-Flachdachgewaechshaus-Sommergarten-Pflanzenlampe-Keimung-300x105.png\" alt=\"SunElements.com-SunGarden-Greenhouse-Flat-Roof-Greenhouse-Summer-Garden-Plant-Lamp-Germination\" width=\"300\" height=\"105\" srcset=\"https:\/\/sunelements.de\/wp-content\/uploads\/2024\/03\/SunElements.de-SunGarden-Gewaechshaus-Flachdachgewaechshaus-Sommergarten-Pflanzenlampe-Keimung-300x105.png 300w, https:\/\/sunelements.de\/wp-content\/uploads\/2024\/03\/SunElements.de-SunGarden-Gewaechshaus-Flachdachgewaechshaus-Sommergarten-Pflanzenlampe-Keimung.png 450w\" sizes=\"(max-width: 300px) 100vw, 300px\" \/>Assicurati che i semi non si secchino. Questo rischio \u00e8 molto elevato negli ambienti chiusi a causa dell&#8217;aria secca di riscaldamento. Puoi anche utilizzare dei propagatori o delle mini-serre per mantenere un livello di umidit\u00e0 costante. Tuttavia, \u00e8 necessario ventilarli una volta al giorno per evitare la formazione di spore fungine.<\/td>\n<\/tr>\n<\/tbody>\n<\/table>\n<h3>Consigli pratici per svernare con le luci LED per piante:<\/h3>\n<p><img loading=\"lazy\" decoding=\"async\" class=\"wp-image-12135 alignleft\" src=\"https:\/\/sunelements.de\/wp-content\/uploads\/2024\/03\/SunElements.de-SunGarden-Gewaechshaus-Flachdachgewaechshaus-Sommergarten-Pflanzenlampe-Abstrahlwinkel-300x193.png\" alt=\"SunElements.com-SunGarden-Greenhouse-Flat-Roof-Greenhouse-Summer-Garden-Plant-Lamp-Abstraction-Angle\" width=\"358\" height=\"230\" srcset=\"https:\/\/sunelements.de\/wp-content\/uploads\/2024\/03\/SunElements.de-SunGarden-Gewaechshaus-Flachdachgewaechshaus-Sommergarten-Pflanzenlampe-Abstrahlwinkel-300x193.png 300w, https:\/\/sunelements.de\/wp-content\/uploads\/2024\/03\/SunElements.de-SunGarden-Gewaechshaus-Flachdachgewaechshaus-Sommergarten-Pflanzenlampe-Abstrahlwinkel-600x386.png 600w, https:\/\/sunelements.de\/wp-content\/uploads\/2024\/03\/SunElements.de-SunGarden-Gewaechshaus-Flachdachgewaechshaus-Sommergarten-Pflanzenlampe-Abstrahlwinkel.png 666w\" sizes=\"(max-width: 358px) 100vw, 358px\" \/>  I nostri faretti LED per piante a spettro completo sono ideali anche per illuminare tutto l&#8217;anno le piante che devono crescere e prosperare senza una luce solare sufficiente. La luce LED per piante pu\u00f2 essere accesa anche di notte grazie a un timer. Tuttavia, \u00e8 importante prevedere un tempo di illuminazione sufficiente! Pi\u00f9 la sorgente luminosa \u00e8 lontana dalla pianta, pi\u00f9 debole \u00e8 l&#8217;energia radiante in entrata. La durata dell&#8217;illuminazione deve essere adattata ai tipi di piante corrispondenti. Le specie di piante che richiedono pi\u00f9 cure sono gli agrumi, i sempreverdi e alcune piante grasse. Inizia con una durata di illuminazione di<strong> 6-10 ore al giorno<\/strong>.<\/p>\n","protected":false},"excerpt":{"rendered":"<p>Crescita efficiente delle piante<\/p>\n","protected":false},"featured_media":13572,"template":"","meta":{"site-sidebar-layout":"default","site-content-layout":"default","ast-site-content-layout":"default","site-content-style":"default","site-sidebar-style":"default","ast-global-header-display":"","ast-banner-title-visibility":"","ast-main-header-display":"","ast-hfb-above-header-display":"","ast-hfb-below-header-display":"","ast-hfb-mobile-header-display":"","site-post-title":"","ast-breadcrumbs-content":"","ast-featured-img":"","footer-sml-layout":"","ast-disable-related-posts":"","theme-transparent-header-meta":"default","adv-header-id-meta":"","stick-header-meta":"default","header-above-stick-meta":"","header-main-stick-meta":"","header-below-stick-meta":"","astra-migrate-meta-layouts":"default","ast-page-background-enabled":"default","ast-page-background-meta":{"desktop":{"background-color":"var(--ast-global-color-4)","background-image":"","background-repeat":"repeat","background-position":"center center","background-size":"auto","background-attachment":"scroll","background-type":"","background-media":"","overlay-type":"","overlay-color":"","overlay-opacity":"","overlay-gradient":""},"tablet":{"background-color":"","background-image":"","background-repeat":"repeat","background-position":"center center","background-size":"auto","background-attachment":"scroll","background-type":"","background-media":"","overlay-type":"","overlay-color":"","overlay-opacity":"","overlay-gradient":""},"mobile":{"background-color":"","background-image":"","background-repeat":"repeat","background-position":"center center","background-size":"auto","background-attachment":"scroll","background-type":"","background-media":"","overlay-type":"","overlay-color":"","overlay-opacity":"","overlay-gradient":""}},"ast-content-background-meta":{"desktop":{"background-color":"var(--ast-global-color-5)","background-image":"","background-repeat":"repeat","background-position":"center center","background-size":"auto","background-attachment":"scroll","background-type":"","background-media":"","overlay-type":"","overlay-color":"","overlay-opacity":"","overlay-gradient":""},"tablet":{"background-color":"var(--ast-global-color-5)","background-image":"","background-repeat":"repeat","background-position":"center center","background-size":"auto","background-attachment":"scroll","background-type":"","background-media":"","overlay-type":"","overlay-color":"","overlay-opacity":"","overlay-gradient":""},"mobile":{"background-color":"var(--ast-global-color-5)","background-image":"","background-repeat":"repeat","background-position":"center center","background-size":"auto","background-attachment":"scroll","background-type":"","background-media":"","overlay-type":"","overlay-color":"","overlay-opacity":"","overlay-gradient":""}},"_themeisle_gutenberg_block_has_review":false},"product_brand":[],"product_cat":[94],"product_tag":[],"class_list":{"0":"post-13571","1":"product","2":"type-product","3":"status-publish","4":"has-post-thumbnail","6":"product_cat-accessori","7":"desktop-align-center","8":"tablet-align-left","9":"mobile-align-left","10":"ast-product-gallery-layout-horizontal-slider","11":"ast-product-tabs-layout-accordion","12":"tm-has-options","14":"first","15":"instock","16":"taxable","17":"shipping-taxable","18":"purchasable","19":"product-type-simple"},"_links":{"self":[{"href":"https:\/\/sunelements.de\/it\/wp-json\/wp\/v2\/product\/13571","targetHints":{"allow":["GET"]}}],"collection":[{"href":"https:\/\/sunelements.de\/it\/wp-json\/wp\/v2\/product"}],"about":[{"href":"https:\/\/sunelements.de\/it\/wp-json\/wp\/v2\/types\/product"}],"wp:featuredmedia":[{"embeddable":true,"href":"https:\/\/sunelements.de\/it\/wp-json\/wp\/v2\/media\/13572"}],"wp:attachment":[{"href":"https:\/\/sunelements.de\/it\/wp-json\/wp\/v2\/media?parent=13571"}],"wp:term":[{"taxonomy":"product_brand","embeddable":true,"href":"https:\/\/sunelements.de\/it\/wp-json\/wp\/v2\/product_brand?post=13571"},{"taxonomy":"product_cat","embeddable":true,"href":"https:\/\/sunelements.de\/it\/wp-json\/wp\/v2\/product_cat?post=13571"},{"taxonomy":"product_tag","embeddable":true,"href":"https:\/\/sunelements.de\/it\/wp-json\/wp\/v2\/product_tag?post=13571"}],"curies":[{"name":"wp","href":"https:\/\/api.w.org\/{rel}","templated":true}]}}