{"id":13565,"date":"2024-01-28T11:53:50","date_gmt":"2024-01-28T10:53:50","guid":{"rendered":"https:\/\/sunelements.de\/shop\/irrigazione\/"},"modified":"2024-08-19T09:15:28","modified_gmt":"2024-08-19T07:15:28","slug":"irrigazione","status":"publish","type":"product","link":"https:\/\/sunelements.de\/it\/shop\/irrigazione\/","title":{"rendered":"Irrigazione"},"content":{"rendered":"<p>Prova la comodit\u00e0 dell&#8217;irrigazione al massimo livello. D\u00ec addio alla noiosa irrigazione manuale e goditi un ambiente pi\u00f9 verde e rigoglioso senza muovere un dito. Investi nel tuo paradiso verde e lascia che il nostro sistema di irrigazione faccia il lavoro per te. Grazie al nostro sofisticato design dei collettori e agli attacchi rapidi, l&#8217;installazione \u00e8 un gioco da ragazzi, anche per i principianti. Per collegare il sistema \u00e8 necessario un raccordo idrico da 3\/4 di pollice.  <\/p>\n<h3><span style=\"color: #ff7643; font-size: 18pt;\">Set di base per l&#8217;irrigazione:<\/span><\/h3>\n<p><img fetchpriority=\"high\" decoding=\"async\" class=\"size-full wp-image-8907\" src=\"https:\/\/sunelements.de\/wp-content\/uploads\/2023\/11\/SunElements-at-SunGarden-Gewaechshaus-Optionales-Zubehoer-Bewaesserungssystem-Basic.jpg\" alt=\"SunElements-at-SunGarden-Serra opzionale-Accessori-Sistema di irrigazione-Basico\" width=\"500\" height=\"410\" srcset=\"https:\/\/sunelements.de\/wp-content\/uploads\/2023\/11\/SunElements-at-SunGarden-Gewaechshaus-Optionales-Zubehoer-Bewaesserungssystem-Basic.jpg 500w, https:\/\/sunelements.de\/wp-content\/uploads\/2023\/11\/SunElements-at-SunGarden-Gewaechshaus-Optionales-Zubehoer-Bewaesserungssystem-Basic-300x246.jpg 300w\" sizes=\"(max-width: 500px) 100vw, 500px\" \/><\/p>\n<ul>\n<li><span style=\"font-size: 12pt;\"><strong>(A) Centralina integrata:<\/strong> la nostra centralina all&#8217;avanguardia \u00e8 alimentata da una batteria da 9V.<br \/>\nTi permette di programmare con precisione l&#8217;irrigazione e di adattarla alle tue esigenze individuali. &#8221; <a href=\"https:\/\/sunelements.de\/wp-content\/uploads\/2024\/03\/SunElements-Steuerung-Bewaesserung-ESP-9V-RainBird.pdf\" target=\"_blank\" rel=\"noopener\">Scheda tecnica dell&#8217;unit\u00e0 di controllo<\/a><a href=\"https:\/\/sunelements.de\/wp-content\/uploads\/2024\/03\/RainBird-Steuerung-Bedienungsanleitung.pdf\" target=\"_blank\" rel=\"noopener\">&#8221; Manuale d&#8217;uso dell&#8217;unit\u00e0 di controllo<\/a><br \/>\n<\/span><\/li>\n<li><span style=\"font-size: 12pt;\"><strong>(C) Valvola solenoide affidabile:<\/strong> l&#8217;<strong>elettrovalvola<\/strong> integrata <\/span><span style=\"font-size: 12pt;\">garantisce un controllo preciso del sistema. <\/span><span style=\"font-size: 12pt;\">del tuo sistema.<\/span><\/li>\n<\/ul>\n<ul>\n<li><span style=\"font-size: 12pt;\"><strong>(D) Collegamento all&#8217;aria compressa per la protezione dal gelo:<\/strong><\/span><span style=\"font-size: 12pt;\">Utilizza un compressore per <\/span><span style=\"font-size: 12pt;\">irrigazione dal tuo impianto di irrigazione con un compressore<\/span><span style=\"font-size: 12pt;\">l&#8217;acqua prima delle prime gelate.<\/span><\/li>\n<\/ul>\n<ul>\n<li><span style=\"font-size: 12pt;\"><strong>Irrigazione:<\/strong> Un tubo gocciolante da 25 m con connettori  <\/span><span style=\"font-size: 12pt;\">(pezzi a T e curve) e ganci a terra. Hai tutto,  <\/span><span style=\"font-size: 12pt;\">Tutto ci\u00f2 che ti serve in un pratico set.<\/span><\/li>\n<\/ul>\n<ul>\n<li><span style=\"font-size: 12pt;\"><strong>(B) Filtro a griglia efficiente:<\/strong> il filtro a griglia assicura che il tuo sistema di irrigazione sia protetto dalla contaminazione<strong>.<\/strong> <\/span><span style=\"font-size: 12pt;\">sistema di irrigazione sia protetto dalla contaminazione. <\/span><span style=\"font-size: 12pt;\">sia protetto dalla contaminazione.<\/span><\/li>\n<\/ul>\n<h3><span style=\"color: #ff7643; font-size: 18pt;\">Set professionale per l&#8217;irrigazione:<\/span><\/h3>\n<p><span style=\"font-style: inherit; font-weight: inherit; background-color: var(--ast-global-color-5); color: var(--ast-global-color-2);\">Con il nostro set professionale, riceverai il nostro set di base e le funzioni aggiuntive come base:<\/span><\/p>\n<ul>\n<li><span style=\"font-size: 12pt;\"><strong>Seconda zona di irrigazione:<\/strong> con una seconda elettrovalvola e un altro tubo gocciolante, completo di connettori e ganci per la messa a terra, puoi innaffiare in modo mirato due aree diverse del tuo giardino.<\/span><\/li>\n<\/ul>\n<ul>\n<li><span style=\"font-size: 12pt;\"><strong>Innovativa pompa per fertilizzanti:<\/strong> il nostro set professionale include una pompa per fertilizzanti. Basta inserire il tubo trasparente in una tanica di fertilizzante liquido o di microrganismi e le tue piante saranno nutrite in modo ottimale.  <\/span><span style=\"font-size: 12pt;\">\u00e8.<\/span><\/li>\n<\/ul>\n","protected":false},"excerpt":{"rendered":"<p>Convenienza dell&#8217;irrigazione ai massimi livelli.<\/p>\n","protected":false},"featured_media":13566,"template":"","meta":{"site-sidebar-layout":"default","site-content-layout":"default","ast-site-content-layout":"default","site-content-style":"default","site-sidebar-style":"default","ast-global-header-display":"","ast-banner-title-visibility":"","ast-main-header-display":"","ast-hfb-above-header-display":"","ast-hfb-below-header-display":"","ast-hfb-mobile-header-display":"","site-post-title":"","ast-breadcrumbs-content":"","ast-featured-img":"","footer-sml-layout":"","ast-disable-related-posts":"","theme-transparent-header-meta":"default","adv-header-id-meta":"","stick-header-meta":"default","header-above-stick-meta":"","header-main-stick-meta":"","header-below-stick-meta":"","astra-migrate-meta-layouts":"default","ast-page-background-enabled":"default","ast-page-background-meta":{"desktop":{"background-color":"var(--ast-global-color-4)","background-image":"","background-repeat":"repeat","background-position":"center center","background-size":"auto","background-attachment":"scroll","background-type":"","background-media":"","overlay-type":"","overlay-color":"","overlay-opacity":"","overlay-gradient":""},"tablet":{"background-color":"","background-image":"","background-repeat":"repeat","background-position":"center center","background-size":"auto","background-attachment":"scroll","background-type":"","background-media":"","overlay-type":"","overlay-color":"","overlay-opacity":"","overlay-gradient":""},"mobile":{"background-color":"","background-image":"","background-repeat":"repeat","background-position":"center center","background-size":"auto","background-attachment":"scroll","background-type":"","background-media":"","overlay-type":"","overlay-color":"","overlay-opacity":"","overlay-gradient":""}},"ast-content-background-meta":{"desktop":{"background-color":"var(--ast-global-color-5)","background-image":"","background-repeat":"repeat","background-position":"center center","background-size":"auto","background-attachment":"scroll","background-type":"","background-media":"","overlay-type":"","overlay-color":"","overlay-opacity":"","overlay-gradient":""},"tablet":{"background-color":"var(--ast-global-color-5)","background-image":"","background-repeat":"repeat","background-position":"center center","background-size":"auto","background-attachment":"scroll","background-type":"","background-media":"","overlay-type":"","overlay-color":"","overlay-opacity":"","overlay-gradient":""},"mobile":{"background-color":"var(--ast-global-color-5)","background-image":"","background-repeat":"repeat","background-position":"center center","background-size":"auto","background-attachment":"scroll","background-type":"","background-media":"","overlay-type":"","overlay-color":"","overlay-opacity":"","overlay-gradient":""}},"_themeisle_gutenberg_block_has_review":false},"product_brand":[],"product_cat":[94],"product_tag":[],"class_list":{"0":"post-13565","1":"product","2":"type-product","3":"status-publish","4":"has-post-thumbnail","6":"product_cat-accessori","7":"desktop-align-center","8":"tablet-align-left","9":"mobile-align-left","10":"ast-product-gallery-layout-horizontal-slider","11":"ast-product-tabs-layout-accordion","12":"tm-has-options","14":"first","15":"instock","16":"taxable","17":"shipping-taxable","18":"purchasable","19":"product-type-simple"},"_links":{"self":[{"href":"https:\/\/sunelements.de\/it\/wp-json\/wp\/v2\/product\/13565","targetHints":{"allow":["GET"]}}],"collection":[{"href":"https:\/\/sunelements.de\/it\/wp-json\/wp\/v2\/product"}],"about":[{"href":"https:\/\/sunelements.de\/it\/wp-json\/wp\/v2\/types\/product"}],"wp:featuredmedia":[{"embeddable":true,"href":"https:\/\/sunelements.de\/it\/wp-json\/wp\/v2\/media\/13566"}],"wp:attachment":[{"href":"https:\/\/sunelements.de\/it\/wp-json\/wp\/v2\/media?parent=13565"}],"wp:term":[{"taxonomy":"product_brand","embeddable":true,"href":"https:\/\/sunelements.de\/it\/wp-json\/wp\/v2\/product_brand?post=13565"},{"taxonomy":"product_cat","embeddable":true,"href":"https:\/\/sunelements.de\/it\/wp-json\/wp\/v2\/product_cat?post=13565"},{"taxonomy":"product_tag","embeddable":true,"href":"https:\/\/sunelements.de\/it\/wp-json\/wp\/v2\/product_tag?post=13565"}],"curies":[{"name":"wp","href":"https:\/\/api.w.org\/{rel}","templated":true}]}}