{"id":13469,"date":"2024-02-27T15:59:42","date_gmt":"2024-02-27T14:59:42","guid":{"rendered":"https:\/\/sunelements.de\/shop\/giardino-estivo-deluxe\/"},"modified":"2026-04-21T10:22:57","modified_gmt":"2026-04-21T08:22:57","slug":"giardino-estivo-deluxe","status":"publish","type":"product","link":"https:\/\/sunelements.de\/it\/shop\/giardino-estivo-deluxe\/","title":{"rendered":"Giardino estivo SunCasa <b>Deluxe<\/b>"},"content":{"rendered":"<p>&nbsp;<\/p>\n<div class=\"elementor-widget-container\"><img decoding=\"async\" class=\"alignright\" title=\"SunElements-at-SunGarden-Deluxe-Greenhouse-Pareti di vetro di sicurezza monopiano-satinato a confronto\" src=\"https:\/\/sunelements.de\/wp-content\/uploads\/elementor\/thumbs\/SunElements-at-SunGarden-Deluxe-Gewaechshaus-Waende-aus-satiniertem-Einscheiben-Sicherheitsglas-im-Vergleich-qf0ukkua0367fxcyr7986egbyz4271pceghlma3blq.png\" alt=\"SunElements-at-SunGarden-Deluxe-Greenhouse-Pareti di vetro di sicurezza monopiano-satinato a confronto\"><\/div>\n<div class=\"elementor-element elementor-element-c712bb8 elementor-widget elementor-widget-text-editor\" data-id=\"c712bb8\" data-element_type=\"widget\" data-widget_type=\"text-editor.default\">\n<div class=\"elementor-widget-container\">\n<p><strong><img decoding=\"async\" class=\"size-full wp-image-8569\" src=\"https:\/\/sunelements.de\/wp-content\/uploads\/2023\/11\/SunElements-at-Logo-Icon-orange.png\" alt=\"SunElements-at-Logo-Icon-orange\" width=\"40\" height=\"34\">Il giardino estivo SunCasa Deluxe offre esclusivit\u00e0 e sicurezza ai massimi livelli<br \/>\n<\/strong>Il SunCasa Deluxe \u00e8 la scelta perfetta per i clienti con elevate esigenze in termini di design, sicurezza e comfort. Questo modello offre caratteristiche di lusso e combina sicurezza e privacy con un aspetto elegante. <\/p>\n<p>&nbsp;<\/p>\n<p> <strong><img decoding=\"async\" class=\"size-full wp-image-8569\" src=\"https:\/\/sunelements.de\/wp-content\/uploads\/2023\/11\/SunElements-at-Logo-Icon-orange.png\" alt=\"SunElements-at-Logo-Icon-orange\" width=\"40\" height=\"34\"> Vetro di sicurezza satinato per una maggiore sicurezza<\/strong><br \/>\nGli elementi in vetro di sicurezza satinato da 5 mm sulle pareti non solo offrono la massima sicurezza, ma anche un look elegante. Le pareti smerigliate ti proteggono dagli sguardi indiscreti, ma non per questo devi rinunciare a una serra luminosa e fredda. Se la <strong>privacy<\/strong> \u00e8 importante per te, la SunCasa Deluxe \u00e8 la scelta migliore. La <strong>porta a battente e la finestra opzionale sono dotate di vetro di sicurezza trasparente a un solo vetro<\/strong>, cos\u00ec potrai godere di una vista senza ostacoli sul tuo giardino.   <\/p>\n<p>&nbsp;<\/p>\n<p> <strong><img decoding=\"async\" class=\"size-full wp-image-8569\" src=\"https:\/\/sunelements.de\/wp-content\/uploads\/2023\/11\/SunElements-at-Logo-Icon-orange.png\" alt=\"SunElements-at-Logo-Icon-orange\" width=\"40\" height=\"34\"> Design esclusivo per esigenze sofisticate<br \/>\n<\/strong>Con il suo mix di materiali di alta qualit\u00e0 e il suo design sofisticato, SunCasa Deluxe \u00e8 la soluzione ideale per i giardinieri pi\u00f9 esigenti che vogliono utilizzare la loro casetta da giardino come una serra fredda o come una moderna stanza da giardino indipendente.<\/p>\n<p>&nbsp;<\/p>\n<p> <strong><img decoding=\"async\" class=\"size-full wp-image-8569\" src=\"https:\/\/sunelements.de\/wp-content\/uploads\/2023\/11\/SunElements-at-Logo-Icon-orange.png\" alt=\"SunElements-at-Logo-Icon-orange\" width=\"40\" height=\"34\"> Opzioni flessibili per le fondamenta e accessori<br \/>\n<\/strong>Se desideri utilizzare la nostra SunCasa come giardino estivo, serra fredda o salotto da giardino, ti consigliamo di realizzare una fondamenta in lastre di cemento. Questa deve essere dotata di un&#8217;adeguata impermeabilizzazione per evitare la risalita dell&#8217;umidit\u00e0 del terreno e la formazione di condensa.<br \/>\nOltre alle strutture di base di alta qualit\u00e0, puoi dotare la tua SunCasa di un&#8217;ampia gamma di accessori, tra cui <strong>rivestimenti interni<\/strong>, <strong>porte aggiuntive<\/strong>, <strong>finestre<\/strong>, <strong>tende plissettate a parete e a soffitto<\/strong> e <strong>sistemi di drenaggio<\/strong>. In questo modo potrai creare il tuo giardino paradisiaco personalizzato e adatto alle tue esigenze.  <\/p>\n<\/div>\n<\/div>\n<div class=\"elementor-widget-container\">\n<p>&nbsp;<\/p>\n<p><strong><img decoding=\"async\" class=\"size-full wp-image-8569\" src=\"https:\/\/sunelements.de\/wp-content\/uploads\/2023\/11\/SunElements-at-Logo-Icon-orange.png\" alt=\"SunElements-at-Logo-Icon-orange\" width=\"40\" height=\"34\"> Scegli tra 9 dimensioni da 3 m\u00b2 a 24 m\u00b2.<br \/>\n<\/strong><span style=\"font-style: inherit; font-weight: inherit; background-color: var(--ast-global-color-5); color: var(--ast-global-color-2);\">La porta (900 x 1970 mm) pu\u00f2 essere installata su entrambi i lati, tra 2 montanti.  <\/span><span style=\"font-style: inherit; font-weight: inherit; background-color: var(--ast-global-color-5); color: var(--ast-global-color-2);\">La cerniera della porta pu\u00f2 essere scelta liberamente a destra o a sinistra durante il montaggio.<br \/>\n<\/span><span style=\"font-style: inherit; font-weight: inherit; background-color: var(--ast-global-color-5); color: var(--ast-global-color-2);\">La linea blu chiaro simboleggia la grondaia. Il drenaggio dell&#8217;acqua \u00e8 possibile su entrambe le estremit\u00e0.<\/span><\/p>\n<\/div>\n<div class=\"elementor-element elementor-element-e4faa6b elementor-widget elementor-widget-image\" data-id=\"e4faa6b\" data-element_type=\"widget\" data-widget_type=\"image.default\">\n<div class=\"elementor-widget-container\"><img fetchpriority=\"high\" decoding=\"async\" class=\"attachment-full wp-image-8639 aligncenter\" src=\"https:\/\/sunelements.de\/wp-content\/uploads\/2023\/11\/SunElements-at-SunGarden-Gewaechshaus-Groessen-frei-waehlen.jpg\" sizes=\"(max-width: 1200px) 100vw, 1200px\" srcset=\"https:\/\/sunelements.de\/wp-content\/uploads\/2023\/11\/SunElements-at-SunGarden-Gewaechshaus-Groessen-frei-waehlen.jpg 1200w, https:\/\/sunelements.de\/wp-content\/uploads\/2023\/11\/SunElements-at-SunGarden-Gewaechshaus-Groessen-frei-waehlen-300x146.jpg 300w, https:\/\/sunelements.de\/wp-content\/uploads\/2023\/11\/SunElements-at-SunGarden-Gewaechshaus-Groessen-frei-waehlen-1024x500.jpg 1024w, https:\/\/sunelements.de\/wp-content\/uploads\/2023\/11\/SunElements-at-SunGarden-Gewaechshaus-Groessen-frei-waehlen-768x375.jpg 768w, https:\/\/sunelements.de\/wp-content\/uploads\/2023\/11\/SunElements-at-SunGarden-Gewaechshaus-Groessen-frei-waehlen-600x293.jpg 600w\" alt=\"SunElements-al-Sole-Giardino-Serra-Dimensioni-senza-scelta\" width=\"854\" height=\"407\"><\/div>\n<\/div>\n","protected":false},"excerpt":{"rendered":"<p><strong>Il vetro satinato<\/strong> garantisce eleganza e privacy<\/p>\n","protected":false},"featured_media":14496,"template":"","meta":{"site-sidebar-layout":"default","site-content-layout":"default","ast-site-content-layout":"default","site-content-style":"default","site-sidebar-style":"default","ast-global-header-display":"","ast-banner-title-visibility":"","ast-main-header-display":"","ast-hfb-above-header-display":"","ast-hfb-below-header-display":"","ast-hfb-mobile-header-display":"","site-post-title":"","ast-breadcrumbs-content":"","ast-featured-img":"","footer-sml-layout":"","ast-disable-related-posts":"","theme-transparent-header-meta":"default","adv-header-id-meta":"","stick-header-meta":"default","header-above-stick-meta":"","header-main-stick-meta":"","header-below-stick-meta":"","astra-migrate-meta-layouts":"default","ast-page-background-enabled":"default","ast-page-background-meta":{"desktop":{"background-color":"var(--ast-global-color-4)","background-image":"","background-repeat":"repeat","background-position":"center center","background-size":"auto","background-attachment":"scroll","background-type":"","background-media":"","overlay-type":"","overlay-color":"","overlay-opacity":"","overlay-gradient":""},"tablet":{"background-color":"","background-image":"","background-repeat":"repeat","background-position":"center center","background-size":"auto","background-attachment":"scroll","background-type":"","background-media":"","overlay-type":"","overlay-color":"","overlay-opacity":"","overlay-gradient":""},"mobile":{"background-color":"","background-image":"","background-repeat":"repeat","background-position":"center center","background-size":"auto","background-attachment":"scroll","background-type":"","background-media":"","overlay-type":"","overlay-color":"","overlay-opacity":"","overlay-gradient":""}},"ast-content-background-meta":{"desktop":{"background-color":"var(--ast-global-color-5)","background-image":"","background-repeat":"repeat","background-position":"center center","background-size":"auto","background-attachment":"scroll","background-type":"","background-media":"","overlay-type":"","overlay-color":"","overlay-opacity":"","overlay-gradient":""},"tablet":{"background-color":"var(--ast-global-color-5)","background-image":"","background-repeat":"repeat","background-position":"center center","background-size":"auto","background-attachment":"scroll","background-type":"","background-media":"","overlay-type":"","overlay-color":"","overlay-opacity":"","overlay-gradient":""},"mobile":{"background-color":"var(--ast-global-color-5)","background-image":"","background-repeat":"repeat","background-position":"center center","background-size":"auto","background-attachment":"scroll","background-type":"","background-media":"","overlay-type":"","overlay-color":"","overlay-opacity":"","overlay-gradient":""}},"_themeisle_gutenberg_block_has_review":false},"product_brand":[],"product_cat":[90],"product_tag":[],"class_list":{"0":"post-13469","1":"product","2":"type-product","3":"status-publish","4":"has-post-thumbnail","6":"product_cat-giardino-estivo-sungarden","7":"desktop-align-center","8":"tablet-align-left","9":"mobile-align-left","10":"ast-product-gallery-layout-horizontal-slider","11":"ast-product-tabs-layout-accordion","12":"tm-has-options","14":"first","15":"instock","16":"taxable","17":"shipping-taxable","18":"purchasable","19":"product-type-simple"},"_links":{"self":[{"href":"https:\/\/sunelements.de\/it\/wp-json\/wp\/v2\/product\/13469","targetHints":{"allow":["GET"]}}],"collection":[{"href":"https:\/\/sunelements.de\/it\/wp-json\/wp\/v2\/product"}],"about":[{"href":"https:\/\/sunelements.de\/it\/wp-json\/wp\/v2\/types\/product"}],"wp:featuredmedia":[{"embeddable":true,"href":"https:\/\/sunelements.de\/it\/wp-json\/wp\/v2\/media\/14496"}],"wp:attachment":[{"href":"https:\/\/sunelements.de\/it\/wp-json\/wp\/v2\/media?parent=13469"}],"wp:term":[{"taxonomy":"product_brand","embeddable":true,"href":"https:\/\/sunelements.de\/it\/wp-json\/wp\/v2\/product_brand?post=13469"},{"taxonomy":"product_cat","embeddable":true,"href":"https:\/\/sunelements.de\/it\/wp-json\/wp\/v2\/product_cat?post=13469"},{"taxonomy":"product_tag","embeddable":true,"href":"https:\/\/sunelements.de\/it\/wp-json\/wp\/v2\/product_tag?post=13469"}],"curies":[{"name":"wp","href":"https:\/\/api.w.org\/{rel}","templated":true}]}}