{"id":17036,"date":"2025-02-20T13:55:04","date_gmt":"2025-02-20T12:55:04","guid":{"rendered":"https:\/\/sunelements.de\/?page_id=17036"},"modified":"2025-05-19T13:05:46","modified_gmt":"2025-05-19T11:05:46","slug":"impronta-2","status":"publish","type":"page","link":"https:\/\/sunelements.de\/it\/impronta-2\/","title":{"rendered":"Accessibilit\u00e0"},"content":{"rendered":"\t\t<div data-elementor-type=\"wp-page\" data-elementor-id=\"17036\" class=\"elementor elementor-17036 elementor-17032\" data-elementor-post-type=\"page\">\n\t\t\t\t\t\t<section class=\"elementor-section elementor-top-section elementor-element elementor-element-b4e312c elementor-section-boxed elementor-section-height-default elementor-section-height-default\" data-id=\"b4e312c\" data-element_type=\"section\" data-e-type=\"section\">\n\t\t\t\t\t\t<div class=\"elementor-container elementor-column-gap-default\">\n\t\t\t\t\t<div class=\"elementor-column elementor-col-100 elementor-top-column elementor-element elementor-element-84b5540\" data-id=\"84b5540\" data-element_type=\"column\" data-e-type=\"column\">\n\t\t\t<div class=\"elementor-widget-wrap elementor-element-populated\">\n\t\t\t\t\t\t<div class=\"elementor-element elementor-element-2c6624d elementor-widget elementor-widget-text-editor\" data-id=\"2c6624d\" data-element_type=\"widget\" data-e-type=\"widget\" data-widget_type=\"text-editor.default\">\n\t\t\t\t<div class=\"elementor-widget-container\">\n\t\t\t\t\t\t\t\t\t<h2>Dichiarazione sull&#8217;accessibilit\u00e0<\/h2>\n<div class=\"rtf\">\n<p align=\"justify\"><span style=\"vertical-align: inherit;\">SunElements GmbH si impegna a rendere accessibili i propri siti web in conformit\u00e0 con la legge sull&#8217;accessibilit\u00e0 del web (Gazzetta Ufficiale Federale I n. 59\/2019).<br><\/span><span style=\"vertical-align: inherit;\">La presente dichiarazione sull&#8217;accessibilit\u00e0 si applica a tutti i siti web da noi gestiti, salvo diversa indicazione.<\/span><\/p>\n<h2>Stato di compatibilit\u00e0 con i requisiti<\/h2>\n<p><span style=\"vertical-align: inherit;\">SunElements GmbH si impegna a rendere il proprio sito web il pi\u00f9 accessibile possibile ed \u00e8 guidata dalle linee guida per l&#8217;accessibilit\u00e0 dei contenuti web 2.1 (WCAG 2.1) WAI \/ W3C.<\/span><\/p>\n<p align=\"justify\"><span style=\"vertical-align: inherit;\">Ci impegniamo a migliorare costantemente l&#8217;accessibilit\u00e0 dei documenti PDF. L&#8217;accesso senza barriere al contenuto di tutti i documenti PDF non \u00e8 ancora completamente possibile con i mezzi attualmente disponibili. Ti invitiamo a segnalarci eventuali difficolt\u00e0.  <\/span><\/p>\n<h2>Preparazione della presente dichiarazione di accessibilit\u00e0:<\/h2>\n<p align=\"justify\"><span style=\"vertical-align: inherit;\">Questa dichiarazione \u00e8 stata preparata l&#8217;11 febbraio 2025.<\/span><\/p>\n<h2>Feedback e contatti:<\/h2>\n<p align=\"justify\"><span style=\"vertical-align: inherit;\">Le offerte e i servizi di questo sito web vengono costantemente migliorati, scambiati e ampliati. La facilit\u00e0 d&#8217;uso e l&#8217;accessibilit\u00e0 sono molto importanti per noi. <\/span><\/p>\n<p align=\"justify\"><span style=\"vertical-align: inherit;\">Vogliamo che il nostro sito web sia completamente accessibile a tutti gli utenti, indipendentemente dalle loro limitazioni o capacit\u00e0 tecniche. Se vuoi segnalare eventuali carenze in materia di accessibilit\u00e0, puoi farlo all&#8217;indirizzo   <\/span><a class=\"wga-urltype-int\" href=\"https:\/\/sunelements.de\/it\/contattaci\/\" target=\"_blank\" rel=\"noopener\"><span style=\"vertical-align: inherit;\">Modulo di contatto<\/span><\/a><span style=\"vertical-align: inherit;\">  utilizzo. Ci occuperemo della tua richiesta internamente e adotteremo le misure necessarie. <\/span><\/p>\n<h2>Procedura di applicazione \/ ufficio reclami:<\/h2>\n<p align=\"justify\"><span style=\"vertical-align: inherit;\">Se non ricevi una risposta soddisfacente da questa opzione di contatto, puoi presentare un reclamo all&#8217;Agenzia austriaca per la promozione della ricerca (FFG). L&#8217;FFG accetta reclami per via elettronica tramite il modulo di contatto. <\/span><\/p>\n<p><a class=\"wga-urltype-exturl\" href=\"https:\/\/www.ffg.at\/form\/kontaktformular-beschwerdestelle\" target=\"_blank\" rel=\"noopener\" data-wga-urlinfo=\"exturl|https:\/\/www.ffg.at\/form\/kontaktformular-beschwerdestelle\"><span style=\"vertical-align: inherit;\">Modulo di contatto dell&#8217;ufficio reclami<\/span><\/a><\/p>\n<p><span style=\"vertical-align: inherit;\">Questi reclami vengono esaminati dal FFG per determinare se si riferiscono a violazioni delle disposizioni della Legge sull&#8217;accessibilit\u00e0 del web, in particolare a carenze nel rispetto dei requisiti di accessibilit\u00e0, da parte del governo federale o di un&#8217;organizzazione ad esso riconducibile.<\/span><\/p>\n<p><span style=\"vertical-align: inherit;\">Se il reclamo \u00e8 giustificato, il FFG deve formulare raccomandazioni per l&#8217;azione al governo federale o alle entit\u00e0 legali interessate e proporre misure per rimediare alle carenze esistenti.<\/span><\/p>\n<p><a class=\"wga-urltype-exturl\" href=\"https:\/\/www.ffg.at\/barrierefreiheit\/beschwerdestelle\" target=\"_blank\" rel=\"noopener\" data-wga-urlinfo=\"exturl|https:\/\/www.ffg.at\/barrierefreiheit\/beschwerdestelle\"><span style=\"vertical-align: inherit;\">Ulteriori informazioni sulla procedura di reclamo<\/span><\/a><\/p>\n<\/div>\n<div id=\"content-modules-8026bd2d9bf3d57bd4d747a98c045edd\" class=\"content-modules\">\n<div id=\"module-cm_rtf_default\" class=\"module module-cm_rtf first-child last-child\">\n<div class=\"rtf\"> <\/div>\n<\/div>\n<\/div>\t\t\t\t\t\t\t\t<\/div>\n\t\t\t\t<\/div>\n\t\t\t\t\t<\/div>\n\t\t<\/div>\n\t\t\t\t\t<\/div>\n\t\t<\/section>\n\t\t\t\t<\/div>\n\t\t","protected":false},"excerpt":{"rendered":"<p>Dichiarazione sull&#8217;accessibilit\u00e0 SunElements GmbH si impegna a rendere accessibili i propri siti web in conformit\u00e0 con la legge sull&#8217;accessibilit\u00e0 del web (Gazzetta Ufficiale Federale I n. 59\/2019).La presente dichiarazione sull&#8217;accessibilit\u00e0 si applica a tutti i siti web da noi gestiti, salvo diversa indicazione. Stato di compatibilit\u00e0 con i requisiti SunElements GmbH si impegna a rendere [&hellip;]<\/p>\n","protected":false},"author":6,"featured_media":0,"parent":0,"menu_order":0,"comment_status":"closed","ping_status":"closed","template":"","meta":{"site-sidebar-layout":"default","site-content-layout":"","ast-site-content-layout":"default","site-content-style":"default","site-sidebar-style":"default","ast-global-header-display":"","ast-banner-title-visibility":"","ast-main-header-display":"","ast-hfb-above-header-display":"","ast-hfb-below-header-display":"","ast-hfb-mobile-header-display":"","site-post-title":"","ast-breadcrumbs-content":"","ast-featured-img":"","footer-sml-layout":"","ast-disable-related-posts":"","theme-transparent-header-meta":"default","adv-header-id-meta":"","stick-header-meta":"default","header-above-stick-meta":"","header-main-stick-meta":"","header-below-stick-meta":"","astra-migrate-meta-layouts":"default","ast-page-background-enabled":"default","ast-page-background-meta":{"desktop":{"background-color":"var(--ast-global-color-4)","background-image":"","background-repeat":"repeat","background-position":"center center","background-size":"auto","background-attachment":"scroll","background-type":"","background-media":"","overlay-type":"","overlay-color":"","overlay-opacity":"","overlay-gradient":""},"tablet":{"background-color":"","background-image":"","background-repeat":"repeat","background-position":"center center","background-size":"auto","background-attachment":"scroll","background-type":"","background-media":"","overlay-type":"","overlay-color":"","overlay-opacity":"","overlay-gradient":""},"mobile":{"background-color":"","background-image":"","background-repeat":"repeat","background-position":"center center","background-size":"auto","background-attachment":"scroll","background-type":"","background-media":"","overlay-type":"","overlay-color":"","overlay-opacity":"","overlay-gradient":""}},"ast-content-background-meta":{"desktop":{"background-color":"var(--ast-global-color-5)","background-image":"","background-repeat":"repeat","background-position":"center center","background-size":"auto","background-attachment":"scroll","background-type":"","background-media":"","overlay-type":"","overlay-color":"","overlay-opacity":"","overlay-gradient":""},"tablet":{"background-color":"var(--ast-global-color-5)","background-image":"","background-repeat":"repeat","background-position":"center center","background-size":"auto","background-attachment":"scroll","background-type":"","background-media":"","overlay-type":"","overlay-color":"","overlay-opacity":"","overlay-gradient":""},"mobile":{"background-color":"var(--ast-global-color-5)","background-image":"","background-repeat":"repeat","background-position":"center center","background-size":"auto","background-attachment":"scroll","background-type":"","background-media":"","overlay-type":"","overlay-color":"","overlay-opacity":"","overlay-gradient":""}},"_themeisle_gutenberg_block_has_review":false,"footnotes":""},"class_list":["post-17036","page","type-page","status-publish","hentry"],"_links":{"self":[{"href":"https:\/\/sunelements.de\/it\/wp-json\/wp\/v2\/pages\/17036","targetHints":{"allow":["GET"]}}],"collection":[{"href":"https:\/\/sunelements.de\/it\/wp-json\/wp\/v2\/pages"}],"about":[{"href":"https:\/\/sunelements.de\/it\/wp-json\/wp\/v2\/types\/page"}],"author":[{"embeddable":true,"href":"https:\/\/sunelements.de\/it\/wp-json\/wp\/v2\/users\/6"}],"replies":[{"embeddable":true,"href":"https:\/\/sunelements.de\/it\/wp-json\/wp\/v2\/comments?post=17036"}],"version-history":[{"count":0,"href":"https:\/\/sunelements.de\/it\/wp-json\/wp\/v2\/pages\/17036\/revisions"}],"wp:attachment":[{"href":"https:\/\/sunelements.de\/it\/wp-json\/wp\/v2\/media?parent=17036"}],"curies":[{"name":"wp","href":"https:\/\/api.w.org\/{rel}","templated":true}]}}