{"id":12978,"date":"2023-11-04T13:41:44","date_gmt":"2023-11-04T12:41:44","guid":{"rendered":"https:\/\/sunelements.de\/caratteristiche\/"},"modified":"2025-11-10T14:08:17","modified_gmt":"2025-11-10T13:08:17","slug":"caratteristiche","status":"publish","type":"page","link":"https:\/\/sunelements.de\/it\/caratteristiche\/","title":{"rendered":"Caratteristiche"},"content":{"rendered":"\t\t<div data-elementor-type=\"wp-page\" data-elementor-id=\"12978\" class=\"elementor elementor-12978 elementor-8093\" data-elementor-post-type=\"page\">\n\t\t\t\t\t\t<section class=\"elementor-section elementor-top-section elementor-element elementor-element-ff231f7 elementor-section-full_width elementor-hidden-mobile elementor-section-height-default elementor-section-height-default\" data-id=\"ff231f7\" data-element_type=\"section\" data-e-type=\"section\">\n\t\t\t\t\t\t<div class=\"elementor-container elementor-column-gap-default\">\n\t\t\t\t\t<div class=\"elementor-column elementor-col-100 elementor-top-column elementor-element elementor-element-91cfc49\" data-id=\"91cfc49\" data-element_type=\"column\" data-e-type=\"column\">\n\t\t\t<div class=\"elementor-widget-wrap elementor-element-populated\">\n\t\t\t\t\t\t<div class=\"elementor-element elementor-element-4f6ffa4 elementor--h-position-left elementor--v-position-middle elementor-arrows-position-inside elementor-pagination-position-inside elementor-widget elementor-widget-slides\" data-id=\"4f6ffa4\" data-element_type=\"widget\" data-e-type=\"widget\" data-settings=\"{&quot;autoplay_speed&quot;:4000,&quot;navigation&quot;:&quot;both&quot;,&quot;autoplay&quot;:&quot;yes&quot;,&quot;pause_on_hover&quot;:&quot;yes&quot;,&quot;pause_on_interaction&quot;:&quot;yes&quot;,&quot;infinite&quot;:&quot;yes&quot;,&quot;transition&quot;:&quot;slide&quot;,&quot;transition_speed&quot;:500}\" data-widget_type=\"slides.default\">\n\t\t\t\t<div class=\"elementor-widget-container\">\n\t\t\t\t\t\t\t\t\t<div class=\"elementor-swiper\">\n\t\t\t\t\t<div class=\"elementor-slides-wrapper elementor-main-swiper swiper\" role=\"region\" aria-roledescription=\"carousel\" aria-label=\"Slider\" dir=\"ltr\" data-animation=\"\">\n\t\t\t\t<div class=\"swiper-wrapper elementor-slides\">\n\t\t\t\t\t\t\t\t\t\t<div class=\"elementor-repeater-item-2d1601d swiper-slide\" role=\"group\" aria-roledescription=\"slide\"><div class=\"swiper-slide-bg\" role=\"img\" aria-label=\"SunElements-SunGarden-Solargewaechshaus-Sommergarten-Photovoltaikgewaechshaus-Flachdachgewaechshaus-Modern-Design\"><\/div><div class=\"swiper-slide-inner\" ><div class=\"swiper-slide-contents\"><div class=\"elementor-slide-description\"><div>\n<div style=\"color:#ff7643\"><b>pronto. set. crescere.<\/b><\/div>\n<div style=\"font-size:90px;  \"><b>Sun<\/b><span style=\"font-weight: 100;\">Garden<\/p>\n<div style=\"color:#ff7643\"><b>Caratteristiche<\/b><\/div>\n<p><\/span><\/div>\n<\/div><\/div><\/div><\/div>\t\t\t\t<\/div>\n\t\t\t\t\t\t\t<\/div>\n\t\t\t\t<\/div>\n\t\t\t\t\t\t\t\t<\/div>\n\t\t\t\t<\/div>\n\t\t\t\t\t<\/div>\n\t\t<\/div>\n\t\t\t\t\t<\/div>\n\t\t<\/section>\n\t\t\t\t<section class=\"elementor-section elementor-top-section elementor-element elementor-element-241625eb elementor-hidden-desktop elementor-hidden-tablet elementor-section-boxed elementor-section-height-default elementor-section-height-default\" data-id=\"241625eb\" data-element_type=\"section\" data-e-type=\"section\">\n\t\t\t\t\t\t<div class=\"elementor-container elementor-column-gap-default\">\n\t\t\t\t\t<div class=\"elementor-column elementor-col-100 elementor-top-column elementor-element elementor-element-42768227\" data-id=\"42768227\" data-element_type=\"column\" data-e-type=\"column\">\n\t\t\t<div class=\"elementor-widget-wrap elementor-element-populated\">\n\t\t\t\t\t\t<div class=\"elementor-element elementor-element-442da4c elementor-widget-mobile__width-inherit elementor-widget elementor-widget-image\" data-id=\"442da4c\" data-element_type=\"widget\" data-e-type=\"widget\" data-widget_type=\"image.default\">\n\t\t\t\t<div class=\"elementor-widget-container\">\n\t\t\t\t\t\t\t\t\t\t\t\t\t\t\t<img fetchpriority=\"high\" decoding=\"async\" width=\"1800\" height=\"762\" src=\"https:\/\/sunelements.de\/wp-content\/uploads\/2023\/12\/SunElements-SunGarden-Solargewaechshaus-Photovoltaikgewaechshaus-Flachdachgewaechshaus-Modern-Design-1.jpg\" class=\"attachment-full size-full wp-image-10370\" alt=\"SunElements-SunGarden-Solargewaechshaus-Sommergarten-Photovoltaikgewaechshaus-Flachdachgewaechshaus-Modern-Design\" srcset=\"https:\/\/sunelements.de\/wp-content\/uploads\/2023\/12\/SunElements-SunGarden-Solargewaechshaus-Photovoltaikgewaechshaus-Flachdachgewaechshaus-Modern-Design-1.jpg 1800w, https:\/\/sunelements.de\/wp-content\/uploads\/2023\/12\/SunElements-SunGarden-Solargewaechshaus-Photovoltaikgewaechshaus-Flachdachgewaechshaus-Modern-Design-1-300x127.jpg 300w, https:\/\/sunelements.de\/wp-content\/uploads\/2023\/12\/SunElements-SunGarden-Solargewaechshaus-Photovoltaikgewaechshaus-Flachdachgewaechshaus-Modern-Design-1-1024x433.jpg 1024w, https:\/\/sunelements.de\/wp-content\/uploads\/2023\/12\/SunElements-SunGarden-Solargewaechshaus-Photovoltaikgewaechshaus-Flachdachgewaechshaus-Modern-Design-1-768x325.jpg 768w, https:\/\/sunelements.de\/wp-content\/uploads\/2023\/12\/SunElements-SunGarden-Solargewaechshaus-Photovoltaikgewaechshaus-Flachdachgewaechshaus-Modern-Design-1-1536x650.jpg 1536w, https:\/\/sunelements.de\/wp-content\/uploads\/2023\/12\/SunElements-SunGarden-Solargewaechshaus-Photovoltaikgewaechshaus-Flachdachgewaechshaus-Modern-Design-1-600x254.jpg 600w\" sizes=\"(max-width: 1800px) 100vw, 1800px\" \/>\t\t\t\t\t\t\t\t\t\t\t\t\t\t\t<\/div>\n\t\t\t\t<\/div>\n\t\t\t\t<div class=\"elementor-element elementor-element-2b054002 elementor-widget elementor-widget-text-editor\" data-id=\"2b054002\" data-element_type=\"widget\" data-e-type=\"widget\" data-widget_type=\"text-editor.default\">\n\t\t\t\t<div class=\"elementor-widget-container\">\n\t\t\t\t\t\t\t\t\t<p>pronto. set. crescere.<\/p>\t\t\t\t\t\t\t\t<\/div>\n\t\t\t\t<\/div>\n\t\t\t\t<div class=\"elementor-element elementor-element-6d5eb594 elementor-widget-divider--view-line elementor-widget elementor-widget-divider\" data-id=\"6d5eb594\" data-element_type=\"widget\" data-e-type=\"widget\" data-widget_type=\"divider.default\">\n\t\t\t\t<div class=\"elementor-widget-container\">\n\t\t\t\t\t\t\t<div class=\"elementor-divider\">\n\t\t\t<span class=\"elementor-divider-separator\">\n\t\t\t\t\t\t<\/span>\n\t\t<\/div>\n\t\t\t\t\t\t<\/div>\n\t\t\t\t<\/div>\n\t\t\t\t<div class=\"elementor-element elementor-element-4d731872 elementor-widget elementor-widget-heading\" data-id=\"4d731872\" data-element_type=\"widget\" data-e-type=\"widget\" data-widget_type=\"heading.default\">\n\t\t\t\t<div class=\"elementor-widget-container\">\n\t\t\t\t\t<div class=\"elementor-heading-title elementor-size-xl\"><strong>SunGarden<\/strong><\/div>\t\t\t\t<\/div>\n\t\t\t\t<\/div>\n\t\t\t\t<div class=\"elementor-element elementor-element-1af58d4a elementor-widget elementor-widget-text-editor\" data-id=\"1af58d4a\" data-element_type=\"widget\" data-e-type=\"widget\" data-widget_type=\"text-editor.default\">\n\t\t\t\t<div class=\"elementor-widget-container\">\n\t\t\t\t\t\t\t\t\t<p style=\"text-align: center;\">Il futuro delle serre.<\/p>\t\t\t\t\t\t\t\t<\/div>\n\t\t\t\t<\/div>\n\t\t\t\t\t<\/div>\n\t\t<\/div>\n\t\t\t\t\t<\/div>\n\t\t<\/section>\n\t\t\t\t<section class=\"elementor-section elementor-top-section elementor-element elementor-element-97350f4 elementor-section-boxed elementor-section-height-default elementor-section-height-default\" data-id=\"97350f4\" data-element_type=\"section\" data-e-type=\"section\">\n\t\t\t\t\t\t<div class=\"elementor-container elementor-column-gap-default\">\n\t\t\t\t\t<div class=\"elementor-column elementor-col-100 elementor-top-column elementor-element elementor-element-73a35f1\" data-id=\"73a35f1\" data-element_type=\"column\" data-e-type=\"column\">\n\t\t\t<div class=\"elementor-widget-wrap elementor-element-populated\">\n\t\t\t\t\t\t<div class=\"elementor-element elementor-element-7b69d05 elementor-widget elementor-widget-spacer\" data-id=\"7b69d05\" data-element_type=\"widget\" data-e-type=\"widget\" data-widget_type=\"spacer.default\">\n\t\t\t\t<div class=\"elementor-widget-container\">\n\t\t\t\t\t\t\t<div class=\"elementor-spacer\">\n\t\t\t<div class=\"elementor-spacer-inner\"><\/div>\n\t\t<\/div>\n\t\t\t\t\t\t<\/div>\n\t\t\t\t<\/div>\n\t\t\t\t<div class=\"elementor-element elementor-element-de549bf elementor-widget elementor-widget-menu-anchor\" data-id=\"de549bf\" data-element_type=\"widget\" data-e-type=\"widget\" data-widget_type=\"menu-anchor.default\">\n\t\t\t\t<div class=\"elementor-widget-container\">\n\t\t\t\t\t\t\t<div class=\"elementor-menu-anchor\" id=\"Caratteristiche\"><\/div>\n\t\t\t\t\t\t<\/div>\n\t\t\t\t<\/div>\n\t\t\t\t<div class=\"elementor-element elementor-element-c8c61e4 elementor-widget elementor-widget-heading\" data-id=\"c8c61e4\" data-element_type=\"widget\" data-e-type=\"widget\" data-widget_type=\"heading.default\">\n\t\t\t\t<div class=\"elementor-widget-container\">\n\t\t\t\t\t<h1 class=\"elementor-heading-title elementor-size-default\">Le <span style=\"color: #ff7643;font-weight: 600\">caratteristiche<\/span><\/h1>\t\t\t\t<\/div>\n\t\t\t\t<\/div>\n\t\t\t\t<div class=\"elementor-element elementor-element-96b8ed8 elementor-widget elementor-widget-text-editor\" data-id=\"96b8ed8\" data-element_type=\"widget\" data-e-type=\"widget\" data-widget_type=\"text-editor.default\">\n\t\t\t\t<div class=\"elementor-widget-container\">\n\t\t\t\t\t\t\t\t\t<p>La funzionalit\u00e0 in sintesi.<\/p>\t\t\t\t\t\t\t\t<\/div>\n\t\t\t\t<\/div>\n\t\t\t\t<div class=\"elementor-element elementor-element-a65ff7a elementor-widget-divider--view-line elementor-widget elementor-widget-divider\" data-id=\"a65ff7a\" data-element_type=\"widget\" data-e-type=\"widget\" data-widget_type=\"divider.default\">\n\t\t\t\t<div class=\"elementor-widget-container\">\n\t\t\t\t\t\t\t<div class=\"elementor-divider\">\n\t\t\t<span class=\"elementor-divider-separator\">\n\t\t\t\t\t\t<\/span>\n\t\t<\/div>\n\t\t\t\t\t\t<\/div>\n\t\t\t\t<\/div>\n\t\t\t\t<div class=\"elementor-element elementor-element-d713959 elementor-widget elementor-widget-spacer\" data-id=\"d713959\" data-element_type=\"widget\" data-e-type=\"widget\" data-widget_type=\"spacer.default\">\n\t\t\t\t<div class=\"elementor-widget-container\">\n\t\t\t\t\t\t\t<div class=\"elementor-spacer\">\n\t\t\t<div class=\"elementor-spacer-inner\"><\/div>\n\t\t<\/div>\n\t\t\t\t\t\t<\/div>\n\t\t\t\t<\/div>\n\t\t\t\t\t<\/div>\n\t\t<\/div>\n\t\t\t\t\t<\/div>\n\t\t<\/section>\n\t\t\t\t<section class=\"elementor-section elementor-top-section elementor-element elementor-element-549f699 elementor-section-boxed elementor-section-height-default elementor-section-height-default\" data-id=\"549f699\" data-element_type=\"section\" data-e-type=\"section\">\n\t\t\t\t\t\t<div class=\"elementor-container elementor-column-gap-default\">\n\t\t\t\t\t<div class=\"elementor-column elementor-col-66 elementor-top-column elementor-element elementor-element-3b240c4\" data-id=\"3b240c4\" data-element_type=\"column\" data-e-type=\"column\">\n\t\t\t<div class=\"elementor-widget-wrap elementor-element-populated\">\n\t\t\t\t\t\t<div class=\"elementor-element elementor-element-88bb2c9 elementor-widget elementor-widget-heading\" data-id=\"88bb2c9\" data-element_type=\"widget\" data-e-type=\"widget\" data-widget_type=\"heading.default\">\n\t\t\t\t<div class=\"elementor-widget-container\">\n\t\t\t\t\t<h2 class=\"elementor-heading-title elementor-size-default\"><span style=\"color: #ff7643;font-weight: 600\">Qualit\u00e0 che convince<\/span><\/h2>\t\t\t\t<\/div>\n\t\t\t\t<\/div>\n\t\t\t\t<div class=\"elementor-element elementor-element-400c4cc elementor-widget elementor-widget-spacer\" data-id=\"400c4cc\" data-element_type=\"widget\" data-e-type=\"widget\" data-widget_type=\"spacer.default\">\n\t\t\t\t<div class=\"elementor-widget-container\">\n\t\t\t\t\t\t\t<div class=\"elementor-spacer\">\n\t\t\t<div class=\"elementor-spacer-inner\"><\/div>\n\t\t<\/div>\n\t\t\t\t\t\t<\/div>\n\t\t\t\t<\/div>\n\t\t\t\t<div class=\"elementor-element elementor-element-5e6e273 elementor-widget elementor-widget-text-editor\" data-id=\"5e6e273\" data-element_type=\"widget\" data-e-type=\"widget\" data-widget_type=\"text-editor.default\">\n\t\t\t\t<div class=\"elementor-widget-container\">\n\t\t\t\t\t\t\t\t\t<p><span style=\"font-size: 14pt;\"><strong>Il design unico incontra un&#8217;ingegnosa <\/strong><\/span><span style=\"font-size: 14pt;\"><strong>funzionalit\u00e0.<\/strong><\/span><\/p>\t\t\t\t\t\t\t\t<\/div>\n\t\t\t\t<\/div>\n\t\t\t\t<div class=\"elementor-element elementor-element-e8f13e9 elementor-widget elementor-widget-image\" data-id=\"e8f13e9\" data-element_type=\"widget\" data-e-type=\"widget\" data-widget_type=\"image.default\">\n\t\t\t\t<div class=\"elementor-widget-container\">\n\t\t\t\t\t\t\t\t\t\t\t\t\t\t\t<img decoding=\"async\" width=\"1024\" height=\"683\" src=\"https:\/\/sunelements.de\/wp-content\/uploads\/2023\/11\/SunElements.at-Features-Funktionalitaet-im-Ueberblick-1024x683.jpg\" class=\"attachment-large size-large wp-image-12980\" alt=\"\" srcset=\"https:\/\/sunelements.de\/wp-content\/uploads\/2023\/11\/SunElements.at-Features-Funktionalitaet-im-Ueberblick-1024x683.jpg 1024w, https:\/\/sunelements.de\/wp-content\/uploads\/2023\/11\/SunElements.at-Features-Funktionalitaet-im-Ueberblick-300x200.jpg 300w, https:\/\/sunelements.de\/wp-content\/uploads\/2023\/11\/SunElements.at-Features-Funktionalitaet-im-Ueberblick-768x512.jpg 768w, https:\/\/sunelements.de\/wp-content\/uploads\/2023\/11\/SunElements.at-Features-Funktionalitaet-im-Ueberblick-1536x1024.jpg 1536w, https:\/\/sunelements.de\/wp-content\/uploads\/2023\/11\/SunElements.at-Features-Funktionalitaet-im-Ueberblick-600x400.jpg 600w, https:\/\/sunelements.de\/wp-content\/uploads\/2023\/11\/SunElements.at-Features-Funktionalitaet-im-Ueberblick.jpg 1800w\" sizes=\"(max-width: 1024px) 100vw, 1024px\" \/>\t\t\t\t\t\t\t\t\t\t\t\t\t\t\t<\/div>\n\t\t\t\t<\/div>\n\t\t\t\t<div class=\"elementor-element elementor-element-39f2b10 elementor-widget elementor-widget-spacer\" data-id=\"39f2b10\" data-element_type=\"widget\" data-e-type=\"widget\" data-widget_type=\"spacer.default\">\n\t\t\t\t<div class=\"elementor-widget-container\">\n\t\t\t\t\t\t\t<div class=\"elementor-spacer\">\n\t\t\t<div class=\"elementor-spacer-inner\"><\/div>\n\t\t<\/div>\n\t\t\t\t\t\t<\/div>\n\t\t\t\t<\/div>\n\t\t\t\t\t<\/div>\n\t\t<\/div>\n\t\t\t\t<div class=\"elementor-column elementor-col-33 elementor-top-column elementor-element elementor-element-8602e97\" data-id=\"8602e97\" data-element_type=\"column\" data-e-type=\"column\">\n\t\t\t<div class=\"elementor-widget-wrap elementor-element-populated\">\n\t\t\t\t\t\t<div class=\"elementor-element elementor-element-d58808c elementor-widget elementor-widget-text-editor\" data-id=\"d58808c\" data-element_type=\"widget\" data-e-type=\"widget\" data-widget_type=\"text-editor.default\">\n\t\t\t\t<div class=\"elementor-widget-container\">\n\t\t\t\t\t\t\t\t\t<p><img decoding=\"async\" class=\"size-full wp-image-8569\" src=\"https:\/\/sunelements.de\/wp-content\/uploads\/2023\/11\/SunElements-at-Logo-Icon-orange.png\" alt=\"SunElements-at-Logo-Icon-orange\" width=\"40\" height=\"34\"> <strong style=\"font-style: inherit; color: var(--ast-global-color-2); background-color: var(--ast-global-color-5); font-size: 14pt;\"><span style=\"color: #ff7643;\">Un clima ottimale per le tue piante:<\/span><\/strong><\/p><p>Il design innovativo prevede un&#8217;apertura integrata nell&#8217;area del tetto, controllata da leve. Il calore in eccesso viene dissipato in modo efficiente, creando un clima ottimale per le tue piante.<\/p>\t\t\t\t\t\t\t\t<\/div>\n\t\t\t\t<\/div>\n\t\t\t\t<div class=\"elementor-element elementor-element-7804ba3 elementor-widget elementor-widget-text-editor\" data-id=\"7804ba3\" data-element_type=\"widget\" data-e-type=\"widget\" data-widget_type=\"text-editor.default\">\n\t\t\t\t<div class=\"elementor-widget-container\">\n\t\t\t\t\t\t\t\t\t<p><img decoding=\"async\" class=\"size-full wp-image-8569\" src=\"https:\/\/sunelements.de\/wp-content\/uploads\/2023\/11\/SunElements-at-Logo-Icon-orange.png\" alt=\"SunElements-at-Logo-Icon-orange\" width=\"40\" height=\"34\"> <strong style=\"font-style: inherit; background-color: var(--ast-global-color-5); color: var(--ast-global-color-2); font-size: 14pt;\"><span style=\"color: #ff7643;\">Sicurezza del carico del tetto anche in caso di forti nevicate:<\/span><\/strong><\/p><p>Con un&#8217;impressionante capacit\u00e0 di carico del tetto di oltre 150 kg\/m\u00b2, il SunGarden offre un&#8217;eccezionale stabilit\u00e0 e sicurezza per le tue piante, anche in condizioni climatiche estreme.<\/p>\t\t\t\t\t\t\t\t<\/div>\n\t\t\t\t<\/div>\n\t\t\t\t<div class=\"elementor-element elementor-element-f8f1348 elementor-widget elementor-widget-text-editor\" data-id=\"f8f1348\" data-element_type=\"widget\" data-e-type=\"widget\" data-widget_type=\"text-editor.default\">\n\t\t\t\t<div class=\"elementor-widget-container\">\n\t\t\t\t\t\t\t\t\t<p><img decoding=\"async\" class=\"size-full wp-image-8569\" src=\"https:\/\/sunelements.de\/wp-content\/uploads\/2023\/11\/SunElements-at-Logo-Icon-orange.png\" alt=\"SunElements-at-Logo-Icon-orange\" width=\"40\" height=\"34\"> <strong style=\"font-size: 14pt; font-style: inherit; background-color: var(--ast-global-color-5); color: var(--ast-global-color-2);\"><span style=\"color: #ff7643;\">Rendere utilizzabile l&#8217;acqua piovana:<\/span><\/strong><\/p><p>La costruzione del tetto con grondaie e drenaggi viene realizzata in base alle dimensioni della casa, ai bordi o al centro del tetto.<\/p>\t\t\t\t\t\t\t\t<\/div>\n\t\t\t\t<\/div>\n\t\t\t\t<div class=\"elementor-element elementor-element-36a9f73 elementor-widget elementor-widget-text-editor\" data-id=\"36a9f73\" data-element_type=\"widget\" data-e-type=\"widget\" data-widget_type=\"text-editor.default\">\n\t\t\t\t<div class=\"elementor-widget-container\">\n\t\t\t\t\t\t\t\t\t<p><img decoding=\"async\" class=\"size-full wp-image-8569\" src=\"https:\/\/sunelements.de\/wp-content\/uploads\/2023\/11\/SunElements-at-Logo-Icon-orange.png\" alt=\"SunElements-at-Logo-Icon-orange\" width=\"40\" height=\"34\"> <strong style=\"font-size: 14pt; font-style: inherit; background-color: var(--ast-global-color-5); color: var(--ast-global-color-2);\"><span style=\"color: #ff7643;\">Elementi a parete con versatili opzioni di vetratura:<\/span><\/strong><\/p><p>La nostra collezione di serre ti offre una scelta di 5 pannelli da parete di alta qualit\u00e0:<\/p><p><br><br><br>&#8211; lastre a doppia pelle da 10 mm per un eccellente isolamento &#8211; vetro di sicurezza temprato da 5 mm con finitura satinata per una speciale diffusione della luce &#8211; vetro acrilico grigio fumo o trasparente da 6 mm per un&#8217;elegante privacy &#8211; moduli fotovoltaici a doppio vetro per una produzione di energia sostenibile<\/p>\t\t\t\t\t\t\t\t<\/div>\n\t\t\t\t<\/div>\n\t\t\t\t<div class=\"elementor-element elementor-element-4cd826b elementor-widget elementor-widget-text-editor\" data-id=\"4cd826b\" data-element_type=\"widget\" data-e-type=\"widget\" data-widget_type=\"text-editor.default\">\n\t\t\t\t<div class=\"elementor-widget-container\">\n\t\t\t\t\t\t\t\t\t<p><img decoding=\"async\" class=\"size-full wp-image-8569\" src=\"https:\/\/sunelements.de\/wp-content\/uploads\/2023\/11\/SunElements-at-Logo-Icon-orange.png\" alt=\"SunElements-at-Logo-Icon-orange\" width=\"40\" height=\"34\">&nbsp;<strong style=\"font-size: 14pt; font-style: inherit; background-color: var(--ast-global-color-5); color: var(--ast-global-color-2);\"><span style=\"color: #ff7643;\">Stabilit\u00e0 e assenza di manutenzione:<\/span><\/strong><\/p>\n<p>La struttura in alluminio autoportante con una geometria del profilo unica garantisce non solo sicurezza e stabilit\u00e0, ma anche un divertimento senza manutenzione e per tutta la vita. Un sistema a incastro ben studiato consente un montaggio facile e indipendente e la successiva sostituzione degli elementi della parete.<\/p>\t\t\t\t\t\t\t\t<\/div>\n\t\t\t\t<\/div>\n\t\t\t\t<div class=\"elementor-element elementor-element-8b46239 elementor-widget elementor-widget-text-editor\" data-id=\"8b46239\" data-element_type=\"widget\" data-e-type=\"widget\" data-widget_type=\"text-editor.default\">\n\t\t\t\t<div class=\"elementor-widget-container\">\n\t\t\t\t\t\t\t\t\t<p><img decoding=\"async\" class=\"size-full wp-image-8569\" src=\"https:\/\/sunelements.de\/wp-content\/uploads\/2023\/11\/SunElements-at-Logo-Icon-orange.png\" alt=\"SunElements-at-Logo-Icon-orange\" width=\"40\" height=\"34\"> <strong style=\"font-size: 14pt; font-style: inherit; background-color: var(--ast-global-color-5); color: var(--ast-global-color-2);\"><span style=\"color: #ff7643;\">Posizione flessibile della porta:<\/span><\/strong><\/p><p>Un&#8217;elegante struttura in alluminio, maniglie di alta qualit\u00e0 e una robusta serratura a cilindro conferiscono al tuo SunGarden un&#8217;eleganza speciale. La porta grande pu\u00f2 essere montata in modo flessibile tra due supporti in qualsiasi punto. La cerniera della porta pu\u00f2 essere selezionata liberamente a destra o a sinistra durante l&#8217;installazione.<\/p>\t\t\t\t\t\t\t\t<\/div>\n\t\t\t\t<\/div>\n\t\t\t\t<div class=\"elementor-element elementor-element-162a47e elementor-align-left elementor-widget elementor-widget-button\" data-id=\"162a47e\" data-element_type=\"widget\" data-e-type=\"widget\" data-widget_type=\"button.default\">\n\t\t\t\t<div class=\"elementor-widget-container\">\n\t\t\t\t\t\t\t\t\t<div class=\"elementor-button-wrapper\">\n\t\t\t\t\t<a class=\"elementor-button elementor-button-link elementor-size-sm\" href=\"https:\/\/sunelements.de\/it\/download-2\/\">\n\t\t\t\t\t\t<span class=\"elementor-button-content-wrapper\">\n\t\t\t\t\t\t\t\t\t<span class=\"elementor-button-text\">Richiesta rapida<\/span>\n\t\t\t\t\t<\/span>\n\t\t\t\t\t<\/a>\n\t\t\t\t<\/div>\n\t\t\t\t\t\t\t\t<\/div>\n\t\t\t\t<\/div>\n\t\t\t\t\t<\/div>\n\t\t<\/div>\n\t\t\t\t\t<\/div>\n\t\t<\/section>\n\t\t\t\t<section class=\"elementor-section elementor-top-section elementor-element elementor-element-768708b elementor-section-boxed elementor-section-height-default elementor-section-height-default\" data-id=\"768708b\" data-element_type=\"section\" data-e-type=\"section\">\n\t\t\t\t\t\t<div class=\"elementor-container elementor-column-gap-default\">\n\t\t\t\t\t<div class=\"elementor-column elementor-col-100 elementor-top-column elementor-element elementor-element-0b7063e\" data-id=\"0b7063e\" data-element_type=\"column\" data-e-type=\"column\">\n\t\t\t<div class=\"elementor-widget-wrap elementor-element-populated\">\n\t\t\t\t\t\t<div class=\"elementor-element elementor-element-5c24f21 elementor-widget elementor-widget-spacer\" data-id=\"5c24f21\" data-element_type=\"widget\" data-e-type=\"widget\" data-widget_type=\"spacer.default\">\n\t\t\t\t<div class=\"elementor-widget-container\">\n\t\t\t\t\t\t\t<div class=\"elementor-spacer\">\n\t\t\t<div class=\"elementor-spacer-inner\"><\/div>\n\t\t<\/div>\n\t\t\t\t\t\t<\/div>\n\t\t\t\t<\/div>\n\t\t\t\t\t<\/div>\n\t\t<\/div>\n\t\t\t\t\t<\/div>\n\t\t<\/section>\n\t\t\t\t<\/div>\n\t\t","protected":false},"excerpt":{"rendered":"<p>pronto. set. crescere. SunGarden Caratteristiche pronto. set. crescere. SunGarden Il futuro delle serre. Le caratteristiche La funzionalit\u00e0 in sintesi. Qualit\u00e0 che convince Il design unico incontra un&#8217;ingegnosa funzionalit\u00e0. Un clima ottimale per le tue piante: Il design innovativo prevede un&#8217;apertura integrata nell&#8217;area del tetto, controllata da leve. Il calore in eccesso viene dissipato in modo [&hellip;]<\/p>\n","protected":false},"author":2,"featured_media":0,"parent":0,"menu_order":0,"comment_status":"closed","ping_status":"closed","template":"","meta":{"site-sidebar-layout":"no-sidebar","site-content-layout":"page-builder","ast-site-content-layout":"full-width-container","site-content-style":"default","site-sidebar-style":"default","ast-global-header-display":"","ast-banner-title-visibility":"","ast-main-header-display":"","ast-hfb-above-header-display":"","ast-hfb-below-header-display":"","ast-hfb-mobile-header-display":"","site-post-title":"disabled","ast-breadcrumbs-content":"","ast-featured-img":"disabled","footer-sml-layout":"","ast-disable-related-posts":"","theme-transparent-header-meta":"default","adv-header-id-meta":"","stick-header-meta":"default","header-above-stick-meta":"","header-main-stick-meta":"","header-below-stick-meta":"","astra-migrate-meta-layouts":"default","ast-page-background-enabled":"default","ast-page-background-meta":{"desktop":{"background-color":"var(--ast-global-color-4)","background-image":"","background-repeat":"repeat","background-position":"center center","background-size":"auto","background-attachment":"scroll","background-type":"","background-media":"","overlay-type":"","overlay-color":"","overlay-opacity":"","overlay-gradient":""},"tablet":{"background-color":"","background-image":"","background-repeat":"repeat","background-position":"center center","background-size":"auto","background-attachment":"scroll","background-type":"","background-media":"","overlay-type":"","overlay-color":"","overlay-opacity":"","overlay-gradient":""},"mobile":{"background-color":"","background-image":"","background-repeat":"repeat","background-position":"center center","background-size":"auto","background-attachment":"scroll","background-type":"","background-media":"","overlay-type":"","overlay-color":"","overlay-opacity":"","overlay-gradient":""}},"ast-content-background-meta":{"desktop":{"background-color":"var(--ast-global-color-5)","background-image":"","background-repeat":"repeat","background-position":"center center","background-size":"auto","background-attachment":"scroll","background-type":"","background-media":"","overlay-type":"","overlay-color":"","overlay-opacity":"","overlay-gradient":""},"tablet":{"background-color":"var(--ast-global-color-5)","background-image":"","background-repeat":"repeat","background-position":"center center","background-size":"auto","background-attachment":"scroll","background-type":"","background-media":"","overlay-type":"","overlay-color":"","overlay-opacity":"","overlay-gradient":""},"mobile":{"background-color":"var(--ast-global-color-5)","background-image":"","background-repeat":"repeat","background-position":"center center","background-size":"auto","background-attachment":"scroll","background-type":"","background-media":"","overlay-type":"","overlay-color":"","overlay-opacity":"","overlay-gradient":""}},"_themeisle_gutenberg_block_has_review":false,"footnotes":""},"class_list":["post-12978","page","type-page","status-publish","hentry"],"_links":{"self":[{"href":"https:\/\/sunelements.de\/it\/wp-json\/wp\/v2\/pages\/12978","targetHints":{"allow":["GET"]}}],"collection":[{"href":"https:\/\/sunelements.de\/it\/wp-json\/wp\/v2\/pages"}],"about":[{"href":"https:\/\/sunelements.de\/it\/wp-json\/wp\/v2\/types\/page"}],"author":[{"embeddable":true,"href":"https:\/\/sunelements.de\/it\/wp-json\/wp\/v2\/users\/2"}],"replies":[{"embeddable":true,"href":"https:\/\/sunelements.de\/it\/wp-json\/wp\/v2\/comments?post=12978"}],"version-history":[{"count":0,"href":"https:\/\/sunelements.de\/it\/wp-json\/wp\/v2\/pages\/12978\/revisions"}],"wp:attachment":[{"href":"https:\/\/sunelements.de\/it\/wp-json\/wp\/v2\/media?parent=12978"}],"curies":[{"name":"wp","href":"https:\/\/api.w.org\/{rel}","templated":true}]}}