{"id":12940,"date":"2023-05-25T20:03:38","date_gmt":"2023-05-25T18:03:38","guid":{"rendered":"https:\/\/sunelements.de\/informativa-sulla-privacy\/"},"modified":"2024-04-24T11:57:05","modified_gmt":"2024-04-24T09:57:05","slug":"informativa-sulla-privacy","status":"publish","type":"page","link":"https:\/\/sunelements.de\/it\/informativa-sulla-privacy\/","title":{"rendered":"Informativa sulla privacy"},"content":{"rendered":"<h2>Protezione e sicurezza dei dati<\/h2>\n&#13;\n<p>La nostra massima priorit\u00e0 \u00e8 la protezione dei tuoi dati personali. Pertanto, i tuoi dati saranno trattati esclusivamente in conformit\u00e0 al Regolamento generale sulla protezione dei dati dell&#8217;UE (GDPR) e alla legge austriaca sulla protezione dei dati, DSG (come modificata il 25 maggio 2018). La presente informativa sulla privacy ha lo scopo di informarti sul tipo, l&#8217;ambito e le finalit\u00e0 della raccolta e del trattamento dei tuoi dati. Noi, SunElements GmbH, di seguito denominata &#8220;SunElements&#8221;, siamo il contatto responsabile per tutte le questioni relative alla protezione dei dati in relazione al trattamento dei dati. Se hai domande sulla raccolta, l&#8217;elaborazione o l&#8217;utilizzo dei tuoi dati personali, non esitare a contattarci per iscritto:<\/p>&#13;\n<p>SunElements GmbH<br \/>Strada sportiva 7<br \/>4142 Hofkirchen<br \/>Austria<br \/><a href=\"mailto:office@sunelements.at\">E-mail: office@sunelements.at<\/a><\/p>\n&#13;\n<h2 class=\"wp-block-heading\">Raccolta ed elaborazione dei tuoi dati<\/h2>&#13;\n&#13;\n<p>Quando ci contatti, effettui un ordine, ti registri alla nostra newsletter, ti candidi per un lavoro o visiti il nostro sito web, raccogliamo ed elaboriamo alcuni dati personali che ti riguardano. La natura, l&#8217;ambito e le finalit\u00e0 di questo trattamento dei dati sono descritti di seguito.<\/p>&#13;\n<p>Puoi ritirare il tuo consenso o annullare l&#8217;iscrizione alla newsletter in qualsiasi momento. Per farlo, puoi inviarci un messaggio all&#8217;indirizzo e-mail <a href=\"mailto:office@sunelements.at\">office@sunelements.at<\/a> o utilizzare il link di cancellazione alla fine di ogni newsletter. In alternativa, sei libero di informarci con altri mezzi. Inoltre, ci autorizzi espressamente a inviarti via e-mail informazioni utili relative alle tue specifiche intenzioni di acquisto dopo che avrai espresso un chiaro interesse ad effettuare un acquisto (ad esempio, aggiungendo un prodotto al tuo carrello).<\/p>&#13;\n&#13;\n<h2 class=\"wp-block-heading\">Visita del sito web \/ utilizzo dei cookie<\/h2>&#13;\n&#13;\n<p>Nel corso della visita al nostro sito web, raccogliamo i dati personali nella misura tecnicamente necessaria (nome del file a cui si accede, data e ora dell&#8217;accesso, quantit\u00e0 di dati trasferiti, notifica dell&#8217;avvenuto accesso, tipo e versione del browser, sistema operativo dell&#8217;utente, URL di riferimento e provider richiedente). Questi dati non possono essere assegnati da noi a nessuna persona specifica e non sono combinati con dati provenienti da altre fonti.<\/p>&#13;\n<p>Desideriamo sottolineare che i cookie vengono utilizzati durante la visita al nostro sito web. I cookie sono piccoli file o altre forme di memorizzazione di informazioni che vengono trasferiti dal nostro server web o da fornitori di terze parti al browser web dell&#8217;utente e l\u00ec memorizzati per un successivo recupero. I cookie utilizzati sul nostro sito web servono esclusivamente a semplificare il processo di acquisto (ad esempio memorizzando gli articoli nel carrello) e a consentire l&#8217;utilizzo di alcune funzioni del nostro negozio web. I cookie che utilizziamo vengono cancellati dal tuo disco rigido al termine della sessione del browser (cookie di sessione). Questi dati sono raccolti in base alla Sezione 96 (3) del TKG.<\/p>&#13;\n<p>Inoltre, utilizziamo i cookie per analizzare statisticamente l&#8217;utilizzo del nostro sito web nell&#8217;ambito del servizio di analisi web Google Analytics (vedi sotto). Questi dati sono raccolti sulla base dell&#8217;articolo 6, paragrafo 1, lettera f) del GDPR. Se hai dato il tuo consenso preventivo ai sensi dell&#8217;art. 6 par. 1 lit. a GDPR, durante la tua visita al nostro sito web verranno utilizzati cookie di fornitori terzi per registrare e valutare il tuo comportamento di utilizzo. Utilizzando il nostro sito web, acconsenti all&#8217;uso dei cookie. La notifica dell&#8217;utilizzo dei cookie avviene tramite la visualizzazione di un banner al primo accesso al nostro sito web.<\/p>&#13;\n&#13;\n<h2 class=\"wp-block-heading\">Utilizzo e divulgazione dei tuoi dati<\/h2>&#13;\n&#13;\n<p>e utilizzati per adempiere al contratto in essere tra te e noi. I tuoi dati sono trattati in conformit\u00e0 all&#8217;articolo 6, paragrafo 1, lettera b), del Regolamento generale sulla protezione dei dati (GDPR). Non appena il contratto \u00e8 stato completamente elaborato e il prezzo d&#8217;acquisto \u00e8 stato pagato per intero, i tuoi dati saranno archiviati e cancellati dopo la scadenza dei periodi di conservazione previsti dal diritto fiscale e commerciale o dei periodi previsti dalla legge sulla responsabilit\u00e0 dei prodotti, a meno che tu non abbia acconsentito a un ulteriore utilizzo dei tuoi dati.<\/p>&#13;\n<p>I tuoi dati personali saranno trasmessi o divulgati a terzi solo se ci\u00f2 \u00e8 necessario per l&#8217;adempimento del contratto o per la fatturazione o se hai dato il tuo preventivo consenso. Nell&#8217;ambito dell&#8217;elaborazione dell&#8217;ordine, alcuni fornitori di servizi (ad esempio societ\u00e0 di spedizione, fornitori di logistica, fornitori di servizi di pagamento) possono ricevere da noi i dati necessari per l&#8217;ordine e l&#8217;elaborazione dello stesso. In casi eccezionali, siamo obbligati per legge a mettere i dati in questione a disposizione delle autorit\u00e0 se ci\u00f2 \u00e8 necessario a causa di regolamenti legali, ordini ufficiali o procedure di indagine ufficiali.<\/p>&#13;\n&#13;\n<h2 class=\"wp-block-heading\">Sicurezza dei dati<\/h2>&#13;\n&#13;\n<p>I dati del tuo contratto vengono trasmessi in modo sicuro su Internet utilizzando la procedura SSL. Proteggiamo il nostro sito web e gli altri sistemi utilizzando precauzioni tecniche e organizzative per proteggere i tuoi dati da perdita, distruzione, accesso non autorizzato, manipolazione o divulgazione non autorizzata.<\/p>&#13;\n&#13;\n<h2 class=\"wp-block-heading\">Gestione dei candidati<\/h2>&#13;\n&#13;\n<p>Raccogliamo i dati dei candidati alle offerte di lavoro presso di noi allo scopo di avviare un eventuale rapporto di lavoro. Queste informazioni vengono utilizzate esclusivamente per scopi interni e non vengono trasmesse a terzi. Hai il diritto di richiedere la cancellazione dei tuoi dati in qualsiasi momento.<\/p>&#13;\n&#13;\n<h2 class=\"wp-block-heading\">Geo-localizzazione<\/h2>&#13;\n&#13;\n<p>Per aiutarti a trovare un rivenditore SunElements nella tua zona sul nostro sito web, utilizziamo la geolocalizzazione. Utilizzando l&#8217;indirizzo IP dell&#8217;utente Internet, possiamo determinare la posizione.<\/p>&#13;\n<p>Utilizziamo anche la geo-localizzazione per mostrarti nel nostro negozio online i prodotti, i prezzi e le tasse giusti per il tuo paese.<\/p>&#13;\n&#13;\n<h2 class=\"wp-block-heading\">Google Analytics<\/h2>&#13;\n&#13;\n<p>Utilizziamo Google Analytics, un servizio di analisi web fornito da Google Ireland Limited (&#8220;Google&#8221;), Barrow Street, Dublino 4, Irlanda. Al fine di analizzare statisticamente l&#8217;utilizzo del nostro sito web, i cookie vengono memorizzati sul tuo computer come parte di &#8220;Google Analytics&#8221;. Abbiamo stipulato un contratto con Google per l&#8217;elaborazione dei dati commissionati. Le informazioni raccolte da questi cookie sull&#8217;utilizzo del sito web da parte dell&#8217;utente (compreso il suo indirizzo IP) vengono anonimizzate prima di essere memorizzate sui server di Google per evitare che il suo computer venga identificato. Solo in casi eccezionali l&#8217;indirizzo IP completo verr\u00e0 trasmesso a un server di Google negli Stati Uniti e l\u00ec troncato.<\/p>&#13;\n<p>Google utilizza queste informazioni per analizzare l&#8217;utilizzo del sito web, per compilare report sulle attivit\u00e0 del sito web per l&#8217;operatore del sito web e per fornire altri servizi relativi alle attivit\u00e0 del sito web e all&#8217;utilizzo di Internet. L&#8217;indirizzo IP trasmesso dal tuo browser nell&#8217;ambito di Google Analytics non verr\u00e0 unito ad altri dati di Google. Ulteriori informazioni sul trattamento dei dati degli utenti da parte di Google Analytics sono disponibili nell&#8217;informativa sulla privacy di Google: <a href=\"https:\/\/support.google.com\/analytics\/answer\/6004245?hl=de\" target=\"_blank\" rel=\"noopener\">https:\/\/support.google.com\/analytics\/answer\/6004245?hl=de.<\/a><\/p>&#13;\n<p>Se desideri impedire la raccolta e l&#8217;elaborazione dei dati generati dai cookie e dei dati anonimizzati da parte di Google, puoi scaricare e installare il plug-in del browser al seguente link: <a href=\"https:\/\/tools.google.com\/dlpage\/gaoptout?hl=de\" target=\"_blank\" rel=\"noopener\">https:\/\/tools.google.com\/dlpage\/gaoptout?hl=de.<\/a> Tieni presente che in questo caso potresti non essere in grado di utilizzare appieno tutte le funzioni di questo sito web.<\/p>&#13;\n&#13;\n<h2 class=\"wp-block-heading\">Google Maps<\/h2>&#13;\n&#13;\n<p>Su alcuni dei nostri siti web integriamo Google Maps di Google Ireland Limited, Barrow Street, Dublin 4, Ireland, un servizio di visualizzazione di mappe interattive. Questo ci permette di mostrarti i nostri partner commerciali e la nostra posizione aziendale utilizzando Google Maps. Quando l&#8217;utente visita le pagine in cui \u00e8 incorporato Google Maps, Google raccoglie e memorizza alcune informazioni come l&#8217;indirizzo IP, il software del browser utilizzato e le sue impostazioni, che vengono trasferite e memorizzate negli Stati Uniti.<\/p>&#13;\n<p>Google \u00e8 responsabile della raccolta e dell&#8217;archiviazione di questi dati e li utilizza per i propri scopi. Google LLC \u00e8 certificata dallo Scudo per la privacy USA-UE per garantire il rispetto del livello di protezione dei dati applicabile nell&#8217;UE. Puoi consultare le condizioni d&#8217;uso di Google all&#8217;indirizzo <a href=\"https:\/\/policies.google.com\/terms?hl=at&amp;gl=de\" target=\"_blank\" rel=\"noopener\">https:\/\/policies.google.com\/terms?hl=at&amp;gl=de,<\/a> mentre le condizioni d&#8217;uso aggiuntive di Google Maps sono disponibili all&#8217;indirizzo <a href=\"https:\/\/www.google.com\/intl\/de_US\/help\/terms_maps.html\" target=\"_blank\" rel=\"noopener\">https:\/\/www.google.com\/intl\/de_US\/help\/terms_maps.html<\/a>.<\/p>&#13;\n<p>Informazioni dettagliate sulla protezione dei dati in relazione all&#8217;utilizzo di Google Maps sono disponibili sul sito web di Google nella sua &#8220;Privacy Policy&#8221;<a href=\"%22https:\/\/policies.google.com\/privacy?hl=de&amp;gl=at\">(https:\/\/policies.google.com\/privacy?hl=de&amp;gl=at)<\/a>. Se desideri opporti alla raccolta e al trattamento dei dati da parte di Google LLC, puoi farlo all&#8217;indirizzo <a href=\"%22https:\/\/adssettings.google.com\/authenticated\">https:\/\/adssettings.google.com\/authenticated.<\/a> <\/p>&#13;\n&#13;\n<h2 class=\"wp-block-heading\">Utilizzo di plugin per i social media<\/h2>&#13;\n&#13;\n<p>Per l&#8217;integrazione di elementi di social media, utilizziamo i plugin dei social network YouTube (www.youtube.com) e Facebook (www.facebook.com), gestiti rispettivamente dalle societ\u00e0 YouTube, Google Ireland Limited, Barrow Street, Dublino 4, Irlanda e Facebook Ireland Ltd, 4 Grand Canal Square, Grand Canal Harbour, Dublino 2, Irlanda. Per utilizzare questa funzione, utilizziamo una procedura in due fasi in cui puoi dare il tuo consenso al trattamento dei dati da parte dell&#8217;operatore dei social network in conformit\u00e0 con l&#8217;art. 6 par. 1 lit. a GDPR. I dati saranno trasmessi all&#8217;operatore del social network solo se tu, in qualit\u00e0 di utente, clicchi su una delle icone visualizzate e acconsenti cos\u00ec alla trasmissione dei tuoi dati all&#8217;operatore del social network. La connessione dal tuo browser al rispettivo social network viene stabilita solo dopo aver dato tale consenso.<\/p>&#13;\n&#13;\n<p>Utilizzando i plugin, i social network ricevono informazioni sulla tua visita al nostro sito web. Se sei connesso a YouTube o Facebook durante la tua visita al nostro sito web, questa visita pu\u00f2 essere assegnata al tuo account presso il social network corrispondente. Tutte le interazioni con i plugin possono essere salvate dall&#8217;operatore del social network. Le informazioni sull&#8217;utilizzo dei dati raccolti dai rispettivi social network sono disponibili sui siti web delle aziende:<\/p>&#13;\n&#13;\n<p>YouTube: <a href=\"%22https:\/\/www.youtube.com\/intl\/de\/yt\/about\/policies\/#community-guidelines\">https:\/\/www.youtube.com\/intl\/de\/yt\/about\/policies\/#community-guidelines<\/a><\/p>&#13;\n&#13;\n<p>Facebook: <a href=\"%22https:\/\/www.facebook.com\/policy.php\">https:\/\/www.facebook.com\/policy.php<\/a><\/p>&#13;\n&#13;\n<h2 class=\"wp-block-heading\">Diritti dell&#8217;interessato<\/h2>&#13;\n&#13;\n<p>Hai il diritto di ricevere informazioni sui tuoi dati personali. Hai inoltre il diritto di correggere eventuali errori, cancellare i tuoi dati o limitarne il trattamento. Allo stesso tempo, puoi opporti al trattamento dei tuoi dati ed esercitare il diritto di trasferire i tuoi dati personali in un formato strutturato e leggibile da una macchina. Se desideri esercitare uno di questi diritti, contatta i dati di contatto del responsabile del trattamento.<\/p>&#13;\n&#13;\n<h2 class=\"wp-block-heading\">Diritto di appello<\/h2>&#13;\n&#13;\n<p>Hai inoltre il diritto di presentare un reclamo a un&#8217;autorit\u00e0 di vigilanza. Per l&#8217;Austria, si tratta dell&#8217;Autorit\u00e0 austriaca per la protezione dei dati personali, Barichgasse 40-42, 1030 Vienna, telefono: +43 1 52 152-0, e-mail: <a href=\"mailto:dsb@dsb.gv.at\">dsb@dsb.gv.at,<\/a> web <a href=\"%22https:\/\/www.dsb.gv.at\/\">: https:\/\/www.dsb.gv.at\/<\/a>.<\/p>&#13;\n","protected":false},"excerpt":{"rendered":"<p>Protezione e sicurezza dei dati &#13; La nostra massima priorit\u00e0 \u00e8 la protezione dei tuoi dati personali. Pertanto, i tuoi dati saranno trattati esclusivamente in conformit\u00e0 al Regolamento generale sulla protezione dei dati dell&#8217;UE (GDPR) e alla legge austriaca sulla protezione dei dati, DSG (come modificata il 25 maggio 2018). La presente informativa sulla privacy [&hellip;]<\/p>\n","protected":false},"author":2,"featured_media":0,"parent":0,"menu_order":0,"comment_status":"closed","ping_status":"open","template":"","meta":{"site-sidebar-layout":"default","site-content-layout":"","ast-site-content-layout":"default","site-content-style":"default","site-sidebar-style":"default","ast-global-header-display":"","ast-banner-title-visibility":"","ast-main-header-display":"","ast-hfb-above-header-display":"","ast-hfb-below-header-display":"","ast-hfb-mobile-header-display":"","site-post-title":"","ast-breadcrumbs-content":"","ast-featured-img":"","footer-sml-layout":"","ast-disable-related-posts":"","theme-transparent-header-meta":"default","adv-header-id-meta":"","stick-header-meta":"default","header-above-stick-meta":"","header-main-stick-meta":"","header-below-stick-meta":"","astra-migrate-meta-layouts":"default","ast-page-background-enabled":"default","ast-page-background-meta":{"desktop":{"background-color":"var(--ast-global-color-4)","background-image":"","background-repeat":"repeat","background-position":"center center","background-size":"auto","background-attachment":"scroll","background-type":"","background-media":"","overlay-type":"","overlay-color":"","overlay-opacity":"","overlay-gradient":""},"tablet":{"background-color":"","background-image":"","background-repeat":"repeat","background-position":"center center","background-size":"auto","background-attachment":"scroll","background-type":"","background-media":"","overlay-type":"","overlay-color":"","overlay-opacity":"","overlay-gradient":""},"mobile":{"background-color":"","background-image":"","background-repeat":"repeat","background-position":"center center","background-size":"auto","background-attachment":"scroll","background-type":"","background-media":"","overlay-type":"","overlay-color":"","overlay-opacity":"","overlay-gradient":""}},"ast-content-background-meta":{"desktop":{"background-color":"var(--ast-global-color-5)","background-image":"","background-repeat":"repeat","background-position":"center center","background-size":"auto","background-attachment":"scroll","background-type":"","background-media":"","overlay-type":"","overlay-color":"","overlay-opacity":"","overlay-gradient":""},"tablet":{"background-color":"var(--ast-global-color-5)","background-image":"","background-repeat":"repeat","background-position":"center center","background-size":"auto","background-attachment":"scroll","background-type":"","background-media":"","overlay-type":"","overlay-color":"","overlay-opacity":"","overlay-gradient":""},"mobile":{"background-color":"var(--ast-global-color-5)","background-image":"","background-repeat":"repeat","background-position":"center center","background-size":"auto","background-attachment":"scroll","background-type":"","background-media":"","overlay-type":"","overlay-color":"","overlay-opacity":"","overlay-gradient":""}},"_themeisle_gutenberg_block_has_review":false,"footnotes":""},"class_list":["post-12940","page","type-page","status-publish","hentry"],"_links":{"self":[{"href":"https:\/\/sunelements.de\/it\/wp-json\/wp\/v2\/pages\/12940","targetHints":{"allow":["GET"]}}],"collection":[{"href":"https:\/\/sunelements.de\/it\/wp-json\/wp\/v2\/pages"}],"about":[{"href":"https:\/\/sunelements.de\/it\/wp-json\/wp\/v2\/types\/page"}],"author":[{"embeddable":true,"href":"https:\/\/sunelements.de\/it\/wp-json\/wp\/v2\/users\/2"}],"replies":[{"embeddable":true,"href":"https:\/\/sunelements.de\/it\/wp-json\/wp\/v2\/comments?post=12940"}],"version-history":[{"count":0,"href":"https:\/\/sunelements.de\/it\/wp-json\/wp\/v2\/pages\/12940\/revisions"}],"wp:attachment":[{"href":"https:\/\/sunelements.de\/it\/wp-json\/wp\/v2\/media?parent=12940"}],"curies":[{"name":"wp","href":"https:\/\/api.w.org\/{rel}","templated":true}]}}