{"id":17806,"date":"2025-05-07T09:56:19","date_gmt":"2025-05-07T07:56:19","guid":{"rendered":"https:\/\/sunelements.de\/?post_type=product&#038;p=17806"},"modified":"2025-10-20T15:29:04","modified_gmt":"2025-10-20T13:29:04","slug":"jardin-dete-energy-kopie-kopie","status":"publish","type":"product","link":"https:\/\/sunelements.de\/fr\/shop\/jardin-dete-energy-kopie-kopie\/","title":{"rendered":"Jardin d&#8217;\u00e9t\u00e9 SunGarden <b>cristal<\/b>"},"content":{"rendered":"<p>&nbsp;<\/p>\n<div class=\"elementor-widget-container\"> <strong><img fetchpriority=\"high\" decoding=\"async\" class=\"attachment-large size-large wp-image-10743 alignright\" src=\"https:\/\/sunelements.de\/wp-content\/uploads\/2023\/12\/SunElements-at-SunGarden-Modern-Gewaechshaus-Wandfuellung-Acrylglas-klar.jpg\" sizes=\"(max-width: 353px) 100vw, 353px\" srcset=\"https:\/\/sunelements.de\/wp-content\/uploads\/2023\/12\/SunElements-at-SunGarden-Modern-Gewaechshaus-Wandfuellung-Acrylglas-klar.jpg 353w, https:\/\/sunelements.de\/wp-content\/uploads\/2023\/12\/SunElements-at-SunGarden-Modern-Gewaechshaus-Wandfuellung-Acrylglas-klar-300x188.jpg 300w\" alt=\"SunElements-at-SunGarden-Modern-remplissage de mur de serre-acrylique-clair\" width=\"353\" height=\"221\"><img decoding=\"async\" class=\"size-full wp-image-8569\" src=\"https:\/\/sunelements.de\/wp-content\/uploads\/2023\/11\/SunElements-at-Logo-Icon-orange.png\" alt=\"SunElements-at-Logo-Icon-orange\" width=\"40\" height=\"34\"> Jardin d&#8217;hiver froid de luxe SunGarden Kristall &#8211; Qualit\u00e9 et luminosit\u00e9<br \/>\n<\/strong>Le SunGarden Kristall est le refuge id\u00e9al pour tous ceux qui recherchent un jardin d&#8217;\u00e9t\u00e9 \u00e9l\u00e9gant et inond\u00e9 de lumi\u00e8re. Avec sa combinaison de verre acrylique teint\u00e9 dans le toit et de verre de s\u00e9curit\u00e9 tremp\u00e9 transparent sur les c\u00f4t\u00e9s, il cr\u00e9e une ambiance \u00e9l\u00e9gante avec un rapport lumi\u00e8re\/ombre optimal &#8211; parfait pour se d\u00e9tendre, lire ou profiter. <\/div>\n<p>&nbsp;<\/p>\n<p> <strong><img decoding=\"async\" class=\"size-full wp-image-8569\" src=\"https:\/\/sunelements.de\/wp-content\/uploads\/2023\/11\/SunElements-at-Logo-Icon-orange.png\" alt=\"SunElements-at-Logo-Icon-orange\" width=\"40\" height=\"34\"> Toit teint\u00e9 et parois en verre v\u00e9ritable pour une vue d\u00e9gag\u00e9e<br \/>\n<\/strong>Le verre acrylique teint\u00e9 de 6 mm d&#8217;\u00e9paisseur du toit offre une protection naturelle contre le soleil et assure une temp\u00e9rature agr\u00e9able \u00e0 l&#8217;int\u00e9rieur. Les parois lat\u00e9rales en verre tremp\u00e9 transparent de 5 mm offrent une vue d\u00e9gag\u00e9e sur le jardin et cr\u00e9ent une sensation d&#8217;espace ouvert. <\/p>\n<p>&nbsp;<\/p>\n<p> <strong><img decoding=\"async\" class=\"size-full wp-image-8569\" src=\"https:\/\/sunelements.de\/wp-content\/uploads\/2023\/11\/SunElements-at-Logo-Icon-orange.png\" alt=\"SunElements-at-Logo-Icon-orange\" width=\"40\" height=\"34\"> Un lieu pour se sentir bien<br \/>\n<\/strong>Qu&#8217;il soit utilis\u00e9 comme salon de jardin, coin lecture ou lieu de retraite cr\u00e9atif, le SunGarden Kristall s\u00e9duit par son design moderne et sa finition de qualit\u00e9. La lumi\u00e8re naturelle cr\u00e9e une atmosph\u00e8re d\u00e9tendue \u00e0 tout moment de la journ\u00e9e. <\/p>\n<p>&nbsp;<\/p>\n<p> <strong><img decoding=\"async\" class=\"size-full wp-image-8569\" src=\"https:\/\/sunelements.de\/wp-content\/uploads\/2023\/11\/SunElements-at-Logo-Icon-orange.png\" alt=\"SunElements-at-Logo-Icon-orange\" width=\"40\" height=\"34\"> Personnalisez votre SunGarden<br \/>\n<\/strong>Adaptez le SunGarden Kristall enti\u00e8rement \u00e0 vos souhaits &#8211; avec de nombreux accessoires tels que des stores pliss\u00e9s pour le toit et les murs, des portes suppl\u00e9mentaires, des fen\u00eatres ou des rev\u00eatements int\u00e9rieurs.<br \/>\nC&#8217;est ainsi que vous cr\u00e9ez votre endroit pr\u00e9f\u00e9r\u00e9 tout \u00e0 fait personnel dans la verdure.<\/p>\n<p>&nbsp;<\/p>\n<div class=\"elementor-widget-container\">\n<p><strong><img decoding=\"async\" class=\"size-full wp-image-8569\" src=\"https:\/\/sunelements.de\/wp-content\/uploads\/2023\/11\/SunElements-at-Logo-Icon-orange.png\" alt=\"SunElements-at-Logo-Icon-orange\" width=\"40\" height=\"34\"> Choisissez parmi 9 tailles de 3 m\u00b2 \u00e0 24 m\u00b2.<br \/>\n<\/strong><span style=\"font-style: inherit; font-weight: inherit; background-color: var(--ast-global-color-5); color: var(--ast-global-color-2);\">La porte (900 x 1970 mm) peut \u00eatre install\u00e9e de chaque c\u00f4t\u00e9, entre 2 montants.  <\/span><span style=\"font-style: inherit; font-weight: inherit; background-color: var(--ast-global-color-5); color: var(--ast-global-color-2);\">L&#8217;ouverture de la porte peut \u00eatre choisie librement lors du montage, \u00e0 gauche ou \u00e0 droite.<br \/>\n<\/span><span style=\"font-style: inherit; font-weight: inherit; background-color: var(--ast-global-color-5); color: var(--ast-global-color-2);\">La ligne bleu clair symbolise la goutti\u00e8re. L&#8217;\u00e9vacuation de l&#8217;eau est possible aux deux extr\u00e9mit\u00e9s, au choix.<\/span><\/p>\n<\/div>\n<div class=\"elementor-element elementor-element-e4faa6b elementor-widget elementor-widget-image\" data-id=\"e4faa6b\" data-element_type=\"widget\" data-widget_type=\"image.default\">\n<div class=\"elementor-widget-container\"><img decoding=\"async\" class=\"attachment-full wp-image-8639 aligncenter\" src=\"https:\/\/sunelements.de\/wp-content\/uploads\/2023\/11\/SunElements-at-SunGarden-Gewaechshaus-Groessen-frei-waehlen.jpg\" sizes=\"(max-width: 1200px) 100vw, 1200px\" srcset=\"https:\/\/sunelements.de\/wp-content\/uploads\/2023\/11\/SunElements-at-SunGarden-Gewaechshaus-Groessen-frei-waehlen.jpg 1200w, https:\/\/sunelements.de\/wp-content\/uploads\/2023\/11\/SunElements-at-SunGarden-Gewaechshaus-Groessen-frei-waehlen-300x146.jpg 300w, https:\/\/sunelements.de\/wp-content\/uploads\/2023\/11\/SunElements-at-SunGarden-Gewaechshaus-Groessen-frei-waehlen-1024x500.jpg 1024w, https:\/\/sunelements.de\/wp-content\/uploads\/2023\/11\/SunElements-at-SunGarden-Gewaechshaus-Groessen-frei-waehlen-768x375.jpg 768w, https:\/\/sunelements.de\/wp-content\/uploads\/2023\/11\/SunElements-at-SunGarden-Gewaechshaus-Groessen-frei-waehlen-600x293.jpg 600w\" alt=\"SunElements-at-SunGarden-serre-tailles-libre-choix\" width=\"854\" height=\"407\"><\/div>\n<\/div>\n","protected":false},"excerpt":{"rendered":"<p><strong>Le verre ESG transparent<\/strong> allie qualit\u00e9 et luminosit\u00e9<\/p>\n","protected":false},"featured_media":17811,"template":"","meta":{"site-sidebar-layout":"default","site-content-layout":"default","ast-site-content-layout":"default","site-content-style":"default","site-sidebar-style":"default","ast-global-header-display":"","ast-banner-title-visibility":"","ast-main-header-display":"","ast-hfb-above-header-display":"","ast-hfb-below-header-display":"","ast-hfb-mobile-header-display":"","site-post-title":"","ast-breadcrumbs-content":"","ast-featured-img":"","footer-sml-layout":"","ast-disable-related-posts":"","theme-transparent-header-meta":"default","adv-header-id-meta":"","stick-header-meta":"default","header-above-stick-meta":"","header-main-stick-meta":"","header-below-stick-meta":"","astra-migrate-meta-layouts":"default","ast-page-background-enabled":"default","ast-page-background-meta":{"desktop":{"background-color":"var(--ast-global-color-4)","background-image":"","background-repeat":"repeat","background-position":"center center","background-size":"auto","background-attachment":"scroll","background-type":"","background-media":"","overlay-type":"","overlay-color":"","overlay-opacity":"","overlay-gradient":""},"tablet":{"background-color":"","background-image":"","background-repeat":"repeat","background-position":"center center","background-size":"auto","background-attachment":"scroll","background-type":"","background-media":"","overlay-type":"","overlay-color":"","overlay-opacity":"","overlay-gradient":""},"mobile":{"background-color":"","background-image":"","background-repeat":"repeat","background-position":"center center","background-size":"auto","background-attachment":"scroll","background-type":"","background-media":"","overlay-type":"","overlay-color":"","overlay-opacity":"","overlay-gradient":""}},"ast-content-background-meta":{"desktop":{"background-color":"var(--ast-global-color-5)","background-image":"","background-repeat":"repeat","background-position":"center center","background-size":"auto","background-attachment":"scroll","background-type":"","background-media":"","overlay-type":"","overlay-color":"","overlay-opacity":"","overlay-gradient":""},"tablet":{"background-color":"var(--ast-global-color-5)","background-image":"","background-repeat":"repeat","background-position":"center center","background-size":"auto","background-attachment":"scroll","background-type":"","background-media":"","overlay-type":"","overlay-color":"","overlay-opacity":"","overlay-gradient":""},"mobile":{"background-color":"var(--ast-global-color-5)","background-image":"","background-repeat":"repeat","background-position":"center center","background-size":"auto","background-attachment":"scroll","background-type":"","background-media":"","overlay-type":"","overlay-color":"","overlay-opacity":"","overlay-gradient":""}},"_themeisle_gutenberg_block_has_review":false},"product_brand":[],"product_cat":[89],"product_tag":[],"class_list":{"0":"post-17806","1":"product","2":"type-product","3":"status-publish","4":"has-post-thumbnail","6":"product_cat-jardin-dete-sungarden","7":"desktop-align-center","8":"tablet-align-left","9":"mobile-align-left","10":"ast-product-gallery-layout-horizontal-slider","11":"ast-product-tabs-layout-accordion","12":"tm-has-options","14":"first","15":"instock","16":"taxable","17":"shipping-taxable","18":"purchasable","19":"product-type-simple"},"_links":{"self":[{"href":"https:\/\/sunelements.de\/fr\/wp-json\/wp\/v2\/product\/17806","targetHints":{"allow":["GET"]}}],"collection":[{"href":"https:\/\/sunelements.de\/fr\/wp-json\/wp\/v2\/product"}],"about":[{"href":"https:\/\/sunelements.de\/fr\/wp-json\/wp\/v2\/types\/product"}],"wp:featuredmedia":[{"embeddable":true,"href":"https:\/\/sunelements.de\/fr\/wp-json\/wp\/v2\/media\/17811"}],"wp:attachment":[{"href":"https:\/\/sunelements.de\/fr\/wp-json\/wp\/v2\/media?parent=17806"}],"wp:term":[{"taxonomy":"product_brand","embeddable":true,"href":"https:\/\/sunelements.de\/fr\/wp-json\/wp\/v2\/product_brand?post=17806"},{"taxonomy":"product_cat","embeddable":true,"href":"https:\/\/sunelements.de\/fr\/wp-json\/wp\/v2\/product_cat?post=17806"},{"taxonomy":"product_tag","embeddable":true,"href":"https:\/\/sunelements.de\/fr\/wp-json\/wp\/v2\/product_tag?post=17806"}],"curies":[{"name":"wp","href":"https:\/\/api.w.org\/{rel}","templated":true}]}}