{"id":15160,"date":"2024-10-10T10:36:54","date_gmt":"2024-10-10T08:36:54","guid":{"rendered":"https:\/\/sunelements.de\/?post_type=product&#038;p=15160"},"modified":"2026-04-20T15:08:15","modified_gmt":"2026-04-20T13:08:15","slug":"jardin-dete-deluxe-kopie-kopie-kopie-kopie-2","status":"publish","type":"product","link":"https:\/\/sunelements.de\/fr\/shop\/jardin-dete-deluxe-kopie-kopie-kopie-kopie-2\/","title":{"rendered":"SunCover Moderne"},"content":{"rendered":"<div class=\"elementor-widget-container\"><img decoding=\"async\" class=\"alignright\" title=\"SunElements-at-SunCover-Modern-Pergola-Wende-aus-getoentem-Acrylglas\" src=\"https:\/\/sunelements.de\/wp-content\/uploads\/2024\/10\/SunElements-at-SunCover-Modern-Pergola-Waende-aus-getoentem-Acrylglas.png\" alt=\"SunElements-at-SunCover-Modern-Pergola-Wende-aus-getoentem-Acrylglas\"><\/div>\n<div class=\"elementor-element elementor-element-c712bb8 elementor-widget elementor-widget-text-editor\" data-id=\"c712bb8\" data-element_type=\"widget\" data-widget_type=\"text-editor.default\">\n<div class=\"elementor-widget-container\">\n<p><b>Un design \u00e9l\u00e9gant, des avantages pratiques<\/b><br \/>\nLe verre acrylique uniform\u00e9ment teint\u00e9 conf\u00e8re \u00e0 votre espace ext\u00e9rieur un caract\u00e8re \u00e0 la fois \u00e9l\u00e9gant et fonctionnel. Il prot\u00e8ge vos meubles des rayons UVA et UVB nocifs sans rendre l&#8217;espace trop sombre. Votre terrasse reste ainsi a\u00e9r\u00e9e, lumineuse et styl\u00e9e.  <\/p>\n<p><b>Le luxe dans votre jardin<\/b><br \/>\nTransformez votre espace ext\u00e9rieur en une oasis \u00e9l\u00e9gante avec la SunCover Modern. Son design luxueux et sa finition de qualit\u00e9 font de cette pergola le refuge id\u00e9al pour passer du temps \u00e0 l&#8217;ext\u00e9rieur avec style et protection. <\/p>\n<p><b>Possibilit\u00e9s de personnalisation pour votre SunCover<\/b><br \/>\nAvec l&#8217;abri de terrasse autoportant SunCover Modern, vous pouvez am\u00e9nager votre espace ext\u00e9rieur exactement comme vous le souhaitez. Int\u00e9grez des modules photovolta\u00efques dans les murs ou le toit teint\u00e9s et ajoutez des accessoires suppl\u00e9mentaires \u00e0 la pergola, tels que des descentes d&#8217;eau pluviale pour un drainage contr\u00f4l\u00e9 de la goutti\u00e8re, des stores pliss\u00e9s muraux et de plafond pour l&#8217;ombre ou l&#8217;intimit\u00e9 n\u00e9cessaires, des \u00e9l\u00e9ments muraux suppl\u00e9mentaires ainsi qu&#8217;un rev\u00eatement int\u00e9rieur pour rendre l&#8217;espace encore plus confortable. Pour une fixation s\u00fbre, vous avez le choix entre diff\u00e9rents types de fondations, qui offrent \u00e0 la fois stabilit\u00e9 et harmonie visuelle.  <\/p>\n<p>&nbsp;<\/p>\n<\/div>\n<\/div>\n<p><strong><img decoding=\"async\" class=\"size-full wp-image-8569\" src=\"https:\/\/sunelements.de\/wp-content\/uploads\/2023\/11\/SunElements-at-Logo-Icon-orange.png\" alt=\"SunElements-at-Logo-Icon-orange\" width=\"40\" height=\"34\"> Avantages<\/strong><\/p>\n<ul>\n<li>20 ans de garantie<\/li>\n<li>Fabriqu\u00e9 en Autriche et en Allemagne<\/li>\n<li>Construction en mat\u00e9riaux de haute qualit\u00e9<\/li>\n<li>200 kg\/m\u00b2 de charge de neige ; vent de force 13<\/li>\n<li>Montage facile gr\u00e2ce au syst\u00e8me d&#8217;embo\u00eetement et de vissage<\/li>\n<li>Extensible avec des modules photovolta\u00efques sur le toit et les murs<\/li>\n<\/ul>\n<div class=\"elementor-widget-container\">\n<p>&nbsp;<\/p>\n<p><strong><img decoding=\"async\" class=\"size-full wp-image-8569\" src=\"https:\/\/sunelements.de\/wp-content\/uploads\/2023\/11\/SunElements-at-Logo-Icon-orange.png\" alt=\"SunElements-at-Logo-Icon-orange\" width=\"40\" height=\"34\"> Choisissez entre 3 tailles de 5,5 m\u00b2 \u00e0 10 m\u00b2.<\/strong><br \/>\n<span style=\"font-style: inherit; font-weight: inherit; background-color: var(--ast-global-color-5); color: var(--ast-global-color-2);\">La ligne bleu clair symbolise la goutti\u00e8re et se trouve sur le c\u00f4t\u00e9 oppos\u00e9 de la paroi arri\u00e8re pr\u00e9d\u00e9finie. L&#8217;\u00e9vacuation de l&#8217;eau est possible aux deux extr\u00e9mit\u00e9s, au choix. <\/span><\/p>\n<\/div>\n<div class=\"elementor-element elementor-element-e4faa6b elementor-widget elementor-widget-image\" data-id=\"e4faa6b\" data-element_type=\"widget\" data-widget_type=\"image.default\">\n<div class=\"elementor-widget-container\"><img fetchpriority=\"high\" decoding=\"async\" class=\"attachment-full wp-image-8639 aligncenter\" src=\"https:\/\/sunelements.de\/wp-content\/uploads\/2024\/10\/SunElements.at_SunCover-Pergola-Groessen-frei-waehlen-1200x441-1.jpg\" sizes=\"(max-width: 1200px) 100vw, 1200px\" srcset=\"https:\/\/sunelements.de\/wp-content\/uploads\/2024\/10\/SunElements.at_SunCover-Pergola-Groessen-frei-waehlen-1200x441-1.jpg 1200w, https:\/\/sunelements.de\/wp-content\/uploads\/2024\/10\/SunElements.at_SunCover-Pergola-Groessen-frei-waehlen-300x110-1.jpg 300w, https:\/\/sunelements.de\/wp-content\/uploads\/2024\/10\/SunElements.at_SunCover-Pergola-Groessen-frei-waehlen-1024x376-1.jpg 1024w, https:\/\/sunelements.de\/wp-content\/uploads\/2024\/10\/SunElements.at_SunCover-Pergola-Groessen-frei-waehlen-768x282-1.jpg 768w, https:\/\/sunelements.de\/wp-content\/uploads\/2024\/10\/SunElements.at_SunCover-Pergola-Groessen-frei-waehlen-600x220-1.jpg 600w\" alt=\"SunElements-at-SunGarden-serre-tailles-libre-choix\" width=\"854\" height=\"407\"><\/div>\n<\/div>\n","protected":false},"excerpt":{"rendered":"<p>Parois et toit en <strong>verre acrylique teint\u00e9 de 6 mm<\/strong><\/p>\n","protected":false},"featured_media":15150,"template":"","meta":{"site-sidebar-layout":"default","site-content-layout":"default","ast-site-content-layout":"default","site-content-style":"default","site-sidebar-style":"default","ast-global-header-display":"","ast-banner-title-visibility":"","ast-main-header-display":"","ast-hfb-above-header-display":"","ast-hfb-below-header-display":"","ast-hfb-mobile-header-display":"","site-post-title":"","ast-breadcrumbs-content":"","ast-featured-img":"","footer-sml-layout":"","ast-disable-related-posts":"","theme-transparent-header-meta":"default","adv-header-id-meta":"","stick-header-meta":"default","header-above-stick-meta":"","header-main-stick-meta":"","header-below-stick-meta":"","astra-migrate-meta-layouts":"set","ast-page-background-enabled":"default","ast-page-background-meta":{"desktop":{"background-color":"var(--ast-global-color-4)","background-image":"","background-repeat":"repeat","background-position":"center center","background-size":"auto","background-attachment":"scroll","background-type":"","background-media":"","overlay-type":"","overlay-color":"","overlay-opacity":"","overlay-gradient":""},"tablet":{"background-color":"","background-image":"","background-repeat":"repeat","background-position":"center center","background-size":"auto","background-attachment":"scroll","background-type":"","background-media":"","overlay-type":"","overlay-color":"","overlay-opacity":"","overlay-gradient":""},"mobile":{"background-color":"","background-image":"","background-repeat":"repeat","background-position":"center center","background-size":"auto","background-attachment":"scroll","background-type":"","background-media":"","overlay-type":"","overlay-color":"","overlay-opacity":"","overlay-gradient":""}},"ast-content-background-meta":{"desktop":{"background-color":"var(--ast-global-color-5)","background-image":"","background-repeat":"repeat","background-position":"center center","background-size":"auto","background-attachment":"scroll","background-type":"","background-media":"","overlay-type":"","overlay-color":"","overlay-opacity":"","overlay-gradient":""},"tablet":{"background-color":"var(--ast-global-color-5)","background-image":"","background-repeat":"repeat","background-position":"center center","background-size":"auto","background-attachment":"scroll","background-type":"","background-media":"","overlay-type":"","overlay-color":"","overlay-opacity":"","overlay-gradient":""},"mobile":{"background-color":"var(--ast-global-color-5)","background-image":"","background-repeat":"repeat","background-position":"center center","background-size":"auto","background-attachment":"scroll","background-type":"","background-media":"","overlay-type":"","overlay-color":"","overlay-opacity":"","overlay-gradient":""}},"_themeisle_gutenberg_block_has_review":false},"product_brand":[],"product_cat":[110],"product_tag":[],"class_list":{"0":"post-15160","1":"product","2":"type-product","3":"status-publish","4":"has-post-thumbnail","6":"product_cat-suncover-design-pergola-fr","7":"desktop-align-center","8":"tablet-align-left","9":"mobile-align-left","10":"ast-product-gallery-layout-horizontal-slider","11":"ast-product-tabs-layout-accordion","12":"tm-has-options","14":"first","15":"instock","16":"taxable","17":"shipping-taxable","18":"purchasable","19":"product-type-simple"},"_links":{"self":[{"href":"https:\/\/sunelements.de\/fr\/wp-json\/wp\/v2\/product\/15160","targetHints":{"allow":["GET"]}}],"collection":[{"href":"https:\/\/sunelements.de\/fr\/wp-json\/wp\/v2\/product"}],"about":[{"href":"https:\/\/sunelements.de\/fr\/wp-json\/wp\/v2\/types\/product"}],"wp:featuredmedia":[{"embeddable":true,"href":"https:\/\/sunelements.de\/fr\/wp-json\/wp\/v2\/media\/15150"}],"wp:attachment":[{"href":"https:\/\/sunelements.de\/fr\/wp-json\/wp\/v2\/media?parent=15160"}],"wp:term":[{"taxonomy":"product_brand","embeddable":true,"href":"https:\/\/sunelements.de\/fr\/wp-json\/wp\/v2\/product_brand?post=15160"},{"taxonomy":"product_cat","embeddable":true,"href":"https:\/\/sunelements.de\/fr\/wp-json\/wp\/v2\/product_cat?post=15160"},{"taxonomy":"product_tag","embeddable":true,"href":"https:\/\/sunelements.de\/fr\/wp-json\/wp\/v2\/product_tag?post=15160"}],"curies":[{"name":"wp","href":"https:\/\/api.w.org\/{rel}","templated":true}]}}