{"id":13570,"date":"2024-01-28T11:27:41","date_gmt":"2024-01-28T10:27:41","guid":{"rendered":"https:\/\/sunelements.de\/shop\/lampe-pour-plantes-led\/"},"modified":"2024-08-19T09:12:43","modified_gmt":"2024-08-19T07:12:43","slug":"lampe-pour-plantes-led","status":"publish","type":"product","link":"https:\/\/sunelements.de\/fr\/shop\/lampe-pour-plantes-led\/","title":{"rendered":"Lampe pour plantes LED"},"content":{"rendered":"<h3>Une croissance efficace des plantes garantie :<\/h3>\n<p>  Utilisez votre SunGarden comme quartier d&#8217;hiver ou pour faire pousser vos plantes. Lampe \u00e0 spectre complet 450 &#8211; 750 nm : la puce \u00e0 spectre complet de la lampe est con\u00e7ue pour les plantes qui ont besoin d&#8217;un niveau \u00e9lev\u00e9 de lumi\u00e8re bleue (photosynth\u00e8se) et rouge pour la floraison et la fructification. Technologie : L&#8217;ampoule LED pour plantes dispose d&#8217;un angle de rayonnement de 120\u00b0, ce qui permet d&#8217;obtenir un tr\u00e8s grand c\u00f4ne de lumi\u00e8re. Une technologie LED \u00e9conomique de 50 watts, des composants \u00e9lectroniques de haute qualit\u00e9 (certifi\u00e9s CE) et un bo\u00eetier de classe IP65 (\u00e9tanche \u00e0 la poussi\u00e8re et r\u00e9sistant aux jets d&#8217;eau) vous garantissent un plaisir durable et sans entretien.  <\/p>\n<h3>Conseils pratiques pour cultiver des plantes avec des lampes v\u00e9g\u00e9tales LED :<\/h3>\n<p>  Le moment de la culture est tr\u00e8s flexible lorsque vous utilisez nos lampes pour plantes \u00e0 spectre complet. Avec un \u00e9clairage artificiel, les semis peuvent commencer t\u00f4t dans des pi\u00e8ces chaudes. Les plantes ont alors plus de temps pour former un feuillage et un syst\u00e8me racinaire sains. Les plantes en culture poussent plus vigoureusement et de mani\u00e8re nettement plus compacte avec la bonne lumi\u00e8re LED plein spectre. Apr\u00e8s la p\u00e9riode de gel, les plants peuvent alors continuer \u00e0 pousser, par exemple dans le potager, et la premi\u00e8re r\u00e9colte est possible beaucoup plus t\u00f4t. Suivez les instructions pour chaque type de plante. V\u00e9rifiez si vous utilisez des graines \u00e0 germination lumineuse ou \u00e0 germination fonc\u00e9e. Alors que les germes lumineux ont absolument besoin de suffisamment de lumi\u00e8re du soleil pour germer, les germes sombres ne peuvent pas former de plantules s&#8217;ils sont en contact avec la lumi\u00e8re. Cependant, d\u00e8s que les germes sont visibles, ils ont besoin de lumi\u00e8re pour se d\u00e9velopper.  <\/p>\n<table style=\"width: 100%; border-collapse: collapse; border-style: none;\" border=\"0\">\n<tbody>\n<tr>\n<td style=\"width: 100%;\" data-wp-editing=\"1\"><img decoding=\"async\" class=\"wp-image-12133 alignleft\" src=\"https:\/\/sunelements.de\/wp-content\/uploads\/2024\/03\/SUE73B1-173x300.jpg\" alt=\"SunElements.fr-SunGarden-serre-toit plat-jardin d'\u00e9t\u00e9-LED-lampe v\u00e9g\u00e9tale-spectre complet-culture-plante-distance lumineuse\" width=\"135\" height=\"234\" srcset=\"https:\/\/sunelements.de\/wp-content\/uploads\/2024\/03\/SUE73B1-173x300.jpg 173w, https:\/\/sunelements.de\/wp-content\/uploads\/2024\/03\/SUE73B1.jpg 404w\" sizes=\"(max-width: 135px) 100vw, 135px\" \/>Le luminaire peut \u00eatre mont\u00e9 sur un pied ou un tr\u00e9pied. Tenez compte de la distance entre la source lumineuse et le substrat. Les substrats pauvres en nutriments, tels que le terreau de culture ou le substrat de coco, sont particuli\u00e8rement adapt\u00e9s \u00e0 la culture. Dans ce cas, les plantes peuvent d\u00e9velopper davantage de racines. Placez les graines une par une sur le substrat.<\/td>\n<\/tr>\n<tr>\n<td style=\"width: 100%;\"><img decoding=\"async\" class=\"wp-image-12134 size-medium alignleft\" src=\"https:\/\/sunelements.de\/wp-content\/uploads\/2024\/03\/SunElements.de-SunGarden-Gewaechshaus-Flachdachgewaechshaus-Sommergarten-Pflanzenlampe-Bewaesserung-300x160.png\" alt=\"SunElements.de-SunGarden-Serre \u00e0 toit plat-Jardin d'\u00e9t\u00e9-Approvisionnement en lampes pour plantes\" width=\"300\" height=\"160\" srcset=\"https:\/\/sunelements.de\/wp-content\/uploads\/2024\/03\/SunElements.de-SunGarden-Gewaechshaus-Flachdachgewaechshaus-Sommergarten-Pflanzenlampe-Bewaesserung-300x160.png 300w, https:\/\/sunelements.de\/wp-content\/uploads\/2024\/03\/SunElements.de-SunGarden-Gewaechshaus-Flachdachgewaechshaus-Sommergarten-Pflanzenlampe-Bewaesserung-768x410.png 768w, https:\/\/sunelements.de\/wp-content\/uploads\/2024\/03\/SunElements.de-SunGarden-Gewaechshaus-Flachdachgewaechshaus-Sommergarten-Pflanzenlampe-Bewaesserung-600x320.png 600w, https:\/\/sunelements.de\/wp-content\/uploads\/2024\/03\/SunElements.de-SunGarden-Gewaechshaus-Flachdachgewaechshaus-Sommergarten-Pflanzenlampe-Bewaesserung.png 880w\" sizes=\"(max-width: 300px) 100vw, 300px\" \/>Pour la culture, de nombreux types de pots de culture et diff\u00e9rents mod\u00e8les (taille et forme) peuvent \u00eatre utilis\u00e9s. Lors de l&#8217;arrosage, veillez \u00e0 ce que les semences ne soient pas emport\u00e9es par le courant. Un embout goutte-\u00e0-goutte pour arrosoir ou un vaporisateur permet d&#8217;humidifier uniform\u00e9ment le substrat et les graines.<\/td>\n<\/tr>\n<tr>\n<td style=\"width: 100%;\"><img decoding=\"async\" class=\"wp-image-12132 size-medium alignleft\" src=\"https:\/\/sunelements.de\/wp-content\/uploads\/2024\/03\/SunElements.de-SunGarden-Gewaechshaus-Flachdachgewaechshaus-Sommergarten-Pflanzenlampe-Keimung-300x105.png\" alt=\"SunElements.fr-SunGarden-serre \u00e0 toit plat-serre d'\u00e9t\u00e9-lampe pour plantes-germination\" width=\"300\" height=\"105\" srcset=\"https:\/\/sunelements.de\/wp-content\/uploads\/2024\/03\/SunElements.de-SunGarden-Gewaechshaus-Flachdachgewaechshaus-Sommergarten-Pflanzenlampe-Keimung-300x105.png 300w, https:\/\/sunelements.de\/wp-content\/uploads\/2024\/03\/SunElements.de-SunGarden-Gewaechshaus-Flachdachgewaechshaus-Sommergarten-Pflanzenlampe-Keimung.png 450w\" sizes=\"(max-width: 300px) 100vw, 300px\" \/>Assurez-vous que les graines ne puissent pas se dess\u00e9cher. Dans la maison, ce risque est tr\u00e8s \u00e9lev\u00e9 en raison de l&#8217;air sec du chauffage. Pour maintenir une humidit\u00e9 constante en permanence, vous pouvez \u00e9galement utiliser des serres d&#8217;int\u00e9rieur ou des mini-serres. Ils doivent toutefois \u00eatre a\u00e9r\u00e9s une fois par jour pour \u00e9viter les spores de champignons.<\/td>\n<\/tr>\n<\/tbody>\n<\/table>\n<h3>Conseils pratiques pour l&#8217;hivernage avec des lampes LED pour plantes :<\/h3>\n<p><img loading=\"lazy\" decoding=\"async\" class=\"wp-image-12135 alignleft\" src=\"https:\/\/sunelements.de\/wp-content\/uploads\/2024\/03\/SunElements.de-SunGarden-Gewaechshaus-Flachdachgewaechshaus-Sommergarten-Pflanzenlampe-Abstrahlwinkel-300x193.png\" alt=\"SunElements.de-SunGarden-serre-toit plat-jardin d'\u00e9t\u00e9-lampe pour plantes-angle de rayonnement\" width=\"358\" height=\"230\" srcset=\"https:\/\/sunelements.de\/wp-content\/uploads\/2024\/03\/SunElements.de-SunGarden-Gewaechshaus-Flachdachgewaechshaus-Sommergarten-Pflanzenlampe-Abstrahlwinkel-300x193.png 300w, https:\/\/sunelements.de\/wp-content\/uploads\/2024\/03\/SunElements.de-SunGarden-Gewaechshaus-Flachdachgewaechshaus-Sommergarten-Pflanzenlampe-Abstrahlwinkel-600x386.png 600w, https:\/\/sunelements.de\/wp-content\/uploads\/2024\/03\/SunElements.de-SunGarden-Gewaechshaus-Flachdachgewaechshaus-Sommergarten-Pflanzenlampe-Abstrahlwinkel.png 666w\" sizes=\"(max-width: 358px) 100vw, 358px\" \/>  Nos spots LED plein-spectre pour plantes sont \u00e9galement parfaits pour \u00e9clairer toute l&#8217;ann\u00e9e les plantes qui doivent pousser et s&#8217;\u00e9panouir sans une lumi\u00e8re du soleil suffisante. Une minuterie permet d&#8217;allumer la lumi\u00e8re LED des plantes la nuit. Il est toutefois important de disposer d&#8217;une dur\u00e9e d&#8217;\u00e9clairage suffisante ! Plus la source de lumi\u00e8re est \u00e9loign\u00e9e de la plante, plus l&#8217;\u00e9nergie rayonnante re\u00e7ue est faible. La dur\u00e9e d&#8217;\u00e9clairage doit \u00eatre adapt\u00e9e aux types de plantes concern\u00e9s. Les esp\u00e8ces v\u00e9g\u00e9tales qui demandent le plus d&#8217;entretien sont principalement les agrumes, les plantes \u00e0 feuilles persistantes et certaines plantes succulentes. Commencez par une dur\u00e9e d&#8217;\u00e9clairage de<strong> 6 \u00e0 10 heures par jour<\/strong>.<\/p>\n","protected":false},"excerpt":{"rendered":"<p>Croissance efficace des plantes<\/p>\n","protected":false},"featured_media":11221,"template":"","meta":{"site-sidebar-layout":"default","site-content-layout":"default","ast-site-content-layout":"default","site-content-style":"default","site-sidebar-style":"default","ast-global-header-display":"","ast-banner-title-visibility":"","ast-main-header-display":"","ast-hfb-above-header-display":"","ast-hfb-below-header-display":"","ast-hfb-mobile-header-display":"","site-post-title":"","ast-breadcrumbs-content":"","ast-featured-img":"","footer-sml-layout":"","ast-disable-related-posts":"","theme-transparent-header-meta":"default","adv-header-id-meta":"","stick-header-meta":"default","header-above-stick-meta":"","header-main-stick-meta":"","header-below-stick-meta":"","astra-migrate-meta-layouts":"default","ast-page-background-enabled":"default","ast-page-background-meta":{"desktop":{"background-color":"var(--ast-global-color-4)","background-image":"","background-repeat":"repeat","background-position":"center center","background-size":"auto","background-attachment":"scroll","background-type":"","background-media":"","overlay-type":"","overlay-color":"","overlay-opacity":"","overlay-gradient":""},"tablet":{"background-color":"","background-image":"","background-repeat":"repeat","background-position":"center center","background-size":"auto","background-attachment":"scroll","background-type":"","background-media":"","overlay-type":"","overlay-color":"","overlay-opacity":"","overlay-gradient":""},"mobile":{"background-color":"","background-image":"","background-repeat":"repeat","background-position":"center center","background-size":"auto","background-attachment":"scroll","background-type":"","background-media":"","overlay-type":"","overlay-color":"","overlay-opacity":"","overlay-gradient":""}},"ast-content-background-meta":{"desktop":{"background-color":"var(--ast-global-color-5)","background-image":"","background-repeat":"repeat","background-position":"center center","background-size":"auto","background-attachment":"scroll","background-type":"","background-media":"","overlay-type":"","overlay-color":"","overlay-opacity":"","overlay-gradient":""},"tablet":{"background-color":"var(--ast-global-color-5)","background-image":"","background-repeat":"repeat","background-position":"center center","background-size":"auto","background-attachment":"scroll","background-type":"","background-media":"","overlay-type":"","overlay-color":"","overlay-opacity":"","overlay-gradient":""},"mobile":{"background-color":"var(--ast-global-color-5)","background-image":"","background-repeat":"repeat","background-position":"center center","background-size":"auto","background-attachment":"scroll","background-type":"","background-media":"","overlay-type":"","overlay-color":"","overlay-opacity":"","overlay-gradient":""}},"_themeisle_gutenberg_block_has_review":false},"product_brand":[],"product_cat":[93],"product_tag":[],"class_list":{"0":"post-13570","1":"product","2":"type-product","3":"status-publish","4":"has-post-thumbnail","6":"product_cat-accessoires-fr","7":"desktop-align-center","8":"tablet-align-left","9":"mobile-align-left","10":"ast-product-gallery-layout-horizontal-slider","11":"ast-product-tabs-layout-accordion","12":"tm-has-options","14":"first","15":"instock","16":"taxable","17":"shipping-taxable","18":"purchasable","19":"product-type-simple"},"_links":{"self":[{"href":"https:\/\/sunelements.de\/fr\/wp-json\/wp\/v2\/product\/13570","targetHints":{"allow":["GET"]}}],"collection":[{"href":"https:\/\/sunelements.de\/fr\/wp-json\/wp\/v2\/product"}],"about":[{"href":"https:\/\/sunelements.de\/fr\/wp-json\/wp\/v2\/types\/product"}],"wp:featuredmedia":[{"embeddable":true,"href":"https:\/\/sunelements.de\/fr\/wp-json\/wp\/v2\/media\/11221"}],"wp:attachment":[{"href":"https:\/\/sunelements.de\/fr\/wp-json\/wp\/v2\/media?parent=13570"}],"wp:term":[{"taxonomy":"product_brand","embeddable":true,"href":"https:\/\/sunelements.de\/fr\/wp-json\/wp\/v2\/product_brand?post=13570"},{"taxonomy":"product_cat","embeddable":true,"href":"https:\/\/sunelements.de\/fr\/wp-json\/wp\/v2\/product_cat?post=13570"},{"taxonomy":"product_tag","embeddable":true,"href":"https:\/\/sunelements.de\/fr\/wp-json\/wp\/v2\/product_tag?post=13570"}],"curies":[{"name":"wp","href":"https:\/\/api.w.org\/{rel}","templated":true}]}}