{"id":13537,"date":"2024-02-21T11:51:57","date_gmt":"2024-02-21T10:51:57","guid":{"rendered":"https:\/\/sunelements.de\/shop\/sungarden-infinity\/"},"modified":"2025-10-20T17:58:07","modified_gmt":"2025-10-20T15:58:07","slug":"sungarden-infinity","status":"publish","type":"product","link":"https:\/\/sunelements.de\/fr\/shop\/sungarden-infinity\/","title":{"rendered":"Serre SunGarden <b>Infinity<\/b>"},"content":{"rendered":"<p>&nbsp;<\/p>\n<div class=\"elementor-widget-container\"><img fetchpriority=\"high\" decoding=\"async\" class=\"attachment-large size-large wp-image-10743 alignright\" src=\"https:\/\/sunelements.de\/wp-content\/uploads\/2023\/12\/SunElements-at-SunGarden-Modern-Gewaechshaus-Wandfuellung-Acrylglas-klar.jpg\" sizes=\"(max-width: 353px) 100vw, 353px\" srcset=\"https:\/\/sunelements.de\/wp-content\/uploads\/2023\/12\/SunElements-at-SunGarden-Modern-Gewaechshaus-Wandfuellung-Acrylglas-klar.jpg 353w, https:\/\/sunelements.de\/wp-content\/uploads\/2023\/12\/SunElements-at-SunGarden-Modern-Gewaechshaus-Wandfuellung-Acrylglas-klar-300x188.jpg 300w\" alt=\"SunElements-at-SunGarden-Modern-remplissage de mur de serre-acrylique-clair\" width=\"353\" height=\"221\"><\/div>\n<p>La serre <strong>SunGarden Infinity<\/strong> est synonyme de transparence et de lumi\u00e8re maximale, id\u00e9ale pour les jardiniers qui veulent fournir \u00e0 leurs plantes la lumi\u00e8re naturelle du soleil et ne veulent pas renoncer \u00e0 la <strong>protection contre les UV<\/strong>. Gr\u00e2ce au vitrage acrylique transparent, cette serre offre une ambiance lumineuse et claire et est l&#8217;endroit parfait pour votre culture de plantes. <\/p>\n<p>&nbsp;<\/p>\n<p><strong><img decoding=\"async\" class=\"size-full wp-image-8569\" src=\"https:\/\/sunelements.de\/wp-content\/uploads\/2023\/11\/SunElements-at-Logo-Icon-orange.png\" alt=\"SunElements-at-Logo-Icon-orange\" width=\"40\" height=\"34\">Transmission maximale de la lumi\u00e8re<br \/>\n<\/strong>Les parois et le toit sont en <strong>verre acrylique transparent de 6 mm<\/strong>, ce qui permet non seulement de laisser entrer g\u00e9n\u00e9reusement la lumi\u00e8re, mais aussi de cr\u00e9er un look moderne et \u00e9l\u00e9gant. Ce mat\u00e9riau prot\u00e8ge vos plantes des <strong>rayons UVA et UVB<\/strong>, tout en laissant entrer le maximum de lumi\u00e8re naturelle dans l&#8217;espace, ce qui favorise une croissance saine. Le SunGarden Infinity est donc une <strong>serre moderne<\/strong> qui met l&#8217;accent sur la luminosit\u00e9 et la transparence.  <\/p>\n<p>&nbsp;<\/p>\n<p><strong><img decoding=\"async\" class=\"size-full wp-image-8569\" src=\"https:\/\/sunelements.de\/wp-content\/uploads\/2023\/11\/SunElements-at-Logo-Icon-orange.png\" alt=\"SunElements-at-Logo-Icon-orange\" width=\"40\" height=\"34\">Flexibilit\u00e9 et \u00e9l\u00e9gance<br \/>\n<\/strong>La flexibilit\u00e9 dans le choix de la position de la porte et la possibilit\u00e9 de combiner diff\u00e9rents \u00e9l\u00e9ments de vitrage font du SunGarden Infinity une option polyvalente. Avec sa construction robuste en aluminium, il offre une stabilit\u00e9 et constitue un investissement \u00e0 long terme gr\u00e2ce \u00e0 ses mat\u00e9riaux sans entretien. Le <strong>syst\u00e8me<\/strong> unique <strong>de clic<\/strong> permet un montage facile et des ajustements ult\u00e9rieurs, de sorte que des modifications ult\u00e9rieures, telles que le remplacement d&#8217;\u00e9l\u00e9ments de mur ou de toit, peuvent \u00eatre facilement effectu\u00e9es.  <\/p>\n<p>&nbsp;<\/p>\n<p><strong><img decoding=\"async\" class=\"size-full wp-image-8569\" src=\"https:\/\/sunelements.de\/wp-content\/uploads\/2023\/11\/SunElements-at-Logo-Icon-orange.png\" alt=\"SunElements-at-Logo-Icon-orange\" width=\"40\" height=\"34\">De nombreux accessoires<br \/>\n<\/strong>Outre les diff\u00e9rents mod\u00e8les, SunElements propose \u00e9galement une vaste gamme d&#8217;accessoires parfaitement adapt\u00e9s \u00e0 votre <strong>serre<\/strong>.<\/p>\n<ul>\n<li><strong>Syst\u00e8mes d&#8217;irrigation<\/strong> pour un approvisionnement optimal des plantes<\/li>\n<li><strong>Lampes pour plantes<\/strong> pour la culture et l&#8217;hivernage de vos plantes<\/li>\n<li><strong>Fen\u00eatres et portes suppl\u00e9mentaires<\/strong> pour personnaliser vos all\u00e9es dans le jardin<\/li>\n<li><strong>Syst\u00e8mes de drainage<\/strong> pour une gestion contr\u00f4l\u00e9e de l&#8217;\u00e9coulement de l&#8217;eau<\/li>\n<li><strong>Fondations \u00e0 boulons de terre<\/strong> pour un ancrage stable sans trop d&#8217;efforts.<\/li>\n<\/ul>\n<div class=\"elementor-widget-container\">\n<p>&nbsp;<\/p>\n<p><strong><img decoding=\"async\" class=\"size-full wp-image-8569\" src=\"https:\/\/sunelements.de\/wp-content\/uploads\/2023\/11\/SunElements-at-Logo-Icon-orange.png\" alt=\"SunElements-at-Logo-Icon-orange\" width=\"40\" height=\"34\"> Choisissez parmi 9 tailles de 3 m\u00b2 \u00e0 24 m\u00b2.<br \/>\n<\/strong><span style=\"font-style: inherit; font-weight: inherit; background-color: var(--ast-global-color-5); color: var(--ast-global-color-2);\">La porte (900 x 1970 mm) peut \u00eatre install\u00e9e de chaque c\u00f4t\u00e9, entre 2 montants.  <\/span><span style=\"font-style: inherit; font-weight: inherit; background-color: var(--ast-global-color-5); color: var(--ast-global-color-2);\">L&#8217;ouverture de la porte peut \u00eatre choisie librement lors du montage, \u00e0 gauche ou \u00e0 droite.<br \/>\n<\/span><span style=\"font-style: inherit; font-weight: inherit; background-color: var(--ast-global-color-5); color: var(--ast-global-color-2);\">La ligne bleu clair symbolise la goutti\u00e8re. L&#8217;\u00e9vacuation de l&#8217;eau est possible aux deux extr\u00e9mit\u00e9s, au choix.<\/span><\/p>\n<\/div>\n<div class=\"elementor-element elementor-element-e4faa6b elementor-widget elementor-widget-image\" data-id=\"e4faa6b\" data-element_type=\"widget\" data-widget_type=\"image.default\">\n<div class=\"elementor-widget-container\"><img decoding=\"async\" class=\"attachment-full wp-image-8639 aligncenter\" src=\"https:\/\/sunelements.de\/wp-content\/uploads\/2023\/11\/SunElements-at-SunGarden-Gewaechshaus-Groessen-frei-waehlen.jpg\" sizes=\"(max-width: 1200px) 100vw, 1200px\" srcset=\"https:\/\/sunelements.de\/wp-content\/uploads\/2023\/11\/SunElements-at-SunGarden-Gewaechshaus-Groessen-frei-waehlen.jpg 1200w, https:\/\/sunelements.de\/wp-content\/uploads\/2023\/11\/SunElements-at-SunGarden-Gewaechshaus-Groessen-frei-waehlen-300x146.jpg 300w, https:\/\/sunelements.de\/wp-content\/uploads\/2023\/11\/SunElements-at-SunGarden-Gewaechshaus-Groessen-frei-waehlen-1024x500.jpg 1024w, https:\/\/sunelements.de\/wp-content\/uploads\/2023\/11\/SunElements-at-SunGarden-Gewaechshaus-Groessen-frei-waehlen-768x375.jpg 768w, https:\/\/sunelements.de\/wp-content\/uploads\/2023\/11\/SunElements-at-SunGarden-Gewaechshaus-Groessen-frei-waehlen-600x293.jpg 600w\" alt=\"SunElements-at-SunGarden-serre-tailles-libre-choix\" width=\"854\" height=\"407\"><\/div>\n<\/div>\n","protected":false},"excerpt":{"rendered":"<p><strong>Le verre acrylique transparent<\/strong> assure la protection contre les UV et la transmission de la lumi\u00e8re<\/p>\n","protected":false},"featured_media":13538,"template":"","meta":{"site-sidebar-layout":"default","site-content-layout":"default","ast-site-content-layout":"default","site-content-style":"default","site-sidebar-style":"default","ast-global-header-display":"","ast-banner-title-visibility":"","ast-main-header-display":"","ast-hfb-above-header-display":"","ast-hfb-below-header-display":"","ast-hfb-mobile-header-display":"","site-post-title":"","ast-breadcrumbs-content":"","ast-featured-img":"","footer-sml-layout":"","ast-disable-related-posts":"","theme-transparent-header-meta":"default","adv-header-id-meta":"","stick-header-meta":"default","header-above-stick-meta":"","header-main-stick-meta":"","header-below-stick-meta":"","astra-migrate-meta-layouts":"default","ast-page-background-enabled":"default","ast-page-background-meta":{"desktop":{"background-color":"var(--ast-global-color-4)","background-image":"","background-repeat":"repeat","background-position":"center center","background-size":"auto","background-attachment":"scroll","background-type":"","background-media":"","overlay-type":"","overlay-color":"","overlay-opacity":"","overlay-gradient":""},"tablet":{"background-color":"","background-image":"","background-repeat":"repeat","background-position":"center center","background-size":"auto","background-attachment":"scroll","background-type":"","background-media":"","overlay-type":"","overlay-color":"","overlay-opacity":"","overlay-gradient":""},"mobile":{"background-color":"","background-image":"","background-repeat":"repeat","background-position":"center center","background-size":"auto","background-attachment":"scroll","background-type":"","background-media":"","overlay-type":"","overlay-color":"","overlay-opacity":"","overlay-gradient":""}},"ast-content-background-meta":{"desktop":{"background-color":"var(--ast-global-color-5)","background-image":"","background-repeat":"repeat","background-position":"center center","background-size":"auto","background-attachment":"scroll","background-type":"","background-media":"","overlay-type":"","overlay-color":"","overlay-opacity":"","overlay-gradient":""},"tablet":{"background-color":"var(--ast-global-color-5)","background-image":"","background-repeat":"repeat","background-position":"center center","background-size":"auto","background-attachment":"scroll","background-type":"","background-media":"","overlay-type":"","overlay-color":"","overlay-opacity":"","overlay-gradient":""},"mobile":{"background-color":"var(--ast-global-color-5)","background-image":"","background-repeat":"repeat","background-position":"center center","background-size":"auto","background-attachment":"scroll","background-type":"","background-media":"","overlay-type":"","overlay-color":"","overlay-opacity":"","overlay-gradient":""}},"_themeisle_gutenberg_block_has_review":false},"product_brand":[],"product_cat":[97],"product_tag":[],"class_list":{"0":"post-13537","1":"product","2":"type-product","3":"status-publish","4":"has-post-thumbnail","6":"product_cat-serre-sungarden-sunelements-the-next-generation","7":"desktop-align-center","8":"tablet-align-left","9":"mobile-align-left","10":"ast-product-gallery-layout-horizontal-slider","11":"ast-product-tabs-layout-accordion","12":"tm-has-options","14":"first","15":"instock","16":"taxable","17":"shipping-taxable","18":"purchasable","19":"product-type-simple"},"_links":{"self":[{"href":"https:\/\/sunelements.de\/fr\/wp-json\/wp\/v2\/product\/13537","targetHints":{"allow":["GET"]}}],"collection":[{"href":"https:\/\/sunelements.de\/fr\/wp-json\/wp\/v2\/product"}],"about":[{"href":"https:\/\/sunelements.de\/fr\/wp-json\/wp\/v2\/types\/product"}],"wp:featuredmedia":[{"embeddable":true,"href":"https:\/\/sunelements.de\/fr\/wp-json\/wp\/v2\/media\/13538"}],"wp:attachment":[{"href":"https:\/\/sunelements.de\/fr\/wp-json\/wp\/v2\/media?parent=13537"}],"wp:term":[{"taxonomy":"product_brand","embeddable":true,"href":"https:\/\/sunelements.de\/fr\/wp-json\/wp\/v2\/product_brand?post=13537"},{"taxonomy":"product_cat","embeddable":true,"href":"https:\/\/sunelements.de\/fr\/wp-json\/wp\/v2\/product_cat?post=13537"},{"taxonomy":"product_tag","embeddable":true,"href":"https:\/\/sunelements.de\/fr\/wp-json\/wp\/v2\/product_tag?post=13537"}],"curies":[{"name":"wp","href":"https:\/\/api.w.org\/{rel}","templated":true}]}}