{"id":13505,"date":"2024-02-22T08:00:21","date_gmt":"2024-02-22T07:00:21","guid":{"rendered":"https:\/\/sunelements.de\/shop\/paquet-pv\/"},"modified":"2024-08-19T09:18:37","modified_gmt":"2024-08-19T07:18:37","slug":"paquet-pv","status":"publish","type":"product","link":"https:\/\/sunelements.de\/fr\/shop\/paquet-pv\/","title":{"rendered":"Paquet PV"},"content":{"rendered":"<p>Vous pouvez \u00e9quiper chaque serre individuellement, avec les deux variantes de modules, soit sur le toit, soit sur le mur. Le nombre de modules est laiss\u00e9 \u00e0 votre appr\u00e9ciation, ce qui vous permet de configurer votre serre de mani\u00e8re personnalis\u00e9e. Si vous optez pour un SunGarden avec des \u00e9l\u00e9ments photovolta\u00efques int\u00e9gr\u00e9s, nous vous fournissons un syst\u00e8me pr\u00eat \u00e0 brancher avec des modules, un onduleur de module et le c\u00e2blage de connexion n\u00e9cessaire. Vous pouvez facilement r\u00e9gler vous-m\u00eame l&#8217;onduleur sur la puissance de sortie souhait\u00e9e via l&#8217;APP.  <\/p>\n<h2>Technologie des modules Double vitrage :<\/h2>\n<div class=\"elementor-widget-container\"><img fetchpriority=\"high\" decoding=\"async\" class=\"attachment-large wp-image-8863 alignnone\" src=\"https:\/\/sunelements.de\/wp-content\/uploads\/2023\/11\/SunElements-at-SunGarden-Power-Gewaechshaus-Modultechnik-Doppelglas-Module-1024x370.jpg\" sizes=\"(max-width: 1024px) 100vw, 1024px\" srcset=\"https:\/\/sunelements.de\/wp-content\/uploads\/2023\/11\/SunElements-at-SunGarden-Power-Gewaechshaus-Modultechnik-Doppelglas-Module-1024x370.jpg 1024w, https:\/\/sunelements.de\/wp-content\/uploads\/2023\/11\/SunElements-at-SunGarden-Power-Gewaechshaus-Modultechnik-Doppelglas-Module-300x109.jpg 300w, https:\/\/sunelements.de\/wp-content\/uploads\/2023\/11\/SunElements-at-SunGarden-Power-Gewaechshaus-Modultechnik-Doppelglas-Module-768x278.jpg 768w, https:\/\/sunelements.de\/wp-content\/uploads\/2023\/11\/SunElements-at-SunGarden-Power-Gewaechshaus-Modultechnik-Doppelglas-Module-600x217.jpg 600w, https:\/\/sunelements.de\/wp-content\/uploads\/2023\/11\/SunElements-at-SunGarden-Power-Gewaechshaus-Modultechnik-Doppelglas-Module.jpg 1200w\" alt=\"SunElements-at-SunGarden-Power-Technique de modules pour serres-Modules \u00e0 double vitrage\" width=\"894\" height=\"323\"><\/div>\n<p>  &#8211; Poids r\u00e9duit avec seulement 24 kg par module. &#8211; Haute fiabilit\u00e9 gr\u00e2ce au verre tremp\u00e9. &#8211; Durabilit\u00e9 extr\u00eame gr\u00e2ce \u00e0 un proc\u00e9d\u00e9 de temp\u00e9rage et de laminage de haute technologie, comparable aux pare-brises des voitures. &#8211; Charge de vent la plus \u00e9lev\u00e9e &gt; 240 kg\/m\u00b2 et charge de neige &gt; 550 kg\/m\u00b2 &#8211; Les modules solaires bifaces rendent le photovolta\u00efque plus efficace car les cellules solaires utilis\u00e9es convertissent \u00e9galement l&#8217;\u00e9nergie solaire \u00e0 l&#8217;arri\u00e8re du module en \u00e9lectricit\u00e9 solaire.<br \/>\n&#8211; 25 ans de garantie sur le produit <strong style=\"font-style: inherit; background-color: var(--ast-global-color-5); color: var(--ast-global-color-2); font-size: 14pt;\"><span style=\"color: #ff7643;\">VARIANTE 1 : Utilisation comme centrale \u00e9lectrique de balcon<\/span><\/strong> Vous pouvez simplement brancher votre SunGarden sur une prise de courant en tant que syst\u00e8me pr\u00eat \u00e0 brancher.  L&#8217;\u00e9lectricit\u00e9 solaire produite est ainsi disponible dans votre propre maison. Selon la l\u00e9gislation du pays, la limite de puissance maximale que vous pouvez injecter dans le r\u00e9seau de votre fournisseur d&#8217;\u00e9nergie varie.<br \/>\nEn r\u00e8gle g\u00e9n\u00e9rale, un simple enregistrement suffit. <img decoding=\"async\" class=\"wp-image-8888 \" src=\"https:\/\/sunelements.de\/wp-content\/uploads\/2023\/11\/SunElements-at-SunGarden-Power-Gewaechshaus-Funktionsweise-Verwendung-als-Balkonkraftwerk.jpg\" alt=\"SunElements-at-SunGarden-Power-serre-fonctionnement-utilisation-comme-centrale-de-balcon\" width=\"911\" height=\"237\" srcset=\"https:\/\/sunelements.de\/wp-content\/uploads\/2023\/11\/SunElements-at-SunGarden-Power-Gewaechshaus-Funktionsweise-Verwendung-als-Balkonkraftwerk.jpg 1200w, https:\/\/sunelements.de\/wp-content\/uploads\/2023\/11\/SunElements-at-SunGarden-Power-Gewaechshaus-Funktionsweise-Verwendung-als-Balkonkraftwerk-300x78.jpg 300w, https:\/\/sunelements.de\/wp-content\/uploads\/2023\/11\/SunElements-at-SunGarden-Power-Gewaechshaus-Funktionsweise-Verwendung-als-Balkonkraftwerk-1024x266.jpg 1024w, https:\/\/sunelements.de\/wp-content\/uploads\/2023\/11\/SunElements-at-SunGarden-Power-Gewaechshaus-Funktionsweise-Verwendung-als-Balkonkraftwerk-768x200.jpg 768w, https:\/\/sunelements.de\/wp-content\/uploads\/2023\/11\/SunElements-at-SunGarden-Power-Gewaechshaus-Funktionsweise-Verwendung-als-Balkonkraftwerk-600x156.jpg 600w\" sizes=\"(max-width: 911px) 100vw, 911px\" \/><strong style=\"font-style: inherit; background-color: var(--ast-global-color-5); color: var(--ast-global-color-2); font-size: 14pt;\"><span style=\"color: #ff7643;\">VARIANTE 2 : Utilisation pour l&#8217;alimentation classique du r\u00e9seau<\/span><\/strong> Si vous souhaitez utiliser un syst\u00e8me d&#8217;\u00e9nergie solaire, au-del\u00e0 de la limite de la centrale de balcon, nous fournissons le m\u00eame syst\u00e8me pr\u00eat \u00e0 brancher avec plusieurs onduleurs de modules et des modules.  Pour l&#8217;installation, vous aurez besoin d&#8217;un \u00e9lectricien qui devra \u00e9tablir une connexion directe avec votre armoire \u00e9lectrique. Avec cette variante, vous utilisez la puissance photovolta\u00efque la plus \u00e9lev\u00e9e possible.  <img decoding=\"async\" class=\" wp-image-8894\" src=\"https:\/\/sunelements.de\/wp-content\/uploads\/2023\/11\/SunElements-at-SunGarden-Power-Gewaechshaus-Funktionsweise-Verwendung-Netzeinspeisung.jpg\" alt=\"SunElements-at-SunGarden-Power-serre-fonctionnement-utilisation-alimentation-r\u00e9seau\" width=\"912\" height=\"423\" srcset=\"https:\/\/sunelements.de\/wp-content\/uploads\/2023\/11\/SunElements-at-SunGarden-Power-Gewaechshaus-Funktionsweise-Verwendung-Netzeinspeisung.jpg 1200w, https:\/\/sunelements.de\/wp-content\/uploads\/2023\/11\/SunElements-at-SunGarden-Power-Gewaechshaus-Funktionsweise-Verwendung-Netzeinspeisung-300x139.jpg 300w, https:\/\/sunelements.de\/wp-content\/uploads\/2023\/11\/SunElements-at-SunGarden-Power-Gewaechshaus-Funktionsweise-Verwendung-Netzeinspeisung-1024x475.jpg 1024w, https:\/\/sunelements.de\/wp-content\/uploads\/2023\/11\/SunElements-at-SunGarden-Power-Gewaechshaus-Funktionsweise-Verwendung-Netzeinspeisung-768x356.jpg 768w, https:\/\/sunelements.de\/wp-content\/uploads\/2023\/11\/SunElements-at-SunGarden-Power-Gewaechshaus-Funktionsweise-Verwendung-Netzeinspeisung-600x279.jpg 600w\" sizes=\"(max-width: 912px) 100vw, 912px\" \/><\/p>\n","protected":false},"excerpt":{"rendered":"<p>Packs photovolta\u00efques complets<\/p>\n","protected":false},"featured_media":17618,"template":"","meta":{"site-sidebar-layout":"default","site-content-layout":"default","ast-site-content-layout":"default","site-content-style":"default","site-sidebar-style":"default","ast-global-header-display":"","ast-banner-title-visibility":"","ast-main-header-display":"","ast-hfb-above-header-display":"","ast-hfb-below-header-display":"","ast-hfb-mobile-header-display":"","site-post-title":"","ast-breadcrumbs-content":"","ast-featured-img":"","footer-sml-layout":"","ast-disable-related-posts":"","theme-transparent-header-meta":"default","adv-header-id-meta":"","stick-header-meta":"default","header-above-stick-meta":"","header-main-stick-meta":"","header-below-stick-meta":"","astra-migrate-meta-layouts":"default","ast-page-background-enabled":"default","ast-page-background-meta":{"desktop":{"background-color":"var(--ast-global-color-4)","background-image":"","background-repeat":"repeat","background-position":"center center","background-size":"auto","background-attachment":"scroll","background-type":"","background-media":"","overlay-type":"","overlay-color":"","overlay-opacity":"","overlay-gradient":""},"tablet":{"background-color":"","background-image":"","background-repeat":"repeat","background-position":"center center","background-size":"auto","background-attachment":"scroll","background-type":"","background-media":"","overlay-type":"","overlay-color":"","overlay-opacity":"","overlay-gradient":""},"mobile":{"background-color":"","background-image":"","background-repeat":"repeat","background-position":"center center","background-size":"auto","background-attachment":"scroll","background-type":"","background-media":"","overlay-type":"","overlay-color":"","overlay-opacity":"","overlay-gradient":""}},"ast-content-background-meta":{"desktop":{"background-color":"var(--ast-global-color-5)","background-image":"","background-repeat":"repeat","background-position":"center center","background-size":"auto","background-attachment":"scroll","background-type":"","background-media":"","overlay-type":"","overlay-color":"","overlay-opacity":"","overlay-gradient":""},"tablet":{"background-color":"var(--ast-global-color-5)","background-image":"","background-repeat":"repeat","background-position":"center center","background-size":"auto","background-attachment":"scroll","background-type":"","background-media":"","overlay-type":"","overlay-color":"","overlay-opacity":"","overlay-gradient":""},"mobile":{"background-color":"var(--ast-global-color-5)","background-image":"","background-repeat":"repeat","background-position":"center center","background-size":"auto","background-attachment":"scroll","background-type":"","background-media":"","overlay-type":"","overlay-color":"","overlay-opacity":"","overlay-gradient":""}},"_themeisle_gutenberg_block_has_review":false},"product_brand":[],"product_cat":[93],"product_tag":[],"class_list":{"0":"post-13505","1":"product","2":"type-product","3":"status-publish","4":"has-post-thumbnail","6":"product_cat-accessoires-fr","7":"desktop-align-center","8":"tablet-align-left","9":"mobile-align-left","10":"ast-product-gallery-layout-horizontal-slider","11":"ast-product-tabs-layout-accordion","12":"tm-has-options","14":"first","15":"instock","16":"taxable","17":"shipping-taxable","18":"purchasable","19":"product-type-simple"},"_links":{"self":[{"href":"https:\/\/sunelements.de\/fr\/wp-json\/wp\/v2\/product\/13505","targetHints":{"allow":["GET"]}}],"collection":[{"href":"https:\/\/sunelements.de\/fr\/wp-json\/wp\/v2\/product"}],"about":[{"href":"https:\/\/sunelements.de\/fr\/wp-json\/wp\/v2\/types\/product"}],"wp:featuredmedia":[{"embeddable":true,"href":"https:\/\/sunelements.de\/fr\/wp-json\/wp\/v2\/media\/17618"}],"wp:attachment":[{"href":"https:\/\/sunelements.de\/fr\/wp-json\/wp\/v2\/media?parent=13505"}],"wp:term":[{"taxonomy":"product_brand","embeddable":true,"href":"https:\/\/sunelements.de\/fr\/wp-json\/wp\/v2\/product_brand?post=13505"},{"taxonomy":"product_cat","embeddable":true,"href":"https:\/\/sunelements.de\/fr\/wp-json\/wp\/v2\/product_cat?post=13505"},{"taxonomy":"product_tag","embeddable":true,"href":"https:\/\/sunelements.de\/fr\/wp-json\/wp\/v2\/product_tag?post=13505"}],"curies":[{"name":"wp","href":"https:\/\/api.w.org\/{rel}","templated":true}]}}