{"id":13459,"date":"2024-02-27T16:29:54","date_gmt":"2024-02-27T15:29:54","guid":{"rendered":"https:\/\/sunelements.de\/shop\/jardin-dete-select\/"},"modified":"2026-04-21T10:18:22","modified_gmt":"2026-04-21T08:18:22","slug":"jardin-dete-select","status":"publish","type":"product","link":"https:\/\/sunelements.de\/fr\/shop\/jardin-dete-select\/","title":{"rendered":"Jardin d&#8217;\u00e9t\u00e9 SunCasa <b>Select<\/b>"},"content":{"rendered":"<div class=\"elementor-widget-container\"><img decoding=\"async\" class=\"alignright\" title=\"SunElements-at-SunGarden-Select-remplissage de murs de serres-plaques doublement alv\u00e9ol\u00e9es-en-comparaison\" src=\"https:\/\/sunelements.de\/wp-content\/uploads\/elementor\/thumbs\/SunElements-at-SunGarden-Select-Gewaechshaus-Wandfuellung-Doppelstegplatten-im-Vergleich-qf0ulex42sbdrg59vk9ae6v2zazt1d0r6ld4z4uq2m.png\" alt=\"SunElements-at-SunGarden-Select-remplissage de murs de serres-plaques doublement alv\u00e9ol\u00e9es-en-comparaison\"><\/div>\n<div class=\"elementor-widget-container\">\n<p> <strong><img decoding=\"async\" class=\"size-full wp-image-8569\" src=\"https:\/\/sunelements.de\/wp-content\/uploads\/2023\/11\/SunElements-at-Logo-Icon-orange.png\" alt=\"SunElements-at-Logo-Icon-orange\" width=\"40\" height=\"34\"> SunCasa Select un jardin d&#8217;hiver froid pratique au design moderne<br \/>\n<\/strong>Le SunCasa Select est parfait pour les amateurs de jardinage qui pr\u00e9f\u00e8rent un design simple et fonctionnel. Ce mod\u00e8le allie des mat\u00e9riaux robustes et un design \u00e9pur\u00e9 pour cr\u00e9er un espace polyvalent qui peut \u00eatre utilis\u00e9 comme v\u00e9randa froide ou comme salon de jardin moderne. <\/p>\n<p>&nbsp;<\/p>\n<p> <strong><img decoding=\"async\" class=\"size-full wp-image-8569\" src=\"https:\/\/sunelements.de\/wp-content\/uploads\/2023\/11\/SunElements-at-Logo-Icon-orange.png\" alt=\"SunElements-at-Logo-Icon-orange\" width=\"40\" height=\"34\"> Des parois isol\u00e9es pour une protection optimale<br \/>\n<\/strong>Les <strong>doubles panneaux alv\u00e9olaires de 10 mm<\/strong> sur les parois du SunCasa Select assurent une excellente isolation. Ils offrent une protection contre le froid et les conditions climatiques difficiles. Le SunCasa Select est le choix id\u00e9al si vous souhaitez <strong>offrir un abri hivernal<\/strong> \u00e0 vos <strong>plantes en bac<\/strong>.  <\/p>\n<p>&nbsp;<\/p>\n<p> <strong><img decoding=\"async\" class=\"size-full wp-image-8569\" src=\"https:\/\/sunelements.de\/wp-content\/uploads\/2023\/11\/SunElements-at-Logo-Icon-orange.png\" alt=\"SunElements-at-Logo-Icon-orange\" width=\"40\" height=\"34\"> Verre acrylique teint\u00e9 pour une protection optimale contre les UV<br \/>\n<\/strong>Le <strong>verre acrylique teint\u00e9 de 6 mm<\/strong> sur le toit prot\u00e8ge vos plantes des rayons UV nocifs et leur procure une sensation de confort.<\/p>\n<p>&nbsp;<\/p>\n<p> <strong><img decoding=\"async\" class=\"size-full wp-image-8569\" src=\"https:\/\/sunelements.de\/wp-content\/uploads\/2023\/11\/SunElements-at-Logo-Icon-orange.png\" alt=\"SunElements-at-Logo-Icon-orange\" width=\"40\" height=\"34\"> Parfait pour les propri\u00e9taires de jardin soucieux de leur budget<br \/>\n<\/strong>Le SunCasa Select offre une grande qualit\u00e9 au <strong>meilleur prix<\/strong>. Il convient particuli\u00e8rement aux clients qui recherchent un abri de jardin fonctionnel ou une v\u00e9randa froide autoportante. <\/p>\n<p>&nbsp;<\/p>\n<p> <strong><img decoding=\"async\" class=\"size-full wp-image-8569\" src=\"https:\/\/sunelements.de\/wp-content\/uploads\/2023\/11\/SunElements-at-Logo-Icon-orange.png\" alt=\"SunElements-at-Logo-Icon-orange\" width=\"40\" height=\"34\"> De nombreux accessoires pour personnaliser<\/strong>votre maison <strong><br \/>\n En plus des structures de base de haute qualit\u00e9, vous pouvez \u00e9quiper votre SunCasa d&#8217;un grand nombre d&#8217;accessoires, y compris<\/strong> <strong>des rev\u00eatements int\u00e9rieurs<\/strong> qui rendent votre maison de jardin aussi belle \u00e0 l&#8217;int\u00e9rieur qu&#8217;\u00e0 l&#8217;ext\u00e9rieur et qui cachent vos c\u00e2bles \u00e9lectriques, <strong>des portes<\/strong> et <strong>des fen\u00eatres<\/strong> <strong>suppl\u00e9mentaires<\/strong>, des <strong>pliss\u00e9s<\/strong> pour les murs et <strong>les plafonds<\/strong> et <strong>des syst\u00e8mes de drainage<\/strong>. Vous pouvez ainsi cr\u00e9er votre propre paradis de jardin, adapt\u00e9 \u00e0 vos besoins. <\/p>\n<p>&nbsp;<\/p>\n<p> <strong><img decoding=\"async\" class=\"size-full wp-image-8569\" src=\"https:\/\/sunelements.de\/wp-content\/uploads\/2023\/11\/SunElements-at-Logo-Icon-orange.png\" alt=\"SunElements-at-Logo-Icon-orange\" width=\"40\" height=\"34\"> Options de fondation flexibles<br \/>\n<\/strong>Si vous souhaitez utiliser notre SunCasa comme jardin d&#8217;\u00e9t\u00e9, jardin d&#8217;hiver froid ou salon de jardin, nous recommandons une fondation en dalles de b\u00e9ton. Celle-ci doit \u00eatre munie d&#8217;une \u00e9tanch\u00e9it\u00e9 appropri\u00e9e afin d&#8217;emp\u00eacher l&#8217;humidit\u00e9 du sol de remonter et d&#8217;\u00e9viter la formation de condensation. <\/p>\n<p>&nbsp;<\/p>\n<p><strong><img decoding=\"async\" class=\"size-full wp-image-8569\" src=\"https:\/\/sunelements.de\/wp-content\/uploads\/2023\/11\/SunElements-at-Logo-Icon-orange.png\" alt=\"SunElements-at-Logo-Icon-orange\" width=\"40\" height=\"34\"> Choisissez parmi 9 tailles de 3 m\u00b2 \u00e0 24 m\u00b2.<br \/>\n<\/strong><span style=\"font-style: inherit; font-weight: inherit; background-color: var(--ast-global-color-5); color: var(--ast-global-color-2);\">La porte (900 x 1970 mm) peut \u00eatre install\u00e9e de chaque c\u00f4t\u00e9, entre 2 montants.  <\/span><span style=\"font-style: inherit; font-weight: inherit; background-color: var(--ast-global-color-5); color: var(--ast-global-color-2);\">L&#8217;ouverture de la porte peut \u00eatre choisie librement lors du montage, \u00e0 gauche ou \u00e0 droite.<br \/>\n<\/span><span style=\"font-style: inherit; font-weight: inherit; background-color: var(--ast-global-color-5); color: var(--ast-global-color-2);\">La ligne bleu clair symbolise la goutti\u00e8re. L&#8217;\u00e9vacuation de l&#8217;eau est possible aux deux extr\u00e9mit\u00e9s, au choix.<\/span><\/p>\n<\/div>\n<div class=\"elementor-element elementor-element-e4faa6b elementor-widget elementor-widget-image\" data-id=\"e4faa6b\" data-element_type=\"widget\" data-widget_type=\"image.default\">\n<div class=\"elementor-widget-container\"><img fetchpriority=\"high\" decoding=\"async\" class=\"attachment-full wp-image-8639 aligncenter\" src=\"https:\/\/sunelements.de\/wp-content\/uploads\/2023\/11\/SunElements-at-SunGarden-Gewaechshaus-Groessen-frei-waehlen.jpg\" sizes=\"(max-width: 1200px) 100vw, 1200px\" srcset=\"https:\/\/sunelements.de\/wp-content\/uploads\/2023\/11\/SunElements-at-SunGarden-Gewaechshaus-Groessen-frei-waehlen.jpg 1200w, https:\/\/sunelements.de\/wp-content\/uploads\/2023\/11\/SunElements-at-SunGarden-Gewaechshaus-Groessen-frei-waehlen-300x146.jpg 300w, https:\/\/sunelements.de\/wp-content\/uploads\/2023\/11\/SunElements-at-SunGarden-Gewaechshaus-Groessen-frei-waehlen-1024x500.jpg 1024w, https:\/\/sunelements.de\/wp-content\/uploads\/2023\/11\/SunElements-at-SunGarden-Gewaechshaus-Groessen-frei-waehlen-768x375.jpg 768w, https:\/\/sunelements.de\/wp-content\/uploads\/2023\/11\/SunElements-at-SunGarden-Gewaechshaus-Groessen-frei-waehlen-600x293.jpg 600w\" alt=\"SunElements-at-SunGarden-serre-tailles-libre-choix\" width=\"854\" height=\"407\"><\/div>\n<\/div>\n","protected":false},"excerpt":{"rendered":"<p><strong>Avec des plaques alv\u00e9olaires de 10 mm<\/strong>, le choix optimal pour les esth\u00e8tes soucieux de leur budget<\/p>\n","protected":false},"featured_media":13460,"template":"","meta":{"site-sidebar-layout":"default","site-content-layout":"default","ast-site-content-layout":"default","site-content-style":"default","site-sidebar-style":"default","ast-global-header-display":"","ast-banner-title-visibility":"","ast-main-header-display":"","ast-hfb-above-header-display":"","ast-hfb-below-header-display":"","ast-hfb-mobile-header-display":"","site-post-title":"","ast-breadcrumbs-content":"","ast-featured-img":"","footer-sml-layout":"","ast-disable-related-posts":"","theme-transparent-header-meta":"default","adv-header-id-meta":"","stick-header-meta":"default","header-above-stick-meta":"","header-main-stick-meta":"","header-below-stick-meta":"","astra-migrate-meta-layouts":"default","ast-page-background-enabled":"default","ast-page-background-meta":{"desktop":{"background-color":"var(--ast-global-color-4)","background-image":"","background-repeat":"repeat","background-position":"center center","background-size":"auto","background-attachment":"scroll","background-type":"","background-media":"","overlay-type":"","overlay-color":"","overlay-opacity":"","overlay-gradient":""},"tablet":{"background-color":"","background-image":"","background-repeat":"repeat","background-position":"center center","background-size":"auto","background-attachment":"scroll","background-type":"","background-media":"","overlay-type":"","overlay-color":"","overlay-opacity":"","overlay-gradient":""},"mobile":{"background-color":"","background-image":"","background-repeat":"repeat","background-position":"center center","background-size":"auto","background-attachment":"scroll","background-type":"","background-media":"","overlay-type":"","overlay-color":"","overlay-opacity":"","overlay-gradient":""}},"ast-content-background-meta":{"desktop":{"background-color":"var(--ast-global-color-5)","background-image":"","background-repeat":"repeat","background-position":"center center","background-size":"auto","background-attachment":"scroll","background-type":"","background-media":"","overlay-type":"","overlay-color":"","overlay-opacity":"","overlay-gradient":""},"tablet":{"background-color":"var(--ast-global-color-5)","background-image":"","background-repeat":"repeat","background-position":"center center","background-size":"auto","background-attachment":"scroll","background-type":"","background-media":"","overlay-type":"","overlay-color":"","overlay-opacity":"","overlay-gradient":""},"mobile":{"background-color":"var(--ast-global-color-5)","background-image":"","background-repeat":"repeat","background-position":"center center","background-size":"auto","background-attachment":"scroll","background-type":"","background-media":"","overlay-type":"","overlay-color":"","overlay-opacity":"","overlay-gradient":""}},"_themeisle_gutenberg_block_has_review":false},"product_brand":[],"product_cat":[89],"product_tag":[],"class_list":{"0":"post-13459","1":"product","2":"type-product","3":"status-publish","4":"has-post-thumbnail","6":"product_cat-jardin-dete-sungarden","7":"desktop-align-center","8":"tablet-align-left","9":"mobile-align-left","10":"ast-product-gallery-layout-horizontal-slider","11":"ast-product-tabs-layout-accordion","12":"tm-has-options","14":"first","15":"instock","16":"taxable","17":"shipping-taxable","18":"purchasable","19":"product-type-simple"},"_links":{"self":[{"href":"https:\/\/sunelements.de\/fr\/wp-json\/wp\/v2\/product\/13459","targetHints":{"allow":["GET"]}}],"collection":[{"href":"https:\/\/sunelements.de\/fr\/wp-json\/wp\/v2\/product"}],"about":[{"href":"https:\/\/sunelements.de\/fr\/wp-json\/wp\/v2\/types\/product"}],"wp:featuredmedia":[{"embeddable":true,"href":"https:\/\/sunelements.de\/fr\/wp-json\/wp\/v2\/media\/13460"}],"wp:attachment":[{"href":"https:\/\/sunelements.de\/fr\/wp-json\/wp\/v2\/media?parent=13459"}],"wp:term":[{"taxonomy":"product_brand","embeddable":true,"href":"https:\/\/sunelements.de\/fr\/wp-json\/wp\/v2\/product_brand?post=13459"},{"taxonomy":"product_cat","embeddable":true,"href":"https:\/\/sunelements.de\/fr\/wp-json\/wp\/v2\/product_cat?post=13459"},{"taxonomy":"product_tag","embeddable":true,"href":"https:\/\/sunelements.de\/fr\/wp-json\/wp\/v2\/product_tag?post=13459"}],"curies":[{"name":"wp","href":"https:\/\/api.w.org\/{rel}","templated":true}]}}