{"id":13452,"date":"2024-02-27T17:13:36","date_gmt":"2024-02-27T16:13:36","guid":{"rendered":"https:\/\/sunelements.de\/shop\/jardin-dete-moderne\/"},"modified":"2025-10-20T17:24:22","modified_gmt":"2025-10-20T15:24:22","slug":"jardin-dete-moderne","status":"publish","type":"product","link":"https:\/\/sunelements.de\/fr\/shop\/jardin-dete-moderne\/","title":{"rendered":"Jardin d&#8217;\u00e9t\u00e9 SunGarden <b>Moderne<\/b>"},"content":{"rendered":"<div class=\"elementor-widget-container\"><img decoding=\"async\" class=\"alignright\" title=\"SunElements-at-SunGarden-Modern-Gazon-mur-remplissage-acrylique-en-comparaison\" src=\"https:\/\/sunelements.de\/wp-content\/uploads\/elementor\/thumbs\/SunElements-at-SunGarden-Modern-Gewaechshaus-Wandfuellung-Acrylglas-im-Vergleich-qf0ul0tj89s2xapr5w5vusf62ixatwgs4nkurzfmny.png\" alt=\"SunElements-at-SunGarden-Modern-Gazon-mur-remplissage-acrylique-en-comparaison\"><\/div>\n<div class=\"elementor-element elementor-element-8ab732b elementor-widget elementor-widget-text-editor\" data-id=\"8ab732b\" data-element_type=\"widget\" data-widget_type=\"text-editor.default\">\n<div class=\"elementor-widget-container\">\n<p> <strong><img decoding=\"async\" class=\"size-full wp-image-8569\" src=\"https:\/\/sunelements.de\/wp-content\/uploads\/2023\/11\/SunElements-at-Logo-Icon-orange.png\" alt=\"SunElements-at-Logo-Icon-orange\" width=\"40\" height=\"34\"> Le jardin d&#8217;hiver froid SunGarden Modern allie \u00e9l\u00e9gance et intimit\u00e9<br \/>\n<\/strong>Le SunGarden Modern se distingue par ses \u00e9l\u00e9gants \u00e9l\u00e9ments en verre acrylique teint\u00e9 qui prot\u00e8gent \u00e0 la fois des regards indiscrets et d&#8217;un rayonnement solaire trop intense. Ce mod\u00e8le est le choix id\u00e9al pour les clients qui attachent de l&#8217;importance au style et \u00e0 l&#8217;intimit\u00e9. <\/p>\n<p>&nbsp;<\/p>\n<p> <strong><img decoding=\"async\" class=\"size-full wp-image-8569\" src=\"https:\/\/sunelements.de\/wp-content\/uploads\/2023\/11\/SunElements-at-Logo-Icon-orange.png\" alt=\"SunElements-at-Logo-Icon-orange\" width=\"40\" height=\"34\"> Parfait pour les propri\u00e9taires de jardin soucieux de leur style<br \/>\n<\/strong>Le <strong>verre acrylique teint\u00e9<\/strong> (6 mm) du toit et des parois vous prot\u00e8ge des rayons UVA et UVB nocifs tout en vous offrant une agr\u00e9able intimit\u00e9. Les parois teint\u00e9es, combin\u00e9es \u00e0 la structure anthracite m\u00e9tallis\u00e9e, sont \u00e9l\u00e9gantes et modernes. Gr\u00e2ce \u00e0 son design moderne, le SunGarden Modern est id\u00e9al comme jardin d&#8217;\u00e9t\u00e9 ou salon de jardin ind\u00e9pendant. Notre jardin d&#8217;\u00e9t\u00e9 <strong>le plus vendu<\/strong> pour les heures les plus agr\u00e9ables dans votre jardin.   <\/p>\n<p>&nbsp;<\/p>\n<p> <strong><img decoding=\"async\" class=\"size-full wp-image-8569\" src=\"https:\/\/sunelements.de\/wp-content\/uploads\/2023\/11\/SunElements-at-Logo-Icon-orange.png\" alt=\"SunElements-at-Logo-Icon-orange\" width=\"40\" height=\"34\"> Options de fondation flexibles et accessoires<br \/>\n<\/strong>Si vous souhaitez utiliser notre SunGarden comme jardin d&#8217;\u00e9t\u00e9, jardin d&#8217;hiver froid ou salon de jardin, nous recommandons une fondation de dalle de b\u00e9ton. Celle-ci doit \u00eatre pourvue d&#8217;une \u00e9tanch\u00e9it\u00e9 appropri\u00e9e afin d&#8217;emp\u00eacher la remont\u00e9e de l&#8217;humidit\u00e9 du sol et d&#8217;\u00e9viter la formation de condensation. <strong><br \/>\n<\/strong>En compl\u00e9ment des structures de base de haute qualit\u00e9, vous pouvez \u00e9quiper votre SunGarden d&#8217;une multitude d&#8217;accessoires, y compris <strong>des rev\u00eatements int\u00e9rieurs<\/strong>, des <strong>portes suppl\u00e9mentaires<\/strong>, des <strong>fen\u00eatres<\/strong>, des <strong>pliss\u00e9s muraux et de plafond<\/strong> ainsi que <strong>des syst\u00e8mes de drainage<\/strong>. Ainsi, vous cr\u00e9ez votre paradis de jardin personnel, qui est exactement adapt\u00e9 \u00e0 vos besoins. <\/p>\n<\/div>\n<\/div>\n<div class=\"elementor-widget-container\">\n<p>&nbsp;<\/p>\n<p><strong><img decoding=\"async\" class=\"size-full wp-image-8569\" src=\"https:\/\/sunelements.de\/wp-content\/uploads\/2023\/11\/SunElements-at-Logo-Icon-orange.png\" alt=\"SunElements-at-Logo-Icon-orange\" width=\"40\" height=\"34\"> Choisissez parmi 9 tailles de 3 m\u00b2 \u00e0 24 m\u00b2.<br \/>\n<\/strong><span style=\"font-style: inherit; font-weight: inherit; background-color: var(--ast-global-color-5); color: var(--ast-global-color-2);\">La porte (900 x 1970 mm) peut \u00eatre install\u00e9e de chaque c\u00f4t\u00e9, entre 2 montants.  <\/span><span style=\"font-style: inherit; font-weight: inherit; background-color: var(--ast-global-color-5); color: var(--ast-global-color-2);\">L&#8217;ouverture de la porte peut \u00eatre choisie librement lors du montage, \u00e0 gauche ou \u00e0 droite.<br \/>\n<\/span><span style=\"font-style: inherit; font-weight: inherit; background-color: var(--ast-global-color-5); color: var(--ast-global-color-2);\">La ligne bleu clair symbolise la goutti\u00e8re. L&#8217;\u00e9vacuation de l&#8217;eau est possible aux deux extr\u00e9mit\u00e9s, au choix.<\/span><\/p>\n<\/div>\n<div class=\"elementor-element elementor-element-e4faa6b elementor-widget elementor-widget-image\" data-id=\"e4faa6b\" data-element_type=\"widget\" data-widget_type=\"image.default\">\n<div class=\"elementor-widget-container\"><img fetchpriority=\"high\" decoding=\"async\" class=\"attachment-full wp-image-8639 aligncenter\" src=\"https:\/\/sunelements.de\/wp-content\/uploads\/2023\/11\/SunElements-at-SunGarden-Gewaechshaus-Groessen-frei-waehlen.jpg\" sizes=\"(max-width: 1200px) 100vw, 1200px\" srcset=\"https:\/\/sunelements.de\/wp-content\/uploads\/2023\/11\/SunElements-at-SunGarden-Gewaechshaus-Groessen-frei-waehlen.jpg 1200w, https:\/\/sunelements.de\/wp-content\/uploads\/2023\/11\/SunElements-at-SunGarden-Gewaechshaus-Groessen-frei-waehlen-300x146.jpg 300w, https:\/\/sunelements.de\/wp-content\/uploads\/2023\/11\/SunElements-at-SunGarden-Gewaechshaus-Groessen-frei-waehlen-1024x500.jpg 1024w, https:\/\/sunelements.de\/wp-content\/uploads\/2023\/11\/SunElements-at-SunGarden-Gewaechshaus-Groessen-frei-waehlen-768x375.jpg 768w, https:\/\/sunelements.de\/wp-content\/uploads\/2023\/11\/SunElements-at-SunGarden-Gewaechshaus-Groessen-frei-waehlen-600x293.jpg 600w\" alt=\"SunElements-at-SunGarden-serre-tailles-libre-choix\" width=\"854\" height=\"407\"><\/div>\n<\/div>\n","protected":false},"excerpt":{"rendered":"<p><strong>Le verre acrylique gris fum\u00e9 de 6 mm<\/strong> conf\u00e8re une beaut\u00e9 intemporelle \u00e0 votre jardin d&#8217;\u00e9t\u00e9<\/p>\n","protected":false},"featured_media":14332,"template":"","meta":{"site-sidebar-layout":"default","site-content-layout":"default","ast-site-content-layout":"default","site-content-style":"default","site-sidebar-style":"default","ast-global-header-display":"","ast-banner-title-visibility":"","ast-main-header-display":"","ast-hfb-above-header-display":"","ast-hfb-below-header-display":"","ast-hfb-mobile-header-display":"","site-post-title":"","ast-breadcrumbs-content":"","ast-featured-img":"","footer-sml-layout":"","ast-disable-related-posts":"","theme-transparent-header-meta":"default","adv-header-id-meta":"","stick-header-meta":"default","header-above-stick-meta":"","header-main-stick-meta":"","header-below-stick-meta":"","astra-migrate-meta-layouts":"default","ast-page-background-enabled":"default","ast-page-background-meta":{"desktop":{"background-color":"var(--ast-global-color-4)","background-image":"","background-repeat":"repeat","background-position":"center center","background-size":"auto","background-attachment":"scroll","background-type":"","background-media":"","overlay-type":"","overlay-color":"","overlay-opacity":"","overlay-gradient":""},"tablet":{"background-color":"","background-image":"","background-repeat":"repeat","background-position":"center center","background-size":"auto","background-attachment":"scroll","background-type":"","background-media":"","overlay-type":"","overlay-color":"","overlay-opacity":"","overlay-gradient":""},"mobile":{"background-color":"","background-image":"","background-repeat":"repeat","background-position":"center center","background-size":"auto","background-attachment":"scroll","background-type":"","background-media":"","overlay-type":"","overlay-color":"","overlay-opacity":"","overlay-gradient":""}},"ast-content-background-meta":{"desktop":{"background-color":"var(--ast-global-color-5)","background-image":"","background-repeat":"repeat","background-position":"center center","background-size":"auto","background-attachment":"scroll","background-type":"","background-media":"","overlay-type":"","overlay-color":"","overlay-opacity":"","overlay-gradient":""},"tablet":{"background-color":"var(--ast-global-color-5)","background-image":"","background-repeat":"repeat","background-position":"center center","background-size":"auto","background-attachment":"scroll","background-type":"","background-media":"","overlay-type":"","overlay-color":"","overlay-opacity":"","overlay-gradient":""},"mobile":{"background-color":"var(--ast-global-color-5)","background-image":"","background-repeat":"repeat","background-position":"center center","background-size":"auto","background-attachment":"scroll","background-type":"","background-media":"","overlay-type":"","overlay-color":"","overlay-opacity":"","overlay-gradient":""}},"_themeisle_gutenberg_block_has_review":false},"product_brand":[],"product_cat":[89],"product_tag":[],"class_list":{"0":"post-13452","1":"product","2":"type-product","3":"status-publish","4":"has-post-thumbnail","6":"product_cat-jardin-dete-sungarden","7":"desktop-align-center","8":"tablet-align-left","9":"mobile-align-left","10":"ast-product-gallery-layout-horizontal-slider","11":"ast-product-tabs-layout-accordion","12":"tm-has-options","14":"first","15":"instock","16":"taxable","17":"shipping-taxable","18":"purchasable","19":"product-type-simple"},"_links":{"self":[{"href":"https:\/\/sunelements.de\/fr\/wp-json\/wp\/v2\/product\/13452","targetHints":{"allow":["GET"]}}],"collection":[{"href":"https:\/\/sunelements.de\/fr\/wp-json\/wp\/v2\/product"}],"about":[{"href":"https:\/\/sunelements.de\/fr\/wp-json\/wp\/v2\/types\/product"}],"wp:featuredmedia":[{"embeddable":true,"href":"https:\/\/sunelements.de\/fr\/wp-json\/wp\/v2\/media\/14332"}],"wp:attachment":[{"href":"https:\/\/sunelements.de\/fr\/wp-json\/wp\/v2\/media?parent=13452"}],"wp:term":[{"taxonomy":"product_brand","embeddable":true,"href":"https:\/\/sunelements.de\/fr\/wp-json\/wp\/v2\/product_brand?post=13452"},{"taxonomy":"product_cat","embeddable":true,"href":"https:\/\/sunelements.de\/fr\/wp-json\/wp\/v2\/product_cat?post=13452"},{"taxonomy":"product_tag","embeddable":true,"href":"https:\/\/sunelements.de\/fr\/wp-json\/wp\/v2\/product_tag?post=13452"}],"curies":[{"name":"wp","href":"https:\/\/api.w.org\/{rel}","templated":true}]}}