{"id":13438,"date":"2024-02-27T17:35:06","date_gmt":"2024-02-27T16:35:06","guid":{"rendered":"https:\/\/sunelements.de\/shop\/jardin-dete-power\/"},"modified":"2026-04-21T09:55:12","modified_gmt":"2026-04-21T07:55:12","slug":"jardin-dete-power","status":"publish","type":"product","link":"https:\/\/sunelements.de\/fr\/shop\/jardin-dete-power\/","title":{"rendered":"PV Jardin d&#8217;\u00e9t\u00e9 SunCasa <b>Power<\/b>"},"content":{"rendered":"<div class=\"elementor-widget-container\"><img decoding=\"async\" class=\"alignright\" title=\"Jardin d'\u00e9t\u00e9 PV400Wp\" src=\"https:\/\/sunelements.de\/wp-content\/uploads\/2024\/03\/PV400Wp-Sommergarten.png\" alt=\"Panneau photovolta\u00efque \u00e0 double vitrage-400Wp-jardin d'\u00e9t\u00e9\"><\/div>\n<p> <strong><img decoding=\"async\" class=\"size-full wp-image-8569\" src=\"https:\/\/sunelements.de\/wp-content\/uploads\/2023\/11\/SunElements-at-Logo-Icon-orange.png\" alt=\"SunElements-at-Logo-Icon-orange\" width=\"40\" height=\"34\"> Salon de jardin SunCasa Power allie production d&#8217;\u00e9nergie et style<br \/>\n<\/strong>Le SunCasa Power se distingue par ses puissants modules photovolta\u00efques et son verre acrylique teint\u00e9. Ce mod\u00e8le est particuli\u00e8rement adapt\u00e9 aux clients qui misent sur une source d&#8217;\u00e9nergie durable tout en privil\u00e9giant le style et le confort. <\/p>\n<p>&nbsp;<\/p>\n<p> <strong><img decoding=\"async\" class=\"size-full wp-image-8569\" src=\"https:\/\/sunelements.de\/wp-content\/uploads\/2023\/11\/SunElements-at-Logo-Icon-orange.png\" alt=\"SunElements-at-Logo-Icon-orange\" width=\"40\" height=\"34\"> Modules photovolta\u00efques de 400 Wp pour une production d&#8217;\u00e9nergie maximale<br \/>\n<\/strong>Avec une puissance de 400 watts par module photovolta\u00efque, le SunCasa Power offre une possibilit\u00e9 exceptionnelle de production d&#8217;\u00e9lectricit\u00e9 durable. En m\u00eame temps, les modules fournissent un ombrage agr\u00e9able qui prot\u00e8ge la pi\u00e8ce de la surchauffe. <\/p>\n<table style=\"width: 35.8731%; border-collapse: collapse; height: 505px;\" cellspacing=\"0\" cellpadding=\"0\">\n<tbody>\n<tr style=\"background-color: #ff8400;\">\n<td style=\"width: 29.6774%; height: 97px; text-align: center;\"><strong>Taille de la maison<\/strong><\/td>\n<td style=\"width: 35.2688%; height: 97px; text-align: center;\"><strong>Nombre de modules PV sur le toit<\/strong><\/td>\n<td style=\"width: 26.5745%; height: 97px; text-align: center;\"><strong>Puissance totale<br \/>\n<\/strong><\/td>\n<\/tr>\n<tr style=\"height: 27px;\">\n<td style=\"width: 29.6774%; height: 27px; text-align: center;\">2.1<\/td>\n<td style=\"width: 35.2688%; height: 27px; text-align: center;\">1<\/td>\n<td style=\"width: 26.5745%; height: 27px; text-align: center;\">0,4 kw\/h<\/td>\n<\/tr>\n<tr style=\"height: 53px;\">\n<td style=\"width: 29.6774%; height: 53px; text-align: center;\">2.2<\/td>\n<td style=\"width: 35.2688%; height: 53px; text-align: center;\">2<\/td>\n<td style=\"width: 26.5745%; height: 53px; text-align: center;\">0,8 kw\/h<\/td>\n<\/tr>\n<tr style=\"height: 53px;\">\n<td style=\"width: 29.6774%; height: 53px; text-align: center;\">3.2<\/td>\n<td style=\"width: 35.2688%; height: 53px; text-align: center;\">3<\/td>\n<td style=\"width: 26.5745%; height: 53px; text-align: center;\">1,2 kw\/h<\/td>\n<\/tr>\n<tr style=\"height: 53px;\">\n<td style=\"width: 29.6774%; height: 53px; text-align: center;\">4.1<\/td>\n<td style=\"width: 35.2688%; height: 53px; text-align: center;\">2<\/td>\n<td style=\"width: 26.5745%; height: 53px; text-align: center;\">0,8 kw\/h<\/td>\n<\/tr>\n<tr style=\"height: 53px;\">\n<td style=\"width: 29.6774%; height: 53px; text-align: center;\">4.2<\/td>\n<td style=\"width: 35.2688%; height: 53px; text-align: center;\">4<\/td>\n<td style=\"width: 26.5745%; height: 53px; text-align: center;\">1,6 kw\/h<\/td>\n<\/tr>\n<tr style=\"height: 53px;\">\n<td style=\"width: 29.6774%; height: 53px; text-align: center;\">4.3<\/td>\n<td style=\"width: 35.2688%; height: 53px; text-align: center;\">6<\/td>\n<td style=\"width: 26.5745%; height: 53px; text-align: center;\">2,4 kw\/h<\/td>\n<\/tr>\n<tr style=\"height: 53px;\">\n<td style=\"width: 29.6774%; height: 53px; text-align: center;\">4.4<\/td>\n<td style=\"width: 35.2688%; height: 53px; text-align: center;\">8<\/td>\n<td style=\"width: 26.5745%; height: 53px; text-align: center;\">3,2 kw\/h<\/td>\n<\/tr>\n<tr style=\"height: 53px;\">\n<td style=\"width: 29.6774%; height: 53px; text-align: center;\">5.2<\/td>\n<td style=\"width: 35.2688%; height: 53px; text-align: center;\">5<\/td>\n<td style=\"width: 26.5745%; height: 53px; text-align: center;\">2,0 kw\/h<\/td>\n<\/tr>\n<tr style=\"height: 10px;\">\n<td style=\"width: 29.6774%; height: 10px; text-align: center;\">5.4<\/td>\n<td style=\"width: 35.2688%; height: 10px; text-align: center;\">10<\/td>\n<td style=\"width: 26.5745%; height: 10px; text-align: center;\">4,0 kw\/h<\/td>\n<\/tr>\n<\/tbody>\n<\/table>\n<p> <strong><img decoding=\"async\" class=\"size-full wp-image-8569\" src=\"https:\/\/sunelements.de\/wp-content\/uploads\/2023\/11\/SunElements-at-Logo-Icon-orange.png\" alt=\"SunElements-at-Logo-Icon-orange\" width=\"40\" height=\"34\"> Acrylique teint\u00e9 pour le confort et l&#8217;intimit\u00e9<br \/>\n<\/strong>Les parois du SunCasa Power sont \u00e9quip\u00e9es d&#8217;un verre acrylique teint\u00e9 (6 mm) qui assure une intimit\u00e9 suppl\u00e9mentaire tout en offrant un look \u00e9l\u00e9gant. Ce mod\u00e8le est donc id\u00e9al pour tous ceux qui recherchent une pi\u00e8ce de jardin moderne ou un abri de jardin ind\u00e9pendant qui soit \u00e0 la fois fonctionnel et esth\u00e9tique. <\/p>\n<p>&nbsp;<\/p>\n<p> <strong><img decoding=\"async\" class=\"size-full wp-image-8569\" src=\"https:\/\/sunelements.de\/wp-content\/uploads\/2023\/11\/SunElements-at-Logo-Icon-orange.png\" alt=\"SunElements-at-Logo-Icon-orange\" width=\"40\" height=\"34\"> Options de fondation flexibles et accessoires<br \/>\n<\/strong>Si vous souhaitez utiliser notre SunCasa comme jardin d&#8217;\u00e9t\u00e9, jardin d&#8217;hiver froid ou salon de jardin, nous recommandons une fondation en dalles de b\u00e9ton. Celle-ci doit \u00eatre pourvue d&#8217;une \u00e9tanch\u00e9it\u00e9 appropri\u00e9e afin d&#8217;emp\u00eacher l&#8217;humidit\u00e9 du sol de remonter et d&#8217;\u00e9viter la formation de condensation. <\/p>\n<p>En compl\u00e9ment des structures de base de haute qualit\u00e9, vous pouvez \u00e9quiper votre SunGarden d&#8217;une multitude d&#8217;accessoires, y compris <strong>des rev\u00eatements int\u00e9rieurs<\/strong>, des <strong>portes suppl\u00e9mentaires<\/strong>, des <strong>fen\u00eatres<\/strong>, des <strong>pliss\u00e9s muraux et de plafond<\/strong> ainsi que <strong>des syst\u00e8mes de drainage<\/strong>. Ainsi, vous cr\u00e9ez votre paradis de jardin personnel, qui est exactement adapt\u00e9 \u00e0 vos besoins. <\/p>\n<p>&nbsp;<\/p>\n<div class=\"elementor-widget-container\">\n<p><strong><img decoding=\"async\" class=\"size-full wp-image-8569\" src=\"https:\/\/sunelements.de\/wp-content\/uploads\/2023\/11\/SunElements-at-Logo-Icon-orange.png\" alt=\"SunElements-at-Logo-Icon-orange\" width=\"40\" height=\"34\"> Choisissez parmi 9 tailles de 3 m\u00b2 \u00e0 24 m\u00b2.<br \/>\n<\/strong><span style=\"font-style: inherit; font-weight: inherit; background-color: var(--ast-global-color-5); color: var(--ast-global-color-2);\">La porte (900 x 1970 mm) peut \u00eatre install\u00e9e de chaque c\u00f4t\u00e9, entre 2 montants.  <\/span><span style=\"font-style: inherit; font-weight: inherit; background-color: var(--ast-global-color-5); color: var(--ast-global-color-2);\">L&#8217;ouverture de la porte peut \u00eatre choisie librement lors du montage, \u00e0 gauche ou \u00e0 droite.<br \/>\n<\/span><span style=\"font-style: inherit; font-weight: inherit; background-color: var(--ast-global-color-5); color: var(--ast-global-color-2);\">La ligne bleu clair symbolise la goutti\u00e8re. L&#8217;\u00e9vacuation de l&#8217;eau est possible aux deux extr\u00e9mit\u00e9s, au choix.<\/span><\/p>\n<\/div>\n<div class=\"elementor-element elementor-element-e4faa6b elementor-widget elementor-widget-image\" data-id=\"e4faa6b\" data-element_type=\"widget\" data-widget_type=\"image.default\">\n<div class=\"elementor-widget-container\"><img fetchpriority=\"high\" decoding=\"async\" class=\"attachment-full wp-image-8639 aligncenter\" src=\"https:\/\/sunelements.de\/wp-content\/uploads\/2023\/11\/SunElements-at-SunGarden-Gewaechshaus-Groessen-frei-waehlen.jpg\" sizes=\"(max-width: 1200px) 100vw, 1200px\" srcset=\"https:\/\/sunelements.de\/wp-content\/uploads\/2023\/11\/SunElements-at-SunGarden-Gewaechshaus-Groessen-frei-waehlen.jpg 1200w, https:\/\/sunelements.de\/wp-content\/uploads\/2023\/11\/SunElements-at-SunGarden-Gewaechshaus-Groessen-frei-waehlen-300x146.jpg 300w, https:\/\/sunelements.de\/wp-content\/uploads\/2023\/11\/SunElements-at-SunGarden-Gewaechshaus-Groessen-frei-waehlen-1024x500.jpg 1024w, https:\/\/sunelements.de\/wp-content\/uploads\/2023\/11\/SunElements-at-SunGarden-Gewaechshaus-Groessen-frei-waehlen-768x375.jpg 768w, https:\/\/sunelements.de\/wp-content\/uploads\/2023\/11\/SunElements-at-SunGarden-Gewaechshaus-Groessen-frei-waehlen-600x293.jpg 600w\" alt=\"SunElements-at-SunGarden-serre-tailles-libre-choix\" width=\"854\" height=\"407\"><\/div>\n<\/div>\n<p>&nbsp;<\/p>\n","protected":false},"excerpt":{"rendered":"<p><strong>Parois acryliques teint\u00e9es<\/strong> et \u00e9nergie durable gr\u00e2ce \u00e0 des modules photovolta\u00efques de 400 Wc<\/p>\n","protected":false},"featured_media":14293,"template":"","meta":{"site-sidebar-layout":"default","site-content-layout":"default","ast-site-content-layout":"default","site-content-style":"default","site-sidebar-style":"default","ast-global-header-display":"","ast-banner-title-visibility":"","ast-main-header-display":"","ast-hfb-above-header-display":"","ast-hfb-below-header-display":"","ast-hfb-mobile-header-display":"","site-post-title":"","ast-breadcrumbs-content":"","ast-featured-img":"","footer-sml-layout":"","ast-disable-related-posts":"","theme-transparent-header-meta":"default","adv-header-id-meta":"","stick-header-meta":"default","header-above-stick-meta":"","header-main-stick-meta":"","header-below-stick-meta":"","astra-migrate-meta-layouts":"default","ast-page-background-enabled":"default","ast-page-background-meta":{"desktop":{"background-color":"var(--ast-global-color-4)","background-image":"","background-repeat":"repeat","background-position":"center center","background-size":"auto","background-attachment":"scroll","background-type":"","background-media":"","overlay-type":"","overlay-color":"","overlay-opacity":"","overlay-gradient":""},"tablet":{"background-color":"","background-image":"","background-repeat":"repeat","background-position":"center center","background-size":"auto","background-attachment":"scroll","background-type":"","background-media":"","overlay-type":"","overlay-color":"","overlay-opacity":"","overlay-gradient":""},"mobile":{"background-color":"","background-image":"","background-repeat":"repeat","background-position":"center center","background-size":"auto","background-attachment":"scroll","background-type":"","background-media":"","overlay-type":"","overlay-color":"","overlay-opacity":"","overlay-gradient":""}},"ast-content-background-meta":{"desktop":{"background-color":"var(--ast-global-color-5)","background-image":"","background-repeat":"repeat","background-position":"center center","background-size":"auto","background-attachment":"scroll","background-type":"","background-media":"","overlay-type":"","overlay-color":"","overlay-opacity":"","overlay-gradient":""},"tablet":{"background-color":"var(--ast-global-color-5)","background-image":"","background-repeat":"repeat","background-position":"center center","background-size":"auto","background-attachment":"scroll","background-type":"","background-media":"","overlay-type":"","overlay-color":"","overlay-opacity":"","overlay-gradient":""},"mobile":{"background-color":"var(--ast-global-color-5)","background-image":"","background-repeat":"repeat","background-position":"center center","background-size":"auto","background-attachment":"scroll","background-type":"","background-media":"","overlay-type":"","overlay-color":"","overlay-opacity":"","overlay-gradient":""}},"_themeisle_gutenberg_block_has_review":false},"product_brand":[],"product_cat":[89],"product_tag":[],"class_list":{"0":"post-13438","1":"product","2":"type-product","3":"status-publish","4":"has-post-thumbnail","6":"product_cat-jardin-dete-sungarden","7":"desktop-align-center","8":"tablet-align-left","9":"mobile-align-left","10":"ast-product-gallery-layout-horizontal-slider","11":"ast-product-tabs-layout-accordion","12":"tm-has-options","14":"first","15":"instock","16":"taxable","17":"shipping-taxable","18":"purchasable","19":"product-type-simple"},"_links":{"self":[{"href":"https:\/\/sunelements.de\/fr\/wp-json\/wp\/v2\/product\/13438","targetHints":{"allow":["GET"]}}],"collection":[{"href":"https:\/\/sunelements.de\/fr\/wp-json\/wp\/v2\/product"}],"about":[{"href":"https:\/\/sunelements.de\/fr\/wp-json\/wp\/v2\/types\/product"}],"wp:featuredmedia":[{"embeddable":true,"href":"https:\/\/sunelements.de\/fr\/wp-json\/wp\/v2\/media\/14293"}],"wp:attachment":[{"href":"https:\/\/sunelements.de\/fr\/wp-json\/wp\/v2\/media?parent=13438"}],"wp:term":[{"taxonomy":"product_brand","embeddable":true,"href":"https:\/\/sunelements.de\/fr\/wp-json\/wp\/v2\/product_brand?post=13438"},{"taxonomy":"product_cat","embeddable":true,"href":"https:\/\/sunelements.de\/fr\/wp-json\/wp\/v2\/product_cat?post=13438"},{"taxonomy":"product_tag","embeddable":true,"href":"https:\/\/sunelements.de\/fr\/wp-json\/wp\/v2\/product_tag?post=13438"}],"curies":[{"name":"wp","href":"https:\/\/api.w.org\/{rel}","templated":true}]}}