{"id":13431,"date":"2024-02-27T17:42:11","date_gmt":"2024-02-27T16:42:11","guid":{"rendered":"https:\/\/sunelements.de\/shop\/jardin-dete-energy\/"},"modified":"2026-04-21T08:45:33","modified_gmt":"2026-04-21T06:45:33","slug":"jardin-dete-energy","status":"publish","type":"product","link":"https:\/\/sunelements.de\/fr\/shop\/jardin-dete-energy\/","title":{"rendered":"PV Jardin d&#8217;\u00e9t\u00e9 SunCasa <b>Energy<\/b>"},"content":{"rendered":"<p>&nbsp;<\/p>\n<div class=\"elementor-widget-container\"><img decoding=\"async\" class=\"alignright\" title=\"SunElements-at-SunGarden-Power-mur de serre en verre acrylique et toit avec module photovolta\u00efque\" src=\"https:\/\/sunelements.de\/wp-content\/uploads\/2023\/11\/SunElements-at-SunGarden-Gewaechshaeuser-frei-konfigurieren-Wand-oder-Dach-Option-Photovoltaik-275wp.jpg\" alt=\"SunElements-at-SunGarden-Power-mur de serre en verre acrylique et toit avec module photovolta\u00efque\"> <strong><img decoding=\"async\" class=\"size-full wp-image-8569\" src=\"https:\/\/sunelements.de\/wp-content\/uploads\/2023\/11\/SunElements-at-Logo-Icon-orange.png\" alt=\"SunElements-at-Logo-Icon-orange\" width=\"40\" height=\"34\"> Abri de jardin design SunCasa Energy : production d&#8217;\u00e9nergie durable et d\u00e9tente<br \/>\n<\/strong>Le SunCasa Energy est plus qu&#8217;un simple salon de jardin moderne &#8211; il allie fonctionnalit\u00e9 et protection de l&#8217;environnement gr\u00e2ce \u00e0 ses panneaux photovolta\u00efques int\u00e9gr\u00e9s. Ce mod\u00e8le est id\u00e9al pour les clients qui souhaitent cr\u00e9er une retraite durable et \u00e9conome en \u00e9nergie dans leur jardin. <\/div>\n<p>&nbsp;<\/p>\n<p> <strong><img decoding=\"async\" class=\"size-full wp-image-8569\" src=\"https:\/\/sunelements.de\/wp-content\/uploads\/2023\/11\/SunElements-at-Logo-Icon-orange.png\" alt=\"SunElements-at-Logo-Icon-orange\" width=\"40\" height=\"34\"> Des modules photovolta\u00efques pour une production d&#8217;\u00e9lectricit\u00e9 durable<br \/>\n<\/strong>Le toit de SunCasa Energy est \u00e9quip\u00e9 de modules photovolta\u00efques qui produisent 275 watts d&#8217;\u00e9lectricit\u00e9 par module. Ces modules ne sont pas seulement une source d&#8217;\u00e9nergie durable, ils assurent \u00e9galement un int\u00e9rieur lumineux et un ombrage naturel gr\u00e2ce \u00e0 une transparence d&#8217;environ 40%. <\/p>\n<table style=\"width: 35.8731%; border-collapse: collapse; height: 505px;\" cellspacing=\"0\" cellpadding=\"0\">\n<tbody>\n<tr style=\"background-color: #ff8400;\">\n<td style=\"width: 29.6774%; height: 97px; text-align: center;\"><strong>Taille de la maison<\/strong><\/td>\n<td style=\"width: 35.2688%; height: 97px; text-align: center;\"><strong>Nombre de modules PV sur le toit<\/strong><\/td>\n<td style=\"width: 26.5745%; height: 97px; text-align: center;\"><strong>Puissance totale<br \/>\n<\/strong><\/td>\n<\/tr>\n<tr style=\"height: 27px;\">\n<td style=\"width: 29.6774%; height: 27px; text-align: center;\">2.1<\/td>\n<td style=\"width: 35.2688%; height: 27px; text-align: center;\">1<\/td>\n<td style=\"width: 26.5745%; height: 27px; text-align: center;\">0,275 kw\/h<\/td>\n<\/tr>\n<tr style=\"height: 53px;\">\n<td style=\"width: 29.6774%; height: 53px; text-align: center;\">2.2<\/td>\n<td style=\"width: 35.2688%; height: 53px; text-align: center;\">2<\/td>\n<td style=\"width: 26.5745%; height: 53px; text-align: center;\">0,55 kw\/h<\/td>\n<\/tr>\n<tr style=\"height: 53px;\">\n<td style=\"width: 29.6774%; height: 53px; text-align: center;\">3.2<\/td>\n<td style=\"width: 35.2688%; height: 53px; text-align: center;\">3<\/td>\n<td style=\"width: 26.5745%; height: 53px; text-align: center;\">0,825 kw\/h<\/td>\n<\/tr>\n<tr style=\"height: 53px;\">\n<td style=\"width: 29.6774%; height: 53px; text-align: center;\">4.1<\/td>\n<td style=\"width: 35.2688%; height: 53px; text-align: center;\">2<\/td>\n<td style=\"width: 26.5745%; height: 53px; text-align: center;\">0,55 kw\/h<\/td>\n<\/tr>\n<tr style=\"height: 53px;\">\n<td style=\"width: 29.6774%; height: 53px; text-align: center;\">4.2<\/td>\n<td style=\"width: 35.2688%; height: 53px; text-align: center;\">4<\/td>\n<td style=\"width: 26.5745%; height: 53px; text-align: center;\">1,1 kw\/h<\/td>\n<\/tr>\n<tr style=\"height: 53px;\">\n<td style=\"width: 29.6774%; height: 53px; text-align: center;\">4.3<\/td>\n<td style=\"width: 35.2688%; height: 53px; text-align: center;\">6<\/td>\n<td style=\"width: 26.5745%; height: 53px; text-align: center;\">1,65 kw\/h<\/td>\n<\/tr>\n<tr style=\"height: 53px;\">\n<td style=\"width: 29.6774%; height: 53px; text-align: center;\">4.4<\/td>\n<td style=\"width: 35.2688%; height: 53px; text-align: center;\">8<\/td>\n<td style=\"width: 26.5745%; height: 53px; text-align: center;\">2,2 kw\/h<\/td>\n<\/tr>\n<tr style=\"height: 53px;\">\n<td style=\"width: 29.6774%; height: 53px; text-align: center;\">5.2<\/td>\n<td style=\"width: 35.2688%; height: 53px; text-align: center;\">5<\/td>\n<td style=\"width: 26.5745%; height: 53px; text-align: center;\">1,375 kw\/h<\/td>\n<\/tr>\n<tr style=\"height: 10px;\">\n<td style=\"width: 29.6774%; height: 10px; text-align: center;\">5.4<\/td>\n<td style=\"width: 35.2688%; height: 10px; text-align: center;\">10<\/td>\n<td style=\"width: 26.5745%; height: 10px; text-align: center;\">2,75 kw\/h<\/td>\n<\/tr>\n<\/tbody>\n<\/table>\n<p>&nbsp;<\/p>\n<p> <strong><img decoding=\"async\" class=\"size-full wp-image-8569\" src=\"https:\/\/sunelements.de\/wp-content\/uploads\/2023\/11\/SunElements-at-Logo-Icon-orange.png\" alt=\"SunElements-at-Logo-Icon-orange\" width=\"40\" height=\"34\"> Lieu id\u00e9al pour se d\u00e9tendre<br \/>\n<\/strong>Avec sa combinaison de verre acrylique transparent et de modules photovolta\u00efques, le SunCasa Energy offre un agr\u00e9able \u00e9quilibre entre la transmission de la lumi\u00e8re et l&#8217;ombre. Cet espace est id\u00e9al pour s&#8217;isoler, se d\u00e9tendre ou servir de lieu d&#8217;inspiration. <\/p>\n<p>&nbsp;<\/p>\n<p> <strong><img decoding=\"async\" class=\"size-full wp-image-8569\" src=\"https:\/\/sunelements.de\/wp-content\/uploads\/2023\/11\/SunElements-at-Logo-Icon-orange.png\" alt=\"SunElements-at-Logo-Icon-orange\" width=\"40\" height=\"34\"> Options de fondation flexibles et accessoires<br \/>\n<\/strong>Si vous souhaitez utiliser notre SunCasa comme jardin d&#8217;\u00e9t\u00e9, jardin d&#8217;hiver froid ou salon de jardin, nous recommandons une fondation en dalles de b\u00e9ton. Celle-ci doit \u00eatre pourvue d&#8217;une \u00e9tanch\u00e9it\u00e9 appropri\u00e9e afin d&#8217;emp\u00eacher l&#8217;humidit\u00e9 du sol de remonter et d&#8217;\u00e9viter la formation de condensation. <strong><br \/>\n<\/strong>En compl\u00e9ment des structures de base de haute qualit\u00e9, vous pouvez \u00e9quiper votre SunGarden d&#8217;une multitude d&#8217;accessoires, y compris <strong>des rev\u00eatements int\u00e9rieurs<\/strong>, des <strong>portes suppl\u00e9mentaires<\/strong>, des <strong>fen\u00eatres<\/strong>, des <strong>pliss\u00e9s muraux et de plafond<\/strong> ainsi que <strong>des syst\u00e8mes de drainage<\/strong>. Ainsi, vous cr\u00e9ez votre paradis de jardin personnel, qui est exactement adapt\u00e9 \u00e0 vos besoins. <\/p>\n<p>&nbsp;<\/p>\n<div class=\"elementor-widget-container\">\n<p><strong><img decoding=\"async\" class=\"size-full wp-image-8569\" src=\"https:\/\/sunelements.de\/wp-content\/uploads\/2023\/11\/SunElements-at-Logo-Icon-orange.png\" alt=\"SunElements-at-Logo-Icon-orange\" width=\"40\" height=\"34\"> Choisissez parmi 9 tailles de 3 m\u00b2 \u00e0 24 m\u00b2.<br \/>\n<\/strong><span style=\"font-style: inherit; font-weight: inherit; background-color: var(--ast-global-color-5); color: var(--ast-global-color-2);\">La porte (900 x 1970 mm) peut \u00eatre install\u00e9e de chaque c\u00f4t\u00e9, entre 2 montants.  <\/span><span style=\"font-style: inherit; font-weight: inherit; background-color: var(--ast-global-color-5); color: var(--ast-global-color-2);\">L&#8217;ouverture de la porte peut \u00eatre choisie librement lors du montage, \u00e0 gauche ou \u00e0 droite.<br \/>\n<\/span><span style=\"font-style: inherit; font-weight: inherit; background-color: var(--ast-global-color-5); color: var(--ast-global-color-2);\">La ligne bleu clair symbolise la goutti\u00e8re. L&#8217;\u00e9vacuation de l&#8217;eau est possible aux deux extr\u00e9mit\u00e9s, au choix.<\/span><\/p>\n<\/div>\n<div class=\"elementor-element elementor-element-e4faa6b elementor-widget elementor-widget-image\" data-id=\"e4faa6b\" data-element_type=\"widget\" data-widget_type=\"image.default\">\n<div class=\"elementor-widget-container\"><img fetchpriority=\"high\" decoding=\"async\" class=\"attachment-full wp-image-8639 aligncenter\" src=\"https:\/\/sunelements.de\/wp-content\/uploads\/2023\/11\/SunElements-at-SunGarden-Gewaechshaus-Groessen-frei-waehlen.jpg\" sizes=\"(max-width: 1200px) 100vw, 1200px\" srcset=\"https:\/\/sunelements.de\/wp-content\/uploads\/2023\/11\/SunElements-at-SunGarden-Gewaechshaus-Groessen-frei-waehlen.jpg 1200w, https:\/\/sunelements.de\/wp-content\/uploads\/2023\/11\/SunElements-at-SunGarden-Gewaechshaus-Groessen-frei-waehlen-300x146.jpg 300w, https:\/\/sunelements.de\/wp-content\/uploads\/2023\/11\/SunElements-at-SunGarden-Gewaechshaus-Groessen-frei-waehlen-1024x500.jpg 1024w, https:\/\/sunelements.de\/wp-content\/uploads\/2023\/11\/SunElements-at-SunGarden-Gewaechshaus-Groessen-frei-waehlen-768x375.jpg 768w, https:\/\/sunelements.de\/wp-content\/uploads\/2023\/11\/SunElements-at-SunGarden-Gewaechshaus-Groessen-frei-waehlen-600x293.jpg 600w\" alt=\"SunElements-at-SunGarden-serre-tailles-libre-choix\" width=\"854\" height=\"407\"><\/div>\n<\/div>\n<p>&nbsp;<\/p>\n","protected":false},"excerpt":{"rendered":"<p>Jardin d&#8217;\u00e9t\u00e9 avec <strong>des modules PV<\/strong> semi-transparents <strong>de 275 Wp et du verre acrylique transparent<\/strong><\/p>\n","protected":false},"featured_media":14217,"template":"","meta":{"site-sidebar-layout":"default","site-content-layout":"default","ast-site-content-layout":"default","site-content-style":"default","site-sidebar-style":"default","ast-global-header-display":"","ast-banner-title-visibility":"","ast-main-header-display":"","ast-hfb-above-header-display":"","ast-hfb-below-header-display":"","ast-hfb-mobile-header-display":"","site-post-title":"","ast-breadcrumbs-content":"","ast-featured-img":"","footer-sml-layout":"","ast-disable-related-posts":"","theme-transparent-header-meta":"default","adv-header-id-meta":"","stick-header-meta":"default","header-above-stick-meta":"","header-main-stick-meta":"","header-below-stick-meta":"","astra-migrate-meta-layouts":"default","ast-page-background-enabled":"default","ast-page-background-meta":{"desktop":{"background-color":"var(--ast-global-color-4)","background-image":"","background-repeat":"repeat","background-position":"center center","background-size":"auto","background-attachment":"scroll","background-type":"","background-media":"","overlay-type":"","overlay-color":"","overlay-opacity":"","overlay-gradient":""},"tablet":{"background-color":"","background-image":"","background-repeat":"repeat","background-position":"center center","background-size":"auto","background-attachment":"scroll","background-type":"","background-media":"","overlay-type":"","overlay-color":"","overlay-opacity":"","overlay-gradient":""},"mobile":{"background-color":"","background-image":"","background-repeat":"repeat","background-position":"center center","background-size":"auto","background-attachment":"scroll","background-type":"","background-media":"","overlay-type":"","overlay-color":"","overlay-opacity":"","overlay-gradient":""}},"ast-content-background-meta":{"desktop":{"background-color":"var(--ast-global-color-5)","background-image":"","background-repeat":"repeat","background-position":"center center","background-size":"auto","background-attachment":"scroll","background-type":"","background-media":"","overlay-type":"","overlay-color":"","overlay-opacity":"","overlay-gradient":""},"tablet":{"background-color":"var(--ast-global-color-5)","background-image":"","background-repeat":"repeat","background-position":"center center","background-size":"auto","background-attachment":"scroll","background-type":"","background-media":"","overlay-type":"","overlay-color":"","overlay-opacity":"","overlay-gradient":""},"mobile":{"background-color":"var(--ast-global-color-5)","background-image":"","background-repeat":"repeat","background-position":"center center","background-size":"auto","background-attachment":"scroll","background-type":"","background-media":"","overlay-type":"","overlay-color":"","overlay-opacity":"","overlay-gradient":""}},"_themeisle_gutenberg_block_has_review":false},"product_brand":[],"product_cat":[89],"product_tag":[],"class_list":{"0":"post-13431","1":"product","2":"type-product","3":"status-publish","4":"has-post-thumbnail","6":"product_cat-jardin-dete-sungarden","7":"desktop-align-center","8":"tablet-align-left","9":"mobile-align-left","10":"ast-product-gallery-layout-horizontal-slider","11":"ast-product-tabs-layout-accordion","12":"tm-has-options","14":"first","15":"instock","16":"taxable","17":"shipping-taxable","18":"purchasable","19":"product-type-simple"},"_links":{"self":[{"href":"https:\/\/sunelements.de\/fr\/wp-json\/wp\/v2\/product\/13431","targetHints":{"allow":["GET"]}}],"collection":[{"href":"https:\/\/sunelements.de\/fr\/wp-json\/wp\/v2\/product"}],"about":[{"href":"https:\/\/sunelements.de\/fr\/wp-json\/wp\/v2\/types\/product"}],"wp:featuredmedia":[{"embeddable":true,"href":"https:\/\/sunelements.de\/fr\/wp-json\/wp\/v2\/media\/14217"}],"wp:attachment":[{"href":"https:\/\/sunelements.de\/fr\/wp-json\/wp\/v2\/media?parent=13431"}],"wp:term":[{"taxonomy":"product_brand","embeddable":true,"href":"https:\/\/sunelements.de\/fr\/wp-json\/wp\/v2\/product_brand?post=13431"},{"taxonomy":"product_cat","embeddable":true,"href":"https:\/\/sunelements.de\/fr\/wp-json\/wp\/v2\/product_cat?post=13431"},{"taxonomy":"product_tag","embeddable":true,"href":"https:\/\/sunelements.de\/fr\/wp-json\/wp\/v2\/product_tag?post=13431"}],"curies":[{"name":"wp","href":"https:\/\/api.w.org\/{rel}","templated":true}]}}