{"id":17035,"date":"2025-02-20T13:55:04","date_gmt":"2025-02-20T12:55:04","guid":{"rendered":"https:\/\/sunelements.de\/?page_id=17035"},"modified":"2025-05-19T13:05:24","modified_gmt":"2025-05-19T11:05:24","slug":"mentions-legales-2","status":"publish","type":"page","link":"https:\/\/sunelements.de\/fr\/mentions-legales-2\/","title":{"rendered":"Accessibilit\u00e9"},"content":{"rendered":"\t\t<div data-elementor-type=\"wp-page\" data-elementor-id=\"17035\" class=\"elementor elementor-17035 elementor-17032\" data-elementor-post-type=\"page\">\n\t\t\t\t\t\t<section class=\"elementor-section elementor-top-section elementor-element elementor-element-b4e312c elementor-section-boxed elementor-section-height-default elementor-section-height-default\" data-id=\"b4e312c\" data-element_type=\"section\" data-e-type=\"section\">\n\t\t\t\t\t\t<div class=\"elementor-container elementor-column-gap-default\">\n\t\t\t\t\t<div class=\"elementor-column elementor-col-100 elementor-top-column elementor-element elementor-element-84b5540\" data-id=\"84b5540\" data-element_type=\"column\" data-e-type=\"column\">\n\t\t\t<div class=\"elementor-widget-wrap elementor-element-populated\">\n\t\t\t\t\t\t<div class=\"elementor-element elementor-element-2c6624d elementor-widget elementor-widget-text-editor\" data-id=\"2c6624d\" data-element_type=\"widget\" data-e-type=\"widget\" data-widget_type=\"text-editor.default\">\n\t\t\t\t<div class=\"elementor-widget-container\">\n\t\t\t\t\t\t\t\t\t<h2>D\u00e9claration d&#8217;accessibilit\u00e9<\/h2>\n<div class=\"rtf\">\n<p align=\"justify\"><span style=\"vertical-align: inherit;\">SunElements GmbH s&#8217;efforce de rendre ses sites Web accessibles \u00e0 tous, conform\u00e9ment \u00e0 la loi sur l&#8217;accessibilit\u00e9 du Web (BGBl.I n\u00b0 59\/2019).<br><\/span><span style=\"vertical-align: inherit;\">Cette d\u00e9claration d&#8217;accessibilit\u00e9 s&#8217;applique \u00e0 tous les sites Web que nous g\u00e9rons, sauf si une d\u00e9claration diff\u00e9rente y est indiqu\u00e9e.<\/span><\/p>\n<h2>\u00c9tat de la compatibilit\u00e9 avec les exigences<\/h2>\n<p><span style=\"vertical-align: inherit;\">SunElements GmbH s&#8217;efforce de rendre ses offres Internet aussi accessibles que possible en se basant sur les directives WCAG 2.1 (Web Content Accessibility Guidelines 2.1) de WAI \/ W3C.<\/span><\/p>\n<p align=\"justify\"><span style=\"vertical-align: inherit;\">Nous nous effor\u00e7ons d&#8217;am\u00e9liorer en permanence l&#8217;accessibilit\u00e9 des documents PDF. Les moyens actuellement disponibles ne permettent pas encore d&#8217;assurer un acc\u00e8s sans barri\u00e8re au contenu de tous les documents PDF. N&#8217;h\u00e9sitez pas \u00e0 nous faire part de toute difficult\u00e9 que vous pourriez rencontrer.  <\/span><\/p>\n<h2>R\u00e9daction de la pr\u00e9sente d\u00e9claration d&#8217;accessibilit\u00e9 :<\/h2>\n<p align=\"justify\"><span style=\"vertical-align: inherit;\">Cette d\u00e9claration a \u00e9t\u00e9 \u00e9tablie le 11 f\u00e9vrier 2025.<\/span><\/p>\n<h2>R\u00e9actions et coordonn\u00e9es :<\/h2>\n<p align=\"justify\"><span style=\"vertical-align: inherit;\">Les offres et les services de ce site web sont constamment am\u00e9lior\u00e9s, remplac\u00e9s et d\u00e9velopp\u00e9s. Nous accordons une grande importance \u00e0 la facilit\u00e9 d&#8217;utilisation et \u00e0 l&#8217;accessibilit\u00e9. <\/span><\/p>\n<p align=\"justify\"><span style=\"vertical-align: inherit;\">Nous souhaitons que nos offres Web puissent \u00eatre pleinement utilis\u00e9es par tous les utilisateurs, ind\u00e9pendamment de leurs limitations ou de leurs possibilit\u00e9s techniques. Si vous souhaitez nous signaler des probl\u00e8mes d&#8217;accessibilit\u00e9, vous pouvez le faire en nous contactant \u00e0 l&#8217;adresse suivante   <\/span><a class=\"wga-urltype-int\" href=\"https:\/\/sunelements.de\/fr\/contact\/\" target=\"_blank\" rel=\"noopener\"><span style=\"vertical-align: inherit;\">Formulaire de contact<\/span><\/a><span style=\"vertical-align: inherit;\">  de votre demande. Nous examinerons votre demande en interne et prendrons les mesures n\u00e9cessaires. <\/span><\/p>\n<h2>Proc\u00e9dures d&#8217;application \/ Bureau des plaintes :<\/h2>\n<p align=\"justify\"><span style=\"vertical-align: inherit;\">Si vous n&#8217;\u00eates pas satisfait de la r\u00e9ponse donn\u00e9e par l&#8217;un des moyens de contact mentionn\u00e9s ci-dessus, vous pouvez adresser une plainte \u00e0 la FFG (\u00d6sterreichische Forschungsf\u00f6rderungsgesellschaft mbH). La FFG accepte les plaintes par voie \u00e9lectronique via le formulaire de contact. <\/span><\/p>\n<p><a class=\"wga-urltype-exturl\" href=\"https:\/\/www.ffg.at\/form\/kontaktformular-beschwerdestelle\" target=\"_blank\" rel=\"noopener\" data-wga-urlinfo=\"exturl|https:\/\/www.ffg.at\/form\/kontaktformular-beschwerdestelle\"><span style=\"vertical-align: inherit;\">Formulaire de contact du service des r\u00e9clamations<\/span><\/a><\/p>\n<p><span style=\"vertical-align: inherit;\">Ces plaintes seront examin\u00e9es par la FFG afin de d\u00e9terminer si elles concernent des infractions aux dispositions de la loi sur l&#8217;accessibilit\u00e9 du Web, notamment des manquements aux exigences d&#8217;accessibilit\u00e9, commises par l&#8217;\u00c9tat f\u00e9d\u00e9ral ou par une entit\u00e9 qui lui est attribuable.<\/span><\/p>\n<p><span style=\"vertical-align: inherit;\">Si la plainte est justifi\u00e9e, la FFG doit recommander des actions \u00e0 l&#8217;\u00c9tat f\u00e9d\u00e9ral ou aux entit\u00e9s juridiques concern\u00e9es et proposer des mesures visant \u00e0 rem\u00e9dier aux lacunes existantes.<\/span><\/p>\n<p><a class=\"wga-urltype-exturl\" href=\"https:\/\/www.ffg.at\/barrierefreiheit\/beschwerdestelle\" target=\"_blank\" rel=\"noopener\" data-wga-urlinfo=\"exturl|https:\/\/www.ffg.at\/barrierefreiheit\/beschwerdestelle\"><span style=\"vertical-align: inherit;\">Plus d&#8217;informations sur la proc\u00e9dure de r\u00e9clamation<\/span><\/a><\/p>\n<\/div>\n<div id=\"content-modules-8026bd2d9bf3d57bd4d747a98c045edd\" class=\"content-modules\">\n<div id=\"module-cm_rtf_default\" class=\"module module-cm_rtf first-child last-child\">\n<div class=\"rtf\"> <\/div>\n<\/div>\n<\/div>\t\t\t\t\t\t\t\t<\/div>\n\t\t\t\t<\/div>\n\t\t\t\t\t<\/div>\n\t\t<\/div>\n\t\t\t\t\t<\/div>\n\t\t<\/section>\n\t\t\t\t<\/div>\n\t\t","protected":false},"excerpt":{"rendered":"<p>D\u00e9claration d&#8217;accessibilit\u00e9 SunElements GmbH s&#8217;efforce de rendre ses sites Web accessibles \u00e0 tous, conform\u00e9ment \u00e0 la loi sur l&#8217;accessibilit\u00e9 du Web (BGBl.I n\u00b0 59\/2019).Cette d\u00e9claration d&#8217;accessibilit\u00e9 s&#8217;applique \u00e0 tous les sites Web que nous g\u00e9rons, sauf si une d\u00e9claration diff\u00e9rente y est indiqu\u00e9e. \u00c9tat de la compatibilit\u00e9 avec les exigences SunElements GmbH s&#8217;efforce de rendre [&hellip;]<\/p>\n","protected":false},"author":6,"featured_media":0,"parent":0,"menu_order":0,"comment_status":"closed","ping_status":"closed","template":"","meta":{"site-sidebar-layout":"default","site-content-layout":"","ast-site-content-layout":"default","site-content-style":"default","site-sidebar-style":"default","ast-global-header-display":"","ast-banner-title-visibility":"","ast-main-header-display":"","ast-hfb-above-header-display":"","ast-hfb-below-header-display":"","ast-hfb-mobile-header-display":"","site-post-title":"","ast-breadcrumbs-content":"","ast-featured-img":"","footer-sml-layout":"","ast-disable-related-posts":"","theme-transparent-header-meta":"default","adv-header-id-meta":"","stick-header-meta":"default","header-above-stick-meta":"","header-main-stick-meta":"","header-below-stick-meta":"","astra-migrate-meta-layouts":"default","ast-page-background-enabled":"default","ast-page-background-meta":{"desktop":{"background-color":"var(--ast-global-color-4)","background-image":"","background-repeat":"repeat","background-position":"center center","background-size":"auto","background-attachment":"scroll","background-type":"","background-media":"","overlay-type":"","overlay-color":"","overlay-opacity":"","overlay-gradient":""},"tablet":{"background-color":"","background-image":"","background-repeat":"repeat","background-position":"center center","background-size":"auto","background-attachment":"scroll","background-type":"","background-media":"","overlay-type":"","overlay-color":"","overlay-opacity":"","overlay-gradient":""},"mobile":{"background-color":"","background-image":"","background-repeat":"repeat","background-position":"center center","background-size":"auto","background-attachment":"scroll","background-type":"","background-media":"","overlay-type":"","overlay-color":"","overlay-opacity":"","overlay-gradient":""}},"ast-content-background-meta":{"desktop":{"background-color":"var(--ast-global-color-5)","background-image":"","background-repeat":"repeat","background-position":"center center","background-size":"auto","background-attachment":"scroll","background-type":"","background-media":"","overlay-type":"","overlay-color":"","overlay-opacity":"","overlay-gradient":""},"tablet":{"background-color":"var(--ast-global-color-5)","background-image":"","background-repeat":"repeat","background-position":"center center","background-size":"auto","background-attachment":"scroll","background-type":"","background-media":"","overlay-type":"","overlay-color":"","overlay-opacity":"","overlay-gradient":""},"mobile":{"background-color":"var(--ast-global-color-5)","background-image":"","background-repeat":"repeat","background-position":"center center","background-size":"auto","background-attachment":"scroll","background-type":"","background-media":"","overlay-type":"","overlay-color":"","overlay-opacity":"","overlay-gradient":""}},"_themeisle_gutenberg_block_has_review":false,"footnotes":""},"class_list":["post-17035","page","type-page","status-publish","hentry"],"_links":{"self":[{"href":"https:\/\/sunelements.de\/fr\/wp-json\/wp\/v2\/pages\/17035","targetHints":{"allow":["GET"]}}],"collection":[{"href":"https:\/\/sunelements.de\/fr\/wp-json\/wp\/v2\/pages"}],"about":[{"href":"https:\/\/sunelements.de\/fr\/wp-json\/wp\/v2\/types\/page"}],"author":[{"embeddable":true,"href":"https:\/\/sunelements.de\/fr\/wp-json\/wp\/v2\/users\/6"}],"replies":[{"embeddable":true,"href":"https:\/\/sunelements.de\/fr\/wp-json\/wp\/v2\/comments?post=17035"}],"version-history":[{"count":0,"href":"https:\/\/sunelements.de\/fr\/wp-json\/wp\/v2\/pages\/17035\/revisions"}],"wp:attachment":[{"href":"https:\/\/sunelements.de\/fr\/wp-json\/wp\/v2\/media?parent=17035"}],"curies":[{"name":"wp","href":"https:\/\/api.w.org\/{rel}","templated":true}]}}