{"id":13091,"date":"2023-11-08T11:32:26","date_gmt":"2023-11-08T10:32:26","guid":{"rendered":"https:\/\/sunelements.de\/mentions-legales\/"},"modified":"2024-04-24T12:48:29","modified_gmt":"2024-04-24T10:48:29","slug":"mentions-legales","status":"publish","type":"page","link":"https:\/\/sunelements.de\/fr\/mentions-legales\/","title":{"rendered":"Mentions l\u00e9gales"},"content":{"rendered":"<h2>Adresse de la soci\u00e9t\u00e9 :<\/h2>\n<p><strong>SunElements GmbH<\/strong><br \/><strong>Rue des Sports 7<\/strong><br \/><strong>4142 Hofkirchen<\/strong><br \/><strong>Autriche<\/strong><br \/>\nT\u00e9l. : <a href=\"tel:+43\/207285\/209308\/2000\">+43 7285 9308 00<\/a><br \/>\n<a href=\"mailto:office@sunelements.at\">Courrier \u00e9lectronique : office@sunelements.at<\/a><\/p>\n<p>FN : 592418 d \/ Tribunal r\u00e9gional de Linz<br \/>\nUID : ATU78761305<br \/>\nGLN : 9110032779797<\/p>\n<p>Membre de la Chambre de commerce autrichienne,<br \/>\nSecteur de la m\u00e9tallurgie pour la construction m\u00e9tallique et m\u00e9canique<\/br><br \/>\n<img decoding=\"async\" src=\"https:\/\/sunelements.de\/wp-content\/uploads\/2023\/11\/wko.at-Banner.jpg\" alt=\"Obligation d'information selon ECG et la loi sur les m\u00e9dias - WKO.AT\"><\/p>\n<p>Informations, acc\u00e8s aux donn\u00e9es et plaintes : <a href=\"mailto:office@sunelements.at\">office@sunelements.at<\/a><br \/>\nInternet <a href=\"https:\/\/sunelements.de\/fr\/\">: https:\/\/sunelements.de<\/a><\/br><br \/>\nDirecteur commercial : Thomas Lanzerstorfer<\/br><br \/>\nAutorit\u00e9 de surveillance : Bezirkshauptmannschaft Rohrbach<\/p>\n<p><\/br><\/p>\n&#13;\n<h2 class=\"wp-block-heading\">Droit d&#8217;auteur<\/h2>&#13;\n&#13;\n<p>Le contenu de ce site est prot\u00e9g\u00e9 par des droits d&#8217;auteur. Ils ne peuvent pas \u00eatre utilis\u00e9s \u00e0 des fins commerciales sur d&#8217;autres sites web ou dans d&#8217;autres m\u00e9dias sans notre autorisation expresse.<\/p>&#13;\n&#13;\n<h2 class=\"wp-block-heading\">Liens vers d&#8217;autres sites web<\/h2>&#13;\n&#13;\n<p>Notre offre en ligne contient des liens vers d&#8217;autres sites web. Nous n&#8217;avons aucune influence sur le fait que leurs exploitants respectent les dispositions relatives \u00e0 la protection des donn\u00e9es.<\/p>&#13;\n","protected":false},"excerpt":{"rendered":"<p>Adresse de la soci\u00e9t\u00e9 : SunElements GmbHRue des Sports 74142 HofkirchenAutriche T\u00e9l. : +43 7285 9308 00 Courrier \u00e9lectronique : office@sunelements.at FN : 592418 d \/ Tribunal r\u00e9gional de Linz UID : ATU78761305 GLN : 9110032779797 Membre de la Chambre de commerce autrichienne, Secteur de la m\u00e9tallurgie pour la construction m\u00e9tallique et m\u00e9canique Informations, acc\u00e8s [&hellip;]<\/p>\n","protected":false},"author":6,"featured_media":0,"parent":0,"menu_order":0,"comment_status":"closed","ping_status":"closed","template":"","meta":{"site-sidebar-layout":"default","site-content-layout":"","ast-site-content-layout":"default","site-content-style":"default","site-sidebar-style":"default","ast-global-header-display":"","ast-banner-title-visibility":"","ast-main-header-display":"","ast-hfb-above-header-display":"","ast-hfb-below-header-display":"","ast-hfb-mobile-header-display":"","site-post-title":"","ast-breadcrumbs-content":"","ast-featured-img":"","footer-sml-layout":"","ast-disable-related-posts":"","theme-transparent-header-meta":"default","adv-header-id-meta":"","stick-header-meta":"default","header-above-stick-meta":"","header-main-stick-meta":"","header-below-stick-meta":"","astra-migrate-meta-layouts":"default","ast-page-background-enabled":"default","ast-page-background-meta":{"desktop":{"background-color":"var(--ast-global-color-4)","background-image":"","background-repeat":"repeat","background-position":"center center","background-size":"auto","background-attachment":"scroll","background-type":"","background-media":"","overlay-type":"","overlay-color":"","overlay-opacity":"","overlay-gradient":""},"tablet":{"background-color":"","background-image":"","background-repeat":"repeat","background-position":"center center","background-size":"auto","background-attachment":"scroll","background-type":"","background-media":"","overlay-type":"","overlay-color":"","overlay-opacity":"","overlay-gradient":""},"mobile":{"background-color":"","background-image":"","background-repeat":"repeat","background-position":"center center","background-size":"auto","background-attachment":"scroll","background-type":"","background-media":"","overlay-type":"","overlay-color":"","overlay-opacity":"","overlay-gradient":""}},"ast-content-background-meta":{"desktop":{"background-color":"var(--ast-global-color-5)","background-image":"","background-repeat":"repeat","background-position":"center center","background-size":"auto","background-attachment":"scroll","background-type":"","background-media":"","overlay-type":"","overlay-color":"","overlay-opacity":"","overlay-gradient":""},"tablet":{"background-color":"var(--ast-global-color-5)","background-image":"","background-repeat":"repeat","background-position":"center center","background-size":"auto","background-attachment":"scroll","background-type":"","background-media":"","overlay-type":"","overlay-color":"","overlay-opacity":"","overlay-gradient":""},"mobile":{"background-color":"var(--ast-global-color-5)","background-image":"","background-repeat":"repeat","background-position":"center center","background-size":"auto","background-attachment":"scroll","background-type":"","background-media":"","overlay-type":"","overlay-color":"","overlay-opacity":"","overlay-gradient":""}},"_themeisle_gutenberg_block_has_review":false,"footnotes":""},"class_list":["post-13091","page","type-page","status-publish","hentry"],"_links":{"self":[{"href":"https:\/\/sunelements.de\/fr\/wp-json\/wp\/v2\/pages\/13091","targetHints":{"allow":["GET"]}}],"collection":[{"href":"https:\/\/sunelements.de\/fr\/wp-json\/wp\/v2\/pages"}],"about":[{"href":"https:\/\/sunelements.de\/fr\/wp-json\/wp\/v2\/types\/page"}],"author":[{"embeddable":true,"href":"https:\/\/sunelements.de\/fr\/wp-json\/wp\/v2\/users\/6"}],"replies":[{"embeddable":true,"href":"https:\/\/sunelements.de\/fr\/wp-json\/wp\/v2\/comments?post=13091"}],"version-history":[{"count":0,"href":"https:\/\/sunelements.de\/fr\/wp-json\/wp\/v2\/pages\/13091\/revisions"}],"wp:attachment":[{"href":"https:\/\/sunelements.de\/fr\/wp-json\/wp\/v2\/media?parent=13091"}],"curies":[{"name":"wp","href":"https:\/\/api.w.org\/{rel}","templated":true}]}}