{"id":12946,"date":"2024-03-03T16:52:28","date_gmt":"2024-03-03T15:52:28","guid":{"rendered":"https:\/\/sunelements.de\/telechargements\/"},"modified":"2025-11-10T13:13:52","modified_gmt":"2025-11-10T12:13:52","slug":"telechargements","status":"publish","type":"page","link":"https:\/\/sunelements.de\/fr\/telechargements\/","title":{"rendered":"T\u00e9l\u00e9chargements"},"content":{"rendered":"\t\t<div data-elementor-type=\"wp-page\" data-elementor-id=\"12946\" class=\"elementor elementor-12946 elementor-11850\" data-elementor-post-type=\"page\">\n\t\t\t\t\t\t<section class=\"elementor-section elementor-top-section elementor-element elementor-element-3a15d06 elementor-section-full_width elementor-hidden-mobile elementor-section-height-default elementor-section-height-default\" data-id=\"3a15d06\" data-element_type=\"section\" data-e-type=\"section\">\n\t\t\t\t\t\t<div class=\"elementor-container elementor-column-gap-default\">\n\t\t\t\t\t<div class=\"elementor-column elementor-col-100 elementor-top-column elementor-element elementor-element-703ed38\" data-id=\"703ed38\" data-element_type=\"column\" data-e-type=\"column\">\n\t\t\t<div class=\"elementor-widget-wrap elementor-element-populated\">\n\t\t\t\t\t\t<div class=\"elementor-element elementor-element-dd3b6b2 elementor--h-position-left elementor--v-position-middle elementor-arrows-position-inside elementor-pagination-position-inside elementor-widget elementor-widget-slides\" data-id=\"dd3b6b2\" data-element_type=\"widget\" data-e-type=\"widget\" data-settings=\"{&quot;autoplay_speed&quot;:4000,&quot;navigation&quot;:&quot;both&quot;,&quot;autoplay&quot;:&quot;yes&quot;,&quot;pause_on_hover&quot;:&quot;yes&quot;,&quot;pause_on_interaction&quot;:&quot;yes&quot;,&quot;infinite&quot;:&quot;yes&quot;,&quot;transition&quot;:&quot;slide&quot;,&quot;transition_speed&quot;:500}\" data-widget_type=\"slides.default\">\n\t\t\t\t<div class=\"elementor-widget-container\">\n\t\t\t\t\t\t\t\t\t<div class=\"elementor-swiper\">\n\t\t\t\t\t<div class=\"elementor-slides-wrapper elementor-main-swiper swiper\" role=\"region\" aria-roledescription=\"carousel\" aria-label=\"Slider\" dir=\"ltr\" data-animation=\"\">\n\t\t\t\t<div class=\"swiper-wrapper elementor-slides\">\n\t\t\t\t\t\t\t\t\t\t<div class=\"elementor-repeater-item-2d1601d swiper-slide\" role=\"group\" aria-roledescription=\"slide\"><div class=\"swiper-slide-bg\" role=\"img\" aria-label=\"SunElements-SunGarden-Solargewaechshaus-Photovoltaikgewaechshaus-Flachdachgewaechshaus-Sommergarten-Modern-Design\"><\/div><div class=\"swiper-slide-inner\" ><div class=\"swiper-slide-contents\"><div class=\"elementor-slide-description\"><div>\n<div style=\"color:#ff7643\"><b>pr\u00eat. set. grow.<\/b><\/div>\n<div style=\"font-size:90px;  \"><b>Sun<\/b><span style=\"font-weight: 100;\">Elements<\/p>\n<div style=\"color:#ff7643\"><b>T\u00e9l\u00e9chargements<\/b><\/div>\n<p><\/span><\/div>\n<p>Documents importants \u00e0 lire.<\/p>\n<\/div><\/div><\/div><\/div>\t\t\t\t<\/div>\n\t\t\t\t\t\t\t<\/div>\n\t\t\t\t<\/div>\n\t\t\t\t\t\t\t\t<\/div>\n\t\t\t\t<\/div>\n\t\t\t\t\t<\/div>\n\t\t<\/div>\n\t\t\t\t\t<\/div>\n\t\t<\/section>\n\t\t\t\t<section class=\"elementor-section elementor-top-section elementor-element elementor-element-18b4c253 elementor-hidden-desktop elementor-hidden-tablet elementor-section-boxed elementor-section-height-default elementor-section-height-default\" data-id=\"18b4c253\" data-element_type=\"section\" data-e-type=\"section\">\n\t\t\t\t\t\t<div class=\"elementor-container elementor-column-gap-default\">\n\t\t\t\t\t<div class=\"elementor-column elementor-col-100 elementor-top-column elementor-element elementor-element-5996aa8e\" data-id=\"5996aa8e\" data-element_type=\"column\" data-e-type=\"column\">\n\t\t\t<div class=\"elementor-widget-wrap elementor-element-populated\">\n\t\t\t\t\t\t<div class=\"elementor-element elementor-element-8c47ff3 elementor-widget-mobile__width-inherit elementor-widget elementor-widget-image\" data-id=\"8c47ff3\" data-element_type=\"widget\" data-e-type=\"widget\" data-widget_type=\"image.default\">\n\t\t\t\t<div class=\"elementor-widget-container\">\n\t\t\t\t\t\t\t\t\t\t\t\t\t\t\t<img fetchpriority=\"high\" decoding=\"async\" width=\"1800\" height=\"720\" src=\"https:\/\/sunelements.de\/wp-content\/uploads\/2023\/11\/SunElements-SunGarden-Solargewaechshaus-Photovoltaikgewaechshaus-Flachdachgewaechshaus-Modern-Design-7.png\" class=\"attachment-full size-full wp-image-10271\" alt=\"SunElements-SunGarden-Solargewaechshaus-Photovoltaikgewaechshaus-Flachdachgewaechshaus-Sommergarten-Modern-Design\" srcset=\"https:\/\/sunelements.de\/wp-content\/uploads\/2023\/11\/SunElements-SunGarden-Solargewaechshaus-Photovoltaikgewaechshaus-Flachdachgewaechshaus-Modern-Design-7.png 1800w, https:\/\/sunelements.de\/wp-content\/uploads\/2023\/11\/SunElements-SunGarden-Solargewaechshaus-Photovoltaikgewaechshaus-Flachdachgewaechshaus-Modern-Design-7-300x120.png 300w, https:\/\/sunelements.de\/wp-content\/uploads\/2023\/11\/SunElements-SunGarden-Solargewaechshaus-Photovoltaikgewaechshaus-Flachdachgewaechshaus-Modern-Design-7-1024x410.png 1024w, https:\/\/sunelements.de\/wp-content\/uploads\/2023\/11\/SunElements-SunGarden-Solargewaechshaus-Photovoltaikgewaechshaus-Flachdachgewaechshaus-Modern-Design-7-768x307.png 768w, https:\/\/sunelements.de\/wp-content\/uploads\/2023\/11\/SunElements-SunGarden-Solargewaechshaus-Photovoltaikgewaechshaus-Flachdachgewaechshaus-Modern-Design-7-1536x614.png 1536w, https:\/\/sunelements.de\/wp-content\/uploads\/2023\/11\/SunElements-SunGarden-Solargewaechshaus-Photovoltaikgewaechshaus-Flachdachgewaechshaus-Modern-Design-7-600x240.png 600w\" sizes=\"(max-width: 1800px) 100vw, 1800px\" \/>\t\t\t\t\t\t\t\t\t\t\t\t\t\t\t<\/div>\n\t\t\t\t<\/div>\n\t\t\t\t<div class=\"elementor-element elementor-element-610740c1 elementor-widget elementor-widget-text-editor\" data-id=\"610740c1\" data-element_type=\"widget\" data-e-type=\"widget\" data-widget_type=\"text-editor.default\">\n\t\t\t\t<div class=\"elementor-widget-container\">\n\t\t\t\t\t\t\t\t\t<p>pr\u00eat. set. grow.<\/p>\t\t\t\t\t\t\t\t<\/div>\n\t\t\t\t<\/div>\n\t\t\t\t<div class=\"elementor-element elementor-element-24f43fef elementor-widget-divider--view-line elementor-widget elementor-widget-divider\" data-id=\"24f43fef\" data-element_type=\"widget\" data-e-type=\"widget\" data-widget_type=\"divider.default\">\n\t\t\t\t<div class=\"elementor-widget-container\">\n\t\t\t\t\t\t\t<div class=\"elementor-divider\">\n\t\t\t<span class=\"elementor-divider-separator\">\n\t\t\t\t\t\t<\/span>\n\t\t<\/div>\n\t\t\t\t\t\t<\/div>\n\t\t\t\t<\/div>\n\t\t\t\t<div class=\"elementor-element elementor-element-71e9e456 elementor-widget elementor-widget-heading\" data-id=\"71e9e456\" data-element_type=\"widget\" data-e-type=\"widget\" data-widget_type=\"heading.default\">\n\t\t\t\t<div class=\"elementor-widget-container\">\n\t\t\t\t\t<div class=\"elementor-heading-title elementor-size-xl\"><strong>SunGarden<\/strong><\/div>\t\t\t\t<\/div>\n\t\t\t\t<\/div>\n\t\t\t\t<div class=\"elementor-element elementor-element-2fc0372f elementor-widget elementor-widget-text-editor\" data-id=\"2fc0372f\" data-element_type=\"widget\" data-e-type=\"widget\" data-widget_type=\"text-editor.default\">\n\t\t\t\t<div class=\"elementor-widget-container\">\n\t\t\t\t\t\t\t\t\t<p style=\"text-align: center;\">L&#8217;avenir des serres.<\/p>\t\t\t\t\t\t\t\t<\/div>\n\t\t\t\t<\/div>\n\t\t\t\t\t<\/div>\n\t\t<\/div>\n\t\t\t\t\t<\/div>\n\t\t<\/section>\n\t\t\t\t<section class=\"elementor-section elementor-top-section elementor-element elementor-element-44c8066 elementor-section-boxed elementor-section-height-default elementor-section-height-default\" data-id=\"44c8066\" data-element_type=\"section\" data-e-type=\"section\">\n\t\t\t\t\t\t<div class=\"elementor-container elementor-column-gap-default\">\n\t\t\t\t\t<div class=\"elementor-column elementor-col-100 elementor-top-column elementor-element elementor-element-0ade923\" data-id=\"0ade923\" data-element_type=\"column\" data-e-type=\"column\">\n\t\t\t<div class=\"elementor-widget-wrap elementor-element-populated\">\n\t\t\t\t\t\t<div class=\"elementor-element elementor-element-1f4860a elementor-widget elementor-widget-spacer\" data-id=\"1f4860a\" data-element_type=\"widget\" data-e-type=\"widget\" data-widget_type=\"spacer.default\">\n\t\t\t\t<div class=\"elementor-widget-container\">\n\t\t\t\t\t\t\t<div class=\"elementor-spacer\">\n\t\t\t<div class=\"elementor-spacer-inner\"><\/div>\n\t\t<\/div>\n\t\t\t\t\t\t<\/div>\n\t\t\t\t<\/div>\n\t\t\t\t<div class=\"elementor-element elementor-element-f0eb39c elementor-widget elementor-widget-heading\" data-id=\"f0eb39c\" data-element_type=\"widget\" data-e-type=\"widget\" data-widget_type=\"heading.default\">\n\t\t\t\t<div class=\"elementor-widget-container\">\n\t\t\t\t\t<h1 class=\"elementor-heading-title elementor-size-default\">Les <span style=\"color: #ff7643;font-weight: 600\">t\u00e9l\u00e9chargements<\/span><\/h1>\t\t\t\t<\/div>\n\t\t\t\t<\/div>\n\t\t\t\t<div class=\"elementor-element elementor-element-bfe2baa elementor-widget elementor-widget-text-editor\" data-id=\"bfe2baa\" data-element_type=\"widget\" data-e-type=\"widget\" data-widget_type=\"text-editor.default\">\n\t\t\t\t<div class=\"elementor-widget-container\">\n\t\t\t\t\t\t\t\t\t<p>Vous trouverez ici des documents importants tels que des logos, des listes de prix, des instructions de montage et bien plus encore.<\/p>\t\t\t\t\t\t\t\t<\/div>\n\t\t\t\t<\/div>\n\t\t\t\t<div class=\"elementor-element elementor-element-df42974 elementor-widget-divider--view-line elementor-widget elementor-widget-divider\" data-id=\"df42974\" data-element_type=\"widget\" data-e-type=\"widget\" data-widget_type=\"divider.default\">\n\t\t\t\t<div class=\"elementor-widget-container\">\n\t\t\t\t\t\t\t<div class=\"elementor-divider\">\n\t\t\t<span class=\"elementor-divider-separator\">\n\t\t\t\t\t\t<\/span>\n\t\t<\/div>\n\t\t\t\t\t\t<\/div>\n\t\t\t\t<\/div>\n\t\t\t\t<div class=\"elementor-element elementor-element-7735567 elementor-hidden-mobile elementor-widget elementor-widget-spacer\" data-id=\"7735567\" data-element_type=\"widget\" data-e-type=\"widget\" data-widget_type=\"spacer.default\">\n\t\t\t\t<div class=\"elementor-widget-container\">\n\t\t\t\t\t\t\t<div class=\"elementor-spacer\">\n\t\t\t<div class=\"elementor-spacer-inner\"><\/div>\n\t\t<\/div>\n\t\t\t\t\t\t<\/div>\n\t\t\t\t<\/div>\n\t\t\t\t\t<\/div>\n\t\t<\/div>\n\t\t\t\t\t<\/div>\n\t\t<\/section>\n\t\t\t\t<section class=\"elementor-section elementor-top-section elementor-element elementor-element-00c102b elementor-section-boxed elementor-section-height-default elementor-section-height-default\" data-id=\"00c102b\" data-element_type=\"section\" data-e-type=\"section\">\n\t\t\t\t\t\t<div class=\"elementor-container elementor-column-gap-default\">\n\t\t\t\t\t<div class=\"elementor-column elementor-col-33 elementor-top-column elementor-element elementor-element-e5bb0f7\" data-id=\"e5bb0f7\" data-element_type=\"column\" data-e-type=\"column\">\n\t\t\t<div class=\"elementor-widget-wrap elementor-element-populated\">\n\t\t\t\t\t\t<div class=\"elementor-element elementor-element-3ac74bb elementor-hidden-mobile elementor-widget elementor-widget-heading\" data-id=\"3ac74bb\" data-element_type=\"widget\" data-e-type=\"widget\" data-widget_type=\"heading.default\">\n\t\t\t\t<div class=\"elementor-widget-container\">\n\t\t\t\t\t<h2 class=\"elementor-heading-title elementor-size-default\"><span style=\"font-size: 54px;color: #ff7643;font-weight: 600\">T\u00e9l\u00e9chargements <\/span><br><span style=\"font-size: 54px;color: #2C4154;font-weight: 600\">\u00e0 lire, \u00e0 imprimer ou \u00e0 faire suivre<\/span><\/h2>\t\t\t\t<\/div>\n\t\t\t\t<\/div>\n\t\t\t\t<div class=\"elementor-element elementor-element-12b6146 elementor-hidden-desktop elementor-hidden-tablet elementor-widget elementor-widget-heading\" data-id=\"12b6146\" data-element_type=\"widget\" data-e-type=\"widget\" data-widget_type=\"heading.default\">\n\t\t\t\t<div class=\"elementor-widget-container\">\n\t\t\t\t\t<div class=\"elementor-heading-title elementor-size-default\"><span style=\"font-size: 36px;color: #ff7643;font-weight: 600\">T\u00e9l\u00e9chargements <\/span><br><span style=\"font-size: 36px;color: #2C4154;font-weight: 600\">\u00e0 lire, \u00e0 imprimer ou \u00e0 faire suivre<\/span><\/div>\t\t\t\t<\/div>\n\t\t\t\t<\/div>\n\t\t\t\t\t<\/div>\n\t\t<\/div>\n\t\t\t\t<div class=\"elementor-column elementor-col-66 elementor-top-column elementor-element elementor-element-b7540bf\" data-id=\"b7540bf\" data-element_type=\"column\" data-e-type=\"column\">\n\t\t\t<div class=\"elementor-widget-wrap elementor-element-populated\">\n\t\t\t\t\t\t<div class=\"elementor-element elementor-element-bcf648f elementor-widget elementor-widget-text-editor\" data-id=\"bcf648f\" data-element_type=\"widget\" data-e-type=\"widget\" data-widget_type=\"text-editor.default\">\n\t\t\t\t<div class=\"elementor-widget-container\">\n\t\t\t\t\t\t\t\t\t<p><img decoding=\"async\" class=\"size-full wp-image-8569\" src=\"https:\/\/sunelements.de\/wp-content\/uploads\/2023\/11\/SunElements-at-Logo-Icon-orange.png\" alt=\"SunElements-at-Logo-Icon-orange\" width=\"40\" height=\"34\"> <strong style=\"font-style: inherit; color: var(--ast-global-color-2); background-color: var(--ast-global-color-5); font-size: 14pt;\"><span style=\"color: #ff7643;\">Catalogues, logos, etc :<\/span><\/strong><\/p>\t\t\t\t\t\t\t\t<\/div>\n\t\t\t\t<\/div>\n\t\t\t\t<div class=\"elementor-element elementor-element-9bef98b elementor-widget elementor-widget-text-editor\" data-id=\"9bef98b\" data-element_type=\"widget\" data-e-type=\"widget\" data-widget_type=\"text-editor.default\">\n\t\t\t\t<div class=\"elementor-widget-container\">\n\t\t\t\t\t\t\t\t\t<p><a href=\"https:\/\/sunelements.de\/wp-content\/uploads\/2024\/12\/SE_Katalog_2025-web.pdf\" target=\"_blank\" rel=\"noopener\">&#8221; Catalogue SunElements 2025<\/a><\/p><p><a href=\"https:\/\/sunelements.de\/wp-content\/uploads\/2024\/03\/SunElements-LogoVarianten.zip\" target=\"_blank\" rel=\"noopener\">&#8221; Logo en diff\u00e9rentes variantes<\/a><\/p>\t\t\t\t\t\t\t\t<\/div>\n\t\t\t\t<\/div>\n\t\t\t\t<div class=\"elementor-element elementor-element-1c088dd elementor-widget elementor-widget-text-editor\" data-id=\"1c088dd\" data-element_type=\"widget\" data-e-type=\"widget\" data-widget_type=\"text-editor.default\">\n\t\t\t\t<div class=\"elementor-widget-container\">\n\t\t\t\t\t\t\t\t\t<p><img decoding=\"async\" class=\"size-full wp-image-8569\" src=\"https:\/\/sunelements.de\/wp-content\/uploads\/2023\/11\/SunElements-at-Logo-Icon-orange.png\" alt=\"SunElements-at-Logo-Icon-orange\" width=\"40\" height=\"34\"> <strong style=\"font-style: inherit; color: var(--ast-global-color-2); background-color: var(--ast-global-color-5); font-size: 14pt;\"><span style=\"color: #ff7643;\">Prix de montage :<\/span><\/strong><\/p>\t\t\t\t\t\t\t\t<\/div>\n\t\t\t\t<\/div>\n\t\t\t\t<div class=\"elementor-element elementor-element-6da336c elementor-widget elementor-widget-text-editor\" data-id=\"6da336c\" data-element_type=\"widget\" data-e-type=\"widget\" data-widget_type=\"text-editor.default\">\n\t\t\t\t<div class=\"elementor-widget-container\">\n\t\t\t\t\t\t\t\t\t<p><a href=\"https:\/\/sunelements.de\/wp-content\/uploads\/2024\/12\/Montage-Endkundenpreise-2025.pdf\" target=\"_blank\" rel=\"noopener\">&#8221; Liste des prix indicatifs pour le montage des clients finaux<\/a><br><a href=\"https:\/\/sunelements.de\/wp-content\/uploads\/2025\/05\/Montagerichtlinien.pdf\">&#8221; Directives de montage<\/a><\/p>\t\t\t\t\t\t\t\t<\/div>\n\t\t\t\t<\/div>\n\t\t\t\t<div class=\"elementor-element elementor-element-0dd1023 elementor-widget elementor-widget-text-editor\" data-id=\"0dd1023\" data-element_type=\"widget\" data-e-type=\"widget\" data-widget_type=\"text-editor.default\">\n\t\t\t\t<div class=\"elementor-widget-container\">\n\t\t\t\t\t\t\t\t\t<p><img decoding=\"async\" class=\"size-full wp-image-8569\" src=\"https:\/\/sunelements.de\/wp-content\/uploads\/2023\/11\/SunElements-at-Logo-Icon-orange.png\" alt=\"SunElements-at-Logo-Icon-orange\" width=\"40\" height=\"34\"> <strong style=\"font-style: inherit; color: var(--ast-global-color-2); background-color: var(--ast-global-color-5); font-size: 14pt;\"><span style=\"color: #ff7643;\">Instructions de montage, plans de fondation et de remise :<\/span><\/strong><\/p>\t\t\t\t\t\t\t\t<\/div>\n\t\t\t\t<\/div>\n\t\t\t\t<div class=\"elementor-element elementor-element-0f1b0aa elementor-widget elementor-widget-text-editor\" data-id=\"0f1b0aa\" data-element_type=\"widget\" data-e-type=\"widget\" data-widget_type=\"text-editor.default\">\n\t\t\t\t<div class=\"elementor-widget-container\">\n\t\t\t\t\t\t\t\t\t<p><a href=\"https:\/\/sunelements.de\/wp-content\/uploads\/2024\/04\/Aufbauanleitung_sungarden_WEB_130225.pdf\" target=\"_blank\" rel=\"noopener\">&#8221; Instructions de montage SunGarden<\/a><br><a href=\"https:\/\/sunelements.de\/wp-content\/uploads\/2024\/06\/240603_ABA_Innenverkleidung_WEB.pdf\" target=\"_blank\" rel=\"noopener\">&#8221; Instructions de montage du rev\u00eatement int\u00e9rieur<\/a><br><a href=\"https:\/\/sunelements.de\/wp-content\/uploads\/2024\/03\/Bedienungsanleitung-hoymiles-hms-1600-4t-14a.pdf\" target=\"_blank\" rel=\"noopener\">&#8221; Mode d&#8217;emploi de l&#8217;onduleur<\/a><br><a href=\"https:\/\/sunelements.de\/wp-content\/uploads\/2024\/03\/DTU-WLite_DE-Bedienungsanleitung.pdf\" target=\"_blank\" rel=\"noopener\">&#8221; Mode d&#8217;emploi DTU (cl\u00e9 WLAN pour APP)<\/a><\/p><p><a href=\"https:\/\/sunelements.de\/wp-content\/uploads\/2024\/06\/SunGarden-Einreichplan_2-1.pdf\" target=\"_blank\" rel=\"noopener\">&#8220;Plan des fondations et de remise en \u00e9tat taille 2.1<\/a><br><a href=\"https:\/\/sunelements.de\/wp-content\/uploads\/2024\/06\/SunGarden-Einreichplan_2-2.pdf\" target=\"_blank\" rel=\"noopener\">&#8220;Plan des fondations et de remise en \u00e9tat taille 2.2<\/a><br><a href=\"https:\/\/sunelements.de\/wp-content\/uploads\/2024\/06\/SunGarden-Einreichplan_3-2.pdf\" target=\"_blank\" rel=\"noopener\">&#8220;Plan de fondation et de remise taille 3.2<\/a><br><a href=\"https:\/\/sunelements.de\/wp-content\/uploads\/2024\/06\/SunGarden-Einreichplan_4-1.pdf\" target=\"_blank\" rel=\"noopener\">&#8220;Plan des fondations et de remise en \u00e9tat taille 4.1<\/a><br><a href=\"https:\/\/sunelements.de\/wp-content\/uploads\/2024\/06\/SunGarden-Einreichplan_4-2.pdf\" target=\"_blank\" rel=\"noopener\">&#8220;Plan des fondations et de remise en \u00e9tat taille 4.2<\/a><br><a href=\"https:\/\/sunelements.de\/wp-content\/uploads\/2024\/06\/SunGarden-Einreichplan_3-4.pdf\" target=\"_blank\" rel=\"noopener\">&#8220;Plan des fondations et de la remise en \u00e9tat taille 4.3<\/a><br><a href=\"https:\/\/sunelements.de\/wp-content\/uploads\/2024\/06\/SunGarden-Einreichplan_4-4.pdf\" target=\"_blank\" rel=\"noopener\">&#8220;Plan des fondations et de remise en \u00e9tat taille 4.4<\/a><br><a href=\"https:\/\/sunelements.de\/wp-content\/uploads\/2024\/06\/SunGarden-Einreichplan_5-2.pdf\" target=\"_blank\" rel=\"noopener\">&#8220;Plan des fondations et de la remise en \u00e9tat taille 5.2<\/a><br><a href=\"https:\/\/sunelements.de\/wp-content\/uploads\/2024\/06\/SunGarden-Einreichplan_5-4.pdf\" target=\"_blank\" rel=\"noopener\">&#8221; Plan de fondation et de remise taille 5.4<\/a><\/p>\t\t\t\t\t\t\t\t<\/div>\n\t\t\t\t<\/div>\n\t\t\t\t\t<\/div>\n\t\t<\/div>\n\t\t\t\t\t<\/div>\n\t\t<\/section>\n\t\t\t\t<section class=\"elementor-section elementor-top-section elementor-element elementor-element-d73daf6 elementor-section-boxed elementor-section-height-default elementor-section-height-default\" data-id=\"d73daf6\" data-element_type=\"section\" data-e-type=\"section\">\n\t\t\t\t\t\t<div class=\"elementor-container elementor-column-gap-default\">\n\t\t\t\t\t<div class=\"elementor-column elementor-col-100 elementor-top-column elementor-element elementor-element-9dccdd2\" data-id=\"9dccdd2\" data-element_type=\"column\" data-e-type=\"column\">\n\t\t\t<div class=\"elementor-widget-wrap elementor-element-populated\">\n\t\t\t\t\t\t<div class=\"elementor-element elementor-element-4b23e6a elementor-widget elementor-widget-spacer\" data-id=\"4b23e6a\" data-element_type=\"widget\" data-e-type=\"widget\" data-widget_type=\"spacer.default\">\n\t\t\t\t<div class=\"elementor-widget-container\">\n\t\t\t\t\t\t\t<div class=\"elementor-spacer\">\n\t\t\t<div class=\"elementor-spacer-inner\"><\/div>\n\t\t<\/div>\n\t\t\t\t\t\t<\/div>\n\t\t\t\t<\/div>\n\t\t\t\t\t<\/div>\n\t\t<\/div>\n\t\t\t\t\t<\/div>\n\t\t<\/section>\n\t\t\t\t<\/div>\n\t\t","protected":false},"excerpt":{"rendered":"<p>pr\u00eat. set. grow. SunElements T\u00e9l\u00e9chargements Documents importants \u00e0 lire. pr\u00eat. set. grow. SunGarden L&#8217;avenir des serres. Les t\u00e9l\u00e9chargements Vous trouverez ici des documents importants tels que des logos, des listes de prix, des instructions de montage et bien plus encore. T\u00e9l\u00e9chargements \u00e0 lire, \u00e0 imprimer ou \u00e0 faire suivre T\u00e9l\u00e9chargements \u00e0 lire, \u00e0 imprimer ou [&hellip;]<\/p>\n","protected":false},"author":8,"featured_media":0,"parent":0,"menu_order":0,"comment_status":"closed","ping_status":"closed","template":"","meta":{"site-sidebar-layout":"no-sidebar","site-content-layout":"page-builder","ast-site-content-layout":"full-width-container","site-content-style":"default","site-sidebar-style":"default","ast-global-header-display":"","ast-banner-title-visibility":"","ast-main-header-display":"","ast-hfb-above-header-display":"","ast-hfb-below-header-display":"","ast-hfb-mobile-header-display":"","site-post-title":"disabled","ast-breadcrumbs-content":"","ast-featured-img":"disabled","footer-sml-layout":"","ast-disable-related-posts":"","theme-transparent-header-meta":"default","adv-header-id-meta":"","stick-header-meta":"default","header-above-stick-meta":"","header-main-stick-meta":"","header-below-stick-meta":"","astra-migrate-meta-layouts":"default","ast-page-background-enabled":"default","ast-page-background-meta":{"desktop":{"background-color":"var(--ast-global-color-4)","background-image":"","background-repeat":"repeat","background-position":"center center","background-size":"auto","background-attachment":"scroll","background-type":"","background-media":"","overlay-type":"","overlay-color":"","overlay-opacity":"","overlay-gradient":""},"tablet":{"background-color":"","background-image":"","background-repeat":"repeat","background-position":"center center","background-size":"auto","background-attachment":"scroll","background-type":"","background-media":"","overlay-type":"","overlay-color":"","overlay-opacity":"","overlay-gradient":""},"mobile":{"background-color":"","background-image":"","background-repeat":"repeat","background-position":"center center","background-size":"auto","background-attachment":"scroll","background-type":"","background-media":"","overlay-type":"","overlay-color":"","overlay-opacity":"","overlay-gradient":""}},"ast-content-background-meta":{"desktop":{"background-color":"var(--ast-global-color-5)","background-image":"","background-repeat":"repeat","background-position":"center center","background-size":"auto","background-attachment":"scroll","background-type":"","background-media":"","overlay-type":"","overlay-color":"","overlay-opacity":"","overlay-gradient":""},"tablet":{"background-color":"var(--ast-global-color-5)","background-image":"","background-repeat":"repeat","background-position":"center center","background-size":"auto","background-attachment":"scroll","background-type":"","background-media":"","overlay-type":"","overlay-color":"","overlay-opacity":"","overlay-gradient":""},"mobile":{"background-color":"var(--ast-global-color-5)","background-image":"","background-repeat":"repeat","background-position":"center center","background-size":"auto","background-attachment":"scroll","background-type":"","background-media":"","overlay-type":"","overlay-color":"","overlay-opacity":"","overlay-gradient":""}},"_themeisle_gutenberg_block_has_review":false,"footnotes":""},"class_list":["post-12946","page","type-page","status-publish","hentry"],"_links":{"self":[{"href":"https:\/\/sunelements.de\/fr\/wp-json\/wp\/v2\/pages\/12946","targetHints":{"allow":["GET"]}}],"collection":[{"href":"https:\/\/sunelements.de\/fr\/wp-json\/wp\/v2\/pages"}],"about":[{"href":"https:\/\/sunelements.de\/fr\/wp-json\/wp\/v2\/types\/page"}],"author":[{"embeddable":true,"href":"https:\/\/sunelements.de\/fr\/wp-json\/wp\/v2\/users\/8"}],"replies":[{"embeddable":true,"href":"https:\/\/sunelements.de\/fr\/wp-json\/wp\/v2\/comments?post=12946"}],"version-history":[{"count":0,"href":"https:\/\/sunelements.de\/fr\/wp-json\/wp\/v2\/pages\/12946\/revisions"}],"wp:attachment":[{"href":"https:\/\/sunelements.de\/fr\/wp-json\/wp\/v2\/media?parent=12946"}],"curies":[{"name":"wp","href":"https:\/\/api.w.org\/{rel}","templated":true}]}}