{"id":12938,"date":"2023-05-25T20:03:38","date_gmt":"2023-05-25T18:03:38","guid":{"rendered":"https:\/\/sunelements.de\/declaration-de-confidentialite\/"},"modified":"2024-04-24T11:56:40","modified_gmt":"2024-04-24T09:56:40","slug":"declaration-de-confidentialite","status":"publish","type":"page","link":"https:\/\/sunelements.de\/fr\/declaration-de-confidentialite\/","title":{"rendered":"D\u00e9claration de confidentialit\u00e9"},"content":{"rendered":"<h2>Confidentialit\u00e9 et s\u00e9curit\u00e9<\/h2>\n&#13;\n<p>Notre priorit\u00e9 absolue est la protection de vos donn\u00e9es personnelles. Par cons\u00e9quent, le traitement de vos donn\u00e9es s&#8217;effectue exclusivement en conformit\u00e9 avec le r\u00e8glement g\u00e9n\u00e9ral sur la protection des donn\u00e9es de l&#8217;UE (RGPD) et la loi autrichienne sur la protection des donn\u00e9es, DSG (dans sa version \u00e0 compter du 25 mai 2018). La pr\u00e9sente d\u00e9claration de confidentialit\u00e9 a pour but de vous informer sur la nature, l&#8217;\u00e9tendue et les finalit\u00e9s de la collecte et du traitement de vos donn\u00e9es. Nous, SunElements GmbH, ci-apr\u00e8s d\u00e9nomm\u00e9 &#8220;SunElements&#8221;, sommes l&#8217;interlocuteur responsable de toutes les questions relatives \u00e0 la protection des donn\u00e9es en rapport avec le traitement des donn\u00e9es. Si vous avez des questions sur la collecte, le traitement ou l&#8217;utilisation de vos donn\u00e9es personnelles, n&#8217;h\u00e9sitez pas \u00e0 nous contacter par \u00e9crit :<\/p>&#13;\n<p>SunElements GmbH<br \/>Rue des Sports 7<br \/>4142 Hofkirchen<br \/>Autriche<br \/><a href=\"mailto:office@sunelements.at\">Courrier \u00e9lectronique : office@sunelements.at<\/a><\/p>\n&#13;\n<h2 class=\"wp-block-heading\">Collecte et traitement de vos donn\u00e9es<\/h2>&#13;\n&#13;\n<p>Lors de votre prise de contact, de votre commande, de votre inscription \u00e0 notre newsletter, de votre candidature ou de votre visite sur notre site web, nous collectons et traitons certaines donn\u00e9es personnelles vous concernant. La nature, la port\u00e9e et les finalit\u00e9s de ce traitement de donn\u00e9es sont d\u00e9crites ci-dessous.<\/p>&#13;\n<p>Vous avez la possibilit\u00e9 de retirer votre consentement ou de vous d\u00e9sabonner de la newsletter \u00e0 tout moment. Pour ce faire, vous pouvez nous envoyer un message \u00e0 l&#8217;adresse \u00e9lectronique <a href=\"mailto:office@sunelements.at\">office@sunelements.at<\/a> ou utiliser le lien de d\u00e9sinscription figurant au bas de chaque newsletter. Vous pouvez \u00e9galement nous informer par d&#8217;autres moyens. De m\u00eame, vous nous accordez express\u00e9ment l&#8217;autorisation de vous envoyer par e-mail des informations pr\u00e9cieuses relatives \u00e0 vos intentions d&#8217;achat sp\u00e9cifiques apr\u00e8s l&#8217;expression d&#8217;un int\u00e9r\u00eat d&#8217;achat clair (par exemple, un produit dans le panier).<\/p>&#13;\n&#13;\n<h2 class=\"wp-block-heading\">Visite du site \/ Utilisation de cookies<\/h2>&#13;\n&#13;\n<p>Au cours de votre visite sur notre site, nous collectons des donn\u00e9es personnelles dans la mesure o\u00f9 cela est techniquement n\u00e9cessaire (nom du fichier consult\u00e9, date et heure de l&#8217;acc\u00e8s, quantit\u00e9 de donn\u00e9es transmises, notification de r\u00e9ussite de la consultation, type et version du navigateur, syst\u00e8me d&#8217;exploitation de l&#8217;utilisateur, URL de r\u00e9f\u00e9rence et fournisseur d&#8217;acc\u00e8s). Nous ne pouvons pas associer ces donn\u00e9es \u00e0 une personne sp\u00e9cifique et nous ne les combinons pas avec des donn\u00e9es provenant d&#8217;autres sources.<\/p>&#13;\n<p>Nous attirons votre attention sur le fait que des cookies sont utilis\u00e9s lors de votre visite sur notre site. Les cookies sont de petits fichiers ou d&#8217;autres formes de stockage d&#8217;informations qui sont transmis par notre serveur web ou par des tiers aux navigateurs web des utilisateurs et qui y sont stock\u00e9s pour \u00eatre consult\u00e9s ult\u00e9rieurement. Les cookies utilis\u00e9s sur notre site Web servent uniquement \u00e0 faciliter le processus d&#8217;achat (par exemple en enregistrant des articles dans le panier) et \u00e0 permettre l&#8217;utilisation de certaines fonctions de notre boutique en ligne. Les cookies que nous utilisons sont supprim\u00e9s de votre disque dur \u00e0 la fin de la session de navigation (cookies de session). La collecte de ces donn\u00e9es s&#8217;effectue sur la base de l&#8217;article 96, paragraphe 3, de la loi sur les t\u00e9l\u00e9communications.<\/p>&#13;\n<p>En outre, nous utilisons des cookies pour l&#8217;\u00e9valuation statistique de l&#8217;utilisation de notre site web dans le cadre du service d&#8217;analyse web Google Analytics (voir ci-dessous). La collecte de ces donn\u00e9es est bas\u00e9e sur l&#8217;article 6, paragraphe 1, point f) du RGPD. Si vous avez donn\u00e9 votre accord pr\u00e9alable conform\u00e9ment \u00e0 l&#8217;article 6, paragraphe 1, point a) du RGPD, des cookies tiers seront utilis\u00e9s pendant votre visite sur notre site Web pour enregistrer et \u00e9valuer votre comportement d&#8217;utilisation. En utilisant notre site web, vous acceptez l&#8217;utilisation de cookies. La notification de l&#8217;utilisation des cookies se fait par l&#8217;affichage d&#8217;une banni\u00e8re lors de la premi\u00e8re visite de notre site.<\/p>&#13;\n&#13;\n<h2 class=\"wp-block-heading\">Utilisation et partage de vos donn\u00e9es<\/h2>&#13;\n&#13;\n<p>et utilis\u00e9es pour ex\u00e9cuter le contrat existant entre vous et nous. Le traitement de vos donn\u00e9es est effectu\u00e9 conform\u00e9ment \u00e0 l&#8217;article 6, paragraphe 1, point b), du r\u00e8glement g\u00e9n\u00e9ral sur la protection des donn\u00e9es (RGPD). D\u00e8s que le contrat est enti\u00e8rement ex\u00e9cut\u00e9 et que le prix d&#8217;achat a \u00e9t\u00e9 int\u00e9gralement pay\u00e9, vos donn\u00e9es sont archiv\u00e9es et supprim\u00e9es apr\u00e8s l&#8217;expiration des d\u00e9lais de conservation fiscaux et commerciaux ou des d\u00e9lais l\u00e9gaux conform\u00e9ment \u00e0 la loi sur la responsabilit\u00e9 du fait des produits, \u00e0 moins que vous n&#8217;ayez consenti \u00e0 une utilisation ult\u00e9rieure de vos donn\u00e9es.<\/p>&#13;\n<p>Vos donn\u00e9es personnelles ne seront transmises ou divulgu\u00e9es \u00e0 des tiers que si cela est n\u00e9cessaire \u00e0 l&#8217;ex\u00e9cution du contrat ou \u00e0 la facturation, ou si vous avez donn\u00e9 votre accord pr\u00e9alable. Dans le cadre du traitement des commandes, certains prestataires de services peuvent recevoir de notre part (par exemple, des soci\u00e9t\u00e9s d&#8217;exp\u00e9dition, des soci\u00e9t\u00e9s de logistique, des prestataires de services de paiement) les donn\u00e9es n\u00e9cessaires au traitement des commandes et des ordres. Dans des cas exceptionnels, nous sommes tenus par la loi de mettre les donn\u00e9es correspondantes \u00e0 la disposition des autorit\u00e9s, si cela est n\u00e9cessaire en raison de dispositions l\u00e9gales, d&#8217;ordres des autorit\u00e9s ou de proc\u00e9dures d&#8217;enqu\u00eate officielles.<\/p>&#13;\n&#13;\n<h2 class=\"wp-block-heading\">S\u00e9curit\u00e9 des donn\u00e9es<\/h2>&#13;\n&#13;\n<p>Les informations relatives \u00e0 votre contrat sont transmises en toute s\u00e9curit\u00e9 sur Internet gr\u00e2ce \u00e0 l&#8217;utilisation de la proc\u00e9dure SSL. Nous prot\u00e9geons notre site web et d&#8217;autres syst\u00e8mes \u00e0 l&#8217;aide de mesures techniques et organisationnelles afin de pr\u00e9server vos donn\u00e9es de la perte, de la destruction, de l&#8217;acc\u00e8s non autoris\u00e9, de la manipulation ou de la divulgation non autoris\u00e9e.<\/p>&#13;\n&#13;\n<h2 class=\"wp-block-heading\">Gestion des candidatures<\/h2>&#13;\n&#13;\n<p>Nous collectons les donn\u00e9es des candidats aux offres d&#8217;emploi que nous avons publi\u00e9es dans le but d&#8217;\u00e9tablir une \u00e9ventuelle relation de travail. Ces informations sont uniquement destin\u00e9es \u00e0 un usage interne et ne seront pas communiqu\u00e9es \u00e0 des tiers. Vous avez le droit de demander la suppression de vos donn\u00e9es \u00e0 tout moment.<\/p>&#13;\n&#13;\n<h2 class=\"wp-block-heading\">G\u00e9olocalisation<\/h2>&#13;\n&#13;\n<p>Pour vous aider \u00e0 trouver un revendeur SunElements dans votre r\u00e9gion sur notre site Web, nous utilisons la g\u00e9olocalisation. L&#8217;utilisation de l&#8217;adresse IP de l&#8217;internaute nous permet de d\u00e9terminer sa localisation.<\/p>&#13;\n<p>De m\u00eame, nous utilisons la g\u00e9olocalisation pour afficher dans notre boutique en ligne les produits, les prix et les taxes adapt\u00e9s \u00e0 votre pays.<\/p>&#13;\n&#13;\n<h2 class=\"wp-block-heading\">Google Analytics<\/h2>&#13;\n&#13;\n<p>Nous utilisons Google Analytics, un service d&#8217;analyse web fourni par Google Ireland Limited (&#8220;Google&#8221;), Barrow Street, Dublin 4, Irlande. Afin d&#8217;\u00e9valuer statistiquement l&#8217;utilisation de notre site web, des cookies sont enregistr\u00e9s sur votre ordinateur dans le cadre de &#8220;Google Analytics&#8221;. Nous avons conclu un contrat avec Google pour le traitement des donn\u00e9es de commande. Les informations recueillies par ces cookies sur votre utilisation du site (y compris votre adresse IP) sont rendues anonymes avant d&#8217;\u00eatre stock\u00e9es sur les serveurs de Google afin d&#8217;emp\u00eacher toute identification de votre ordinateur. Ce n&#8217;est que dans des cas exceptionnels que l&#8217;adresse IP compl\u00e8te est transmise \u00e0 un serveur de Google aux \u00c9tats-Unis et y est abr\u00e9g\u00e9e.<\/p>&#13;\n<p>Google utilisera cette information dans le but d&#8217;analyser l&#8217;utilisation du site, de compiler des rapports sur l&#8217;activit\u00e9 du site \u00e0 destination de son \u00e9diteur et de fournir d&#8217;autres services relatifs \u00e0 l&#8217;activit\u00e9 du site et \u00e0 l&#8217;utilisation d&#8217;Internet. L&#8217;adresse IP transmise par votre navigateur dans le cadre de Google Analytics ne sera pas fusionn\u00e9e avec d&#8217;autres donn\u00e9es Google. Pour plus d&#8217;informations sur la mani\u00e8re dont Google Analytics traite les donn\u00e9es des utilisateurs, consultez la d\u00e9claration de confidentialit\u00e9 de Google <a href=\"https:\/\/support.google.com\/analytics\/answer\/6004245?hl=de\" target=\"_blank\" rel=\"noopener\">: https:\/\/support.google.com\/analytics\/answer\/6004245?hl=de.<\/a><\/p>&#13;\n<p>Si vous souhaitez emp\u00eacher la collecte et le traitement par Google des donn\u00e9es g\u00e9n\u00e9r\u00e9es par les cookies et des donn\u00e9es anonymis\u00e9es, vous pouvez t\u00e9l\u00e9charger et installer le plug-in de navigateur en cliquant sur le lien suivant <a href=\"https:\/\/tools.google.com\/dlpage\/gaoptout?hl=de\" target=\"_blank\" rel=\"noopener\">: https:\/\/tools.google.com\/dlpage\/gaoptout?hl=de.<\/a> Veuillez noter que dans ce cas, il est possible que vous ne puissiez pas utiliser toutes les fonctions de ce site Web.<\/p>&#13;\n&#13;\n<h2 class=\"wp-block-heading\">Google Maps<\/h2>&#13;\n&#13;\n<p>Sur nos pages web, nous int\u00e9grons en partie Google Maps de Google Ireland Limited, Barrow Street, Dublin 4, Irlande, un service de repr\u00e9sentation de cartes g\u00e9ographiques interactives. Nous vous permettons ainsi de voir nos partenaires commerciaux et l&#8217;emplacement de notre entreprise \u00e0 l&#8217;aide de Google Maps. Lorsque vous visitez des pages sur lesquelles Google Maps est int\u00e9gr\u00e9, Google collecte et enregistre certaines informations telles que votre adresse IP, le logiciel de navigation que vous utilisez et ses param\u00e8tres, qui sont transmises et stock\u00e9es aux \u00c9tats-Unis.<\/p>&#13;\n<p>Google est responsable de la collecte et du stockage de ces donn\u00e9es et les utilise \u00e0 ses propres fins. Google LLC est certifi\u00e9 par le bouclier de protection des donn\u00e9es US-UE &#8220;Privacy Shield&#8221; afin de garantir le respect du niveau de protection des donn\u00e9es en vigueur dans l&#8217;UE. Vous pouvez consulter les conditions d&#8217;utilisation de Google \u00e0 l&#8217;adresse <a href=\"https:\/\/policies.google.com\/terms?hl=at&amp;gl=de\" target=\"_blank\" rel=\"noopener\">https:\/\/policies.google.com\/terms?hl=at&amp;gl=de<\/a> et des conditions d&#8217;utilisation suppl\u00e9mentaires pour Google Maps \u00e0 l&#8217;adresse <a href=\"https:\/\/www.google.com\/intl\/de_US\/help\/terms_maps.html\" target=\"_blank\" rel=\"noopener\">https:\/\/www.google.com\/intl\/de_US\/help\/terms_maps.html.<\/a><\/p>&#13;\n<p>Vous trouverez des informations d\u00e9taill\u00e9es sur la protection des donn\u00e9es en relation avec l&#8217;utilisation de Google Maps sur le site Internet de Google dans sa &#8220;Politique de confidentialit\u00e9&#8221;<a href=\"%22https:\/\/policies.google.com\/privacy?hl=de&amp;gl=at\">(https:\/\/policies.google.com\/privacy?hl=de&amp;gl=at)<\/a>. Si vous souhaitez vous opposer \u00e0 la collecte et au traitement des donn\u00e9es par Google LLC, vous pouvez le faire en vous rendant sur <a href=\"%22https:\/\/adssettings.google.com\/authenticated\">https:\/\/adssettings.google.com\/authenticated<\/a>.<\/p>&#13;\n&#13;\n<h2 class=\"wp-block-heading\">Utilisation des plug-ins de m\u00e9dias sociaux<\/h2>&#13;\n&#13;\n<p>Pour l&#8217;int\u00e9gration d&#8217;\u00e9l\u00e9ments de m\u00e9dias sociaux, nous utilisons des plugins des r\u00e9seaux sociaux YouTube (www.youtube.com) et Facebook (www.facebook.com), qui sont exploit\u00e9s respectivement par les entreprises YouTube, Google Ireland Limited, Barrow Street, Dublin 4, Irlande et Facebook Ireland Ltd, 4 Grand Canal Square, Grand Canal Harbour, Dublin 2, Irlande. Pour utiliser cette fonctionnalit\u00e9, nous utilisons une proc\u00e9dure en deux \u00e9tapes qui vous permet de donner votre consentement au traitement des donn\u00e9es par l&#8217;exploitant des r\u00e9seaux sociaux, conform\u00e9ment \u00e0 l&#8217;article 6, paragraphe 1, point a) du RGPD. Les donn\u00e9es ne sont transmises \u00e0 l&#8217;exploitant du r\u00e9seau social que lorsque vous, en tant qu&#8217;utilisateur, cliquez sur l&#8217;une des ic\u00f4nes affich\u00e9es et acceptez ainsi la transmission de vos donn\u00e9es \u00e0 l&#8217;exploitant du r\u00e9seau social. Ce n&#8217;est qu&#8217;apr\u00e8s un tel consentement qu&#8217;une connexion est \u00e9tablie entre votre navigateur et le r\u00e9seau social concern\u00e9.<\/p>&#13;\n&#13;\n<p>L&#8217;utilisation des plug-ins permet aux r\u00e9seaux sociaux de recevoir des informations sur votre visite sur notre site. Si vous \u00eates connect\u00e9 \u00e0 YouTube ou Facebook pendant votre visite sur notre site, cette visite peut \u00eatre associ\u00e9e \u00e0 votre compte sur le r\u00e9seau social concern\u00e9. Toute interaction avec les plug-ins peut \u00eatre enregistr\u00e9e par l&#8217;op\u00e9rateur du r\u00e9seau social. Vous trouverez des informations sur l&#8217;utilisation des donn\u00e9es collect\u00e9es par les r\u00e9seaux sociaux concern\u00e9s sur les sites web des entreprises :<\/p>&#13;\n&#13;\n<p>YouTube <a href=\"%22https:\/\/www.youtube.com\/intl\/de\/yt\/about\/policies\/#community-guidelines\">: https:\/\/www.youtube.com\/intl\/de\/yt\/about\/policies\/#community-guidelines<\/a><\/p>&#13;\n&#13;\n<p>Facebook <a href=\"%22https:\/\/www.facebook.com\/policy.php\">: https:\/\/www.facebook.com\/policy.php<\/a><\/p>&#13;\n&#13;\n<h2 class=\"wp-block-heading\">Droits en tant que personne concern\u00e9e<\/h2>&#13;\n&#13;\n<p>Vous avez le droit d&#8217;obtenir des informations sur vos donn\u00e9es personnelles. En outre, vous avez le droit de corriger d&#8217;\u00e9ventuelles erreurs, d&#8217;effacer vos donn\u00e9es ou de limiter leur traitement. Parall\u00e8lement, vous pouvez vous opposer au traitement de vos donn\u00e9es et exercer votre droit \u00e0 la transmission de vos donn\u00e9es personnelles dans un format structur\u00e9 et lisible par machine. Si vous souhaitez exercer l&#8217;un de ces droits, nous vous invitons \u00e0 contacter le responsable du traitement.<\/p>&#13;\n&#13;\n<h2 class=\"wp-block-heading\">Droit de recours<\/h2>&#13;\n&#13;\n<p>Vous avez \u00e9galement le droit de d\u00e9poser une plainte aupr\u00e8s d&#8217;une autorit\u00e9 de contr\u00f4le. Pour l&#8217;Autriche, il s&#8217;agit de l&#8217;autorit\u00e9 autrichienne de protection des donn\u00e9es, Barichgasse 40-42, 1030 Vienne, t\u00e9l\u00e9phone : +43 1 52 152-0, e-mail : <a href=\"mailto:dsb@dsb.gv.at\">dsb@dsb.gv.at,<\/a> web <a href=\"%22https:\/\/www.dsb.gv.at\/\">: https:\/\/www.dsb.gv.at\/.<\/a><\/p>&#13;\n","protected":false},"excerpt":{"rendered":"<p>Confidentialit\u00e9 et s\u00e9curit\u00e9 &#13; Notre priorit\u00e9 absolue est la protection de vos donn\u00e9es personnelles. Par cons\u00e9quent, le traitement de vos donn\u00e9es s&#8217;effectue exclusivement en conformit\u00e9 avec le r\u00e8glement g\u00e9n\u00e9ral sur la protection des donn\u00e9es de l&#8217;UE (RGPD) et la loi autrichienne sur la protection des donn\u00e9es, DSG (dans sa version \u00e0 compter du 25 mai [&hellip;]<\/p>\n","protected":false},"author":2,"featured_media":0,"parent":0,"menu_order":0,"comment_status":"closed","ping_status":"open","template":"","meta":{"site-sidebar-layout":"default","site-content-layout":"","ast-site-content-layout":"default","site-content-style":"default","site-sidebar-style":"default","ast-global-header-display":"","ast-banner-title-visibility":"","ast-main-header-display":"","ast-hfb-above-header-display":"","ast-hfb-below-header-display":"","ast-hfb-mobile-header-display":"","site-post-title":"","ast-breadcrumbs-content":"","ast-featured-img":"","footer-sml-layout":"","ast-disable-related-posts":"","theme-transparent-header-meta":"default","adv-header-id-meta":"","stick-header-meta":"default","header-above-stick-meta":"","header-main-stick-meta":"","header-below-stick-meta":"","astra-migrate-meta-layouts":"default","ast-page-background-enabled":"default","ast-page-background-meta":{"desktop":{"background-color":"var(--ast-global-color-4)","background-image":"","background-repeat":"repeat","background-position":"center center","background-size":"auto","background-attachment":"scroll","background-type":"","background-media":"","overlay-type":"","overlay-color":"","overlay-opacity":"","overlay-gradient":""},"tablet":{"background-color":"","background-image":"","background-repeat":"repeat","background-position":"center center","background-size":"auto","background-attachment":"scroll","background-type":"","background-media":"","overlay-type":"","overlay-color":"","overlay-opacity":"","overlay-gradient":""},"mobile":{"background-color":"","background-image":"","background-repeat":"repeat","background-position":"center center","background-size":"auto","background-attachment":"scroll","background-type":"","background-media":"","overlay-type":"","overlay-color":"","overlay-opacity":"","overlay-gradient":""}},"ast-content-background-meta":{"desktop":{"background-color":"var(--ast-global-color-5)","background-image":"","background-repeat":"repeat","background-position":"center center","background-size":"auto","background-attachment":"scroll","background-type":"","background-media":"","overlay-type":"","overlay-color":"","overlay-opacity":"","overlay-gradient":""},"tablet":{"background-color":"var(--ast-global-color-5)","background-image":"","background-repeat":"repeat","background-position":"center center","background-size":"auto","background-attachment":"scroll","background-type":"","background-media":"","overlay-type":"","overlay-color":"","overlay-opacity":"","overlay-gradient":""},"mobile":{"background-color":"var(--ast-global-color-5)","background-image":"","background-repeat":"repeat","background-position":"center center","background-size":"auto","background-attachment":"scroll","background-type":"","background-media":"","overlay-type":"","overlay-color":"","overlay-opacity":"","overlay-gradient":""}},"_themeisle_gutenberg_block_has_review":false,"footnotes":""},"class_list":["post-12938","page","type-page","status-publish","hentry"],"_links":{"self":[{"href":"https:\/\/sunelements.de\/fr\/wp-json\/wp\/v2\/pages\/12938","targetHints":{"allow":["GET"]}}],"collection":[{"href":"https:\/\/sunelements.de\/fr\/wp-json\/wp\/v2\/pages"}],"about":[{"href":"https:\/\/sunelements.de\/fr\/wp-json\/wp\/v2\/types\/page"}],"author":[{"embeddable":true,"href":"https:\/\/sunelements.de\/fr\/wp-json\/wp\/v2\/users\/2"}],"replies":[{"embeddable":true,"href":"https:\/\/sunelements.de\/fr\/wp-json\/wp\/v2\/comments?post=12938"}],"version-history":[{"count":0,"href":"https:\/\/sunelements.de\/fr\/wp-json\/wp\/v2\/pages\/12938\/revisions"}],"wp:attachment":[{"href":"https:\/\/sunelements.de\/fr\/wp-json\/wp\/v2\/media?parent=12938"}],"curies":[{"name":"wp","href":"https:\/\/api.w.org\/{rel}","templated":true}]}}