{"id":15159,"date":"2024-10-10T10:36:54","date_gmt":"2024-10-10T08:36:54","guid":{"rendered":"https:\/\/sunelements.de\/?post_type=product&#038;p=15159"},"modified":"2026-04-20T15:03:05","modified_gmt":"2026-04-20T13:03:05","slug":"summer-garden-deluxe-kopie-kopie-kopie-kopie-2","status":"publish","type":"product","link":"https:\/\/sunelements.de\/en\/shop\/summer-garden-deluxe-kopie-kopie-kopie-kopie-2\/","title":{"rendered":"SunCover Modern"},"content":{"rendered":"<div class=\"elementor-widget-container\"><img decoding=\"async\" class=\"alignright\" title=\"SunElements-at-SunCover-Modern-Pergola-Walls-from-toasted-acrylic-glass\" src=\"https:\/\/sunelements.de\/wp-content\/uploads\/2024\/10\/SunElements-at-SunCover-Modern-Pergola-Waende-aus-getoentem-Acrylglas.png\" alt=\"SunElements-at-SunCover-Modern-Pergola-Walls-from-toasted-acrylic-glass\"><\/div>\n<div class=\"elementor-element elementor-element-c712bb8 elementor-widget elementor-widget-text-editor\" data-id=\"c712bb8\" data-element_type=\"widget\" data-widget_type=\"text-editor.default\">\n<div class=\"elementor-widget-container\">\n<p><b>Stylish design, practical benefits<\/b><br \/>\nThe evenly tinted acrylic glass gives your outdoor area an elegant yet functional character. It protects your furniture from harmful UVA and UVB rays without making the room too dark. This keeps your patio airy, bright and stylish.  <\/p>\n<p><b>Luxury in your garden<\/b><br \/>\nTransform your outdoor area into an elegant oasis with the SunCover Modern. The luxurious design and high-quality finish make this pergola the ideal retreat for spending time outdoors in style and protection. <\/p>\n<p><b>Individual design options for your SunCover<\/b><br \/>\nWith the SunCover Modern freestanding patio cover, you can design your outdoor area exactly how you want it. Integrate photovoltaic modules into the tinted walls or roof and extend the pergola with additional accessories such as rainwater downpipes for controlled drainage of the guttering, wall and ceiling pleated blinds for the necessary shade or privacy, additional wall elements and interior cladding to make the space even more comfortable. For secure fastening, you can choose from various foundation types that offer both stability and visual harmony.  <\/p>\n<p>&nbsp;<\/p>\n<\/div>\n<\/div>\n<p><strong><img decoding=\"async\" class=\"size-full wp-image-8569\" src=\"https:\/\/sunelements.de\/wp-content\/uploads\/2023\/11\/SunElements-at-Logo-Icon-orange.png\" alt=\"SunElements-at-Logo-Icon-orange\" width=\"40\" height=\"34\"> Advantages<\/strong><\/p>\n<ul>\n<li>20-year guarantee<\/li>\n<li>Made in Austria &amp; Germany<\/li>\n<li>Construction from high-quality materials<\/li>\n<li>200 kg\/m\u00b2 snow load; wind force 13<\/li>\n<li>Simple assembly thanks to plug &amp; screw system<\/li>\n<li>Expandable with photovoltaic modules on the roof and wall<\/li>\n<\/ul>\n<div class=\"elementor-widget-container\">\n<p>&nbsp;<\/p>\n<p><strong><img decoding=\"async\" class=\"size-full wp-image-8569\" src=\"https:\/\/sunelements.de\/wp-content\/uploads\/2023\/11\/SunElements-at-Logo-Icon-orange.png\" alt=\"SunElements-at-Logo-Icon-orange\" width=\"40\" height=\"34\"> W\u00e4hlen Sie zwischen 3 Gr\u00f6\u00dfen von 5,5 m\u00b2 bis 10 m\u00b2.<\/strong><br \/>\n<span style=\"font-style: inherit; font-weight: inherit; background-color: var(--ast-global-color-5); color: var(--ast-global-color-2);\">The light blue line symbolizes the gutter and is located on the opposite side of the specified rear wall. Water drainage is optionally possible at both ends. <\/span><\/p>\n<\/div>\n<div class=\"elementor-element elementor-element-e4faa6b elementor-widget elementor-widget-image\" data-id=\"e4faa6b\" data-element_type=\"widget\" data-widget_type=\"image.default\">\n<div class=\"elementor-widget-container\"><img fetchpriority=\"high\" decoding=\"async\" class=\"attachment-full wp-image-8639 aligncenter\" src=\"https:\/\/sunelements.de\/wp-content\/uploads\/2024\/10\/SunElements.at_SunCover-Pergola-Groessen-frei-waehlen-1200x441-1.jpg\" sizes=\"(max-width: 1200px) 100vw, 1200px\" srcset=\"https:\/\/sunelements.de\/wp-content\/uploads\/2024\/10\/SunElements.at_SunCover-Pergola-Groessen-frei-waehlen-1200x441-1.jpg 1200w, https:\/\/sunelements.de\/wp-content\/uploads\/2024\/10\/SunElements.at_SunCover-Pergola-Groessen-frei-waehlen-300x110-1.jpg 300w, https:\/\/sunelements.de\/wp-content\/uploads\/2024\/10\/SunElements.at_SunCover-Pergola-Groessen-frei-waehlen-1024x376-1.jpg 1024w, https:\/\/sunelements.de\/wp-content\/uploads\/2024\/10\/SunElements.at_SunCover-Pergola-Groessen-frei-waehlen-768x282-1.jpg 768w, https:\/\/sunelements.de\/wp-content\/uploads\/2024\/10\/SunElements.at_SunCover-Pergola-Groessen-frei-waehlen-600x220-1.jpg 600w\" alt=\"SunElements-at-SunGarden-Greenhouse-Sizes-free-choice\" width=\"854\" height=\"407\"><\/div>\n<\/div>\n","protected":false},"excerpt":{"rendered":"<p>Walls and roof made of <strong>6 mm tinted acrylic glass<\/strong><\/p>\n","protected":false},"featured_media":15149,"template":"","meta":{"site-sidebar-layout":"default","site-content-layout":"default","ast-site-content-layout":"default","site-content-style":"default","site-sidebar-style":"default","ast-global-header-display":"","ast-banner-title-visibility":"","ast-main-header-display":"","ast-hfb-above-header-display":"","ast-hfb-below-header-display":"","ast-hfb-mobile-header-display":"","site-post-title":"","ast-breadcrumbs-content":"","ast-featured-img":"","footer-sml-layout":"","ast-disable-related-posts":"","theme-transparent-header-meta":"default","adv-header-id-meta":"","stick-header-meta":"default","header-above-stick-meta":"","header-main-stick-meta":"","header-below-stick-meta":"","astra-migrate-meta-layouts":"set","ast-page-background-enabled":"default","ast-page-background-meta":{"desktop":{"background-color":"var(--ast-global-color-4)","background-image":"","background-repeat":"repeat","background-position":"center center","background-size":"auto","background-attachment":"scroll","background-type":"","background-media":"","overlay-type":"","overlay-color":"","overlay-opacity":"","overlay-gradient":""},"tablet":{"background-color":"","background-image":"","background-repeat":"repeat","background-position":"center center","background-size":"auto","background-attachment":"scroll","background-type":"","background-media":"","overlay-type":"","overlay-color":"","overlay-opacity":"","overlay-gradient":""},"mobile":{"background-color":"","background-image":"","background-repeat":"repeat","background-position":"center center","background-size":"auto","background-attachment":"scroll","background-type":"","background-media":"","overlay-type":"","overlay-color":"","overlay-opacity":"","overlay-gradient":""}},"ast-content-background-meta":{"desktop":{"background-color":"var(--ast-global-color-5)","background-image":"","background-repeat":"repeat","background-position":"center center","background-size":"auto","background-attachment":"scroll","background-type":"","background-media":"","overlay-type":"","overlay-color":"","overlay-opacity":"","overlay-gradient":""},"tablet":{"background-color":"var(--ast-global-color-5)","background-image":"","background-repeat":"repeat","background-position":"center center","background-size":"auto","background-attachment":"scroll","background-type":"","background-media":"","overlay-type":"","overlay-color":"","overlay-opacity":"","overlay-gradient":""},"mobile":{"background-color":"var(--ast-global-color-5)","background-image":"","background-repeat":"repeat","background-position":"center center","background-size":"auto","background-attachment":"scroll","background-type":"","background-media":"","overlay-type":"","overlay-color":"","overlay-opacity":"","overlay-gradient":""}},"_themeisle_gutenberg_block_has_review":false},"product_brand":[],"product_cat":[109],"product_tag":[],"class_list":{"0":"post-15159","1":"product","2":"type-product","3":"status-publish","4":"has-post-thumbnail","6":"product_cat-suncover-design-pergola","7":"desktop-align-center","8":"tablet-align-left","9":"mobile-align-left","10":"ast-product-gallery-layout-horizontal-slider","11":"ast-product-tabs-layout-accordion","12":"tm-has-options","14":"first","15":"instock","16":"taxable","17":"shipping-taxable","18":"purchasable","19":"product-type-simple"},"_links":{"self":[{"href":"https:\/\/sunelements.de\/en\/wp-json\/wp\/v2\/product\/15159","targetHints":{"allow":["GET"]}}],"collection":[{"href":"https:\/\/sunelements.de\/en\/wp-json\/wp\/v2\/product"}],"about":[{"href":"https:\/\/sunelements.de\/en\/wp-json\/wp\/v2\/types\/product"}],"wp:featuredmedia":[{"embeddable":true,"href":"https:\/\/sunelements.de\/en\/wp-json\/wp\/v2\/media\/15149"}],"wp:attachment":[{"href":"https:\/\/sunelements.de\/en\/wp-json\/wp\/v2\/media?parent=15159"}],"wp:term":[{"taxonomy":"product_brand","embeddable":true,"href":"https:\/\/sunelements.de\/en\/wp-json\/wp\/v2\/product_brand?post=15159"},{"taxonomy":"product_cat","embeddable":true,"href":"https:\/\/sunelements.de\/en\/wp-json\/wp\/v2\/product_cat?post=15159"},{"taxonomy":"product_tag","embeddable":true,"href":"https:\/\/sunelements.de\/en\/wp-json\/wp\/v2\/product_tag?post=15159"}],"curies":[{"name":"wp","href":"https:\/\/api.w.org\/{rel}","templated":true}]}}